{"id":715641,"date":"2025-08-27T17:33:21","date_gmt":"2025-08-27T14:33:21","guid":{"rendered":"https:\/\/roveyayinevi.com.tr\/index.php\/urun\/usta\/"},"modified":"2026-04-16T02:23:51","modified_gmt":"2026-04-15T23:23:51","slug":"usta","status":"publish","type":"product","link":"https:\/\/roveyayinevi.com.tr\/index.php\/urun\/usta\/","title":{"rendered":"Usta"},"content":{"rendered":"<p>Bozk\u0131r ayaz\u0131na tutulmu\u015f\u00e7as\u0131na uyu\u015fur parmaklar\u0131n\u0131z da yine ruhunuzun o ince aksine tepkisiz kalamazs\u0131n\u0131z. Nefesinizden \u00fcfler, nefsinizden yontars\u0131n\u0131z onu. Her seferinde \u015fekil al\u0131r k\u0131r\u0131k d\u00f6k\u00fck vicdan\u0131n\u0131z. Af dilersiniz birbiri ard\u0131na\u2026 Tespih bu; sab\u0131r \u00e7ektirir, ah \u00e7ektirir. Ama hep \u00e7ektirir. T\u0131pk\u0131 kader gibi. Hep size \u00e7ektirir. Rengini y\u00e2rin g\u00f6zlerinden al\u0131r kimi zaman, kimi zamansa zifiri karanl\u0131ktan. Ama huzuru her daim Yaradan&#8217;dan. Hayat\u0131n ayaz\u0131n\u0131 ci\u011ferine \u00e7ekmi\u015f, kendi gibi so\u011fuk ta\u015flarda deva bulan bir usta. So\u011fuk ta\u015flar\u0131 g\u00f6nl\u00fcn\u00fcn ate\u015finde \u0131s\u0131tan bir kad\u0131n. Ve tespihe dizilir gibi ard\u0131 ard\u0131na dizilen kehribar rengi ac\u0131lar&#8230; Usta&#8217;n\u0131n a\u015fk\u0131 size sabr\u0131 \u00f6\u011fretecek ince ince.  <\/p>\n","protected":false},"excerpt":{"rendered":"<p>Bozk\u0131r ayaz\u0131na tutulmu\u015f\u00e7as\u0131na uyu\u015fur parmaklar\u0131n\u0131z da yine ruhunuzun o ince aksine tepkisiz kalamazs\u0131n\u0131z. Nefesinizden \u00fcfler, nefsinizden yontars\u0131n\u0131z onu. Her seferinde \u015fekil al\u0131r k\u0131r\u0131k d\u00f6k\u00fck vicdan\u0131n\u0131z. Af<span class=\"excerpt-hellip\"> [\u2026]<\/span><\/p>\n","protected":false},"featured_media":0,"template":"","meta":{"_monsterinsights_skip_tracking":false,"_monsterinsights_sitenote_active":false,"_monsterinsights_sitenote_note":"","_monsterinsights_sitenote_category":0},"product_brand":[],"product_cat":[14643,12291],"product_tag":[],"class_list":{"0":"post-715641","1":"product","2":"type-product","3":"status-publish","5":"product_cat-ask","6":"product_cat-edebiyat","7":"pa_cilt-ciltsiz","8":"pa_tur-kitap","9":"pa_yayinevi-muptela-yayinevi","10":"pa_yazar-ozge-erkin","12":"first","13":"instock","14":"sale","15":"shipping-taxable","16":"purchasable","17":"product-type-simple"},"_links":{"self":[{"href":"https:\/\/roveyayinevi.com.tr\/index.php\/wp-json\/wp\/v2\/product\/715641","targetHints":{"allow":["GET"]}}],"collection":[{"href":"https:\/\/roveyayinevi.com.tr\/index.php\/wp-json\/wp\/v2\/product"}],"about":[{"href":"https:\/\/roveyayinevi.com.tr\/index.php\/wp-json\/wp\/v2\/types\/product"}],"wp:attachment":[{"href":"https:\/\/roveyayinevi.com.tr\/index.php\/wp-json\/wp\/v2\/media?parent=715641"}],"wp:term":[{"taxonomy":"product_brand","embeddable":true,"href":"https:\/\/roveyayinevi.com.tr\/index.php\/wp-json\/wp\/v2\/product_brand?post=715641"},{"taxonomy":"product_cat","embeddable":true,"href":"https:\/\/roveyayinevi.com.tr\/index.php\/wp-json\/wp\/v2\/product_cat?post=715641"},{"taxonomy":"product_tag","embeddable":true,"href":"https:\/\/roveyayinevi.com.tr\/index.php\/wp-json\/wp\/v2\/product_tag?post=715641"}],"curies":[{"name":"wp","href":"https:\/\/api.w.org\/{rel}","templated":true}]}}