{"id":715640,"date":"2025-08-27T17:33:20","date_gmt":"2025-08-27T14:33:20","guid":{"rendered":"https:\/\/roveyayinevi.com.tr\/index.php\/urun\/gucenmedim-dersem-yalan-olur\/"},"modified":"2026-04-16T02:23:51","modified_gmt":"2026-04-15T23:23:51","slug":"gucenmedim-dersem-yalan-olur","status":"publish","type":"product","link":"https:\/\/roveyayinevi.com.tr\/index.php\/urun\/gucenmedim-dersem-yalan-olur\/","title":{"rendered":"G\u00fccenmedim Dersem Yalan Olur"},"content":{"rendered":"<p>\u201cPazar g\u00fcnleri konser program\u0131n\u0131 y\u00f6netmesi ve ya\u015f\u00e7a benden \u00e7ok \u00e7ok b\u00fcy\u00fck olmas\u0131 d\u0131\u015f\u0131nda hakk\u0131nda hi\u00e7bir \u015fey bilmiyordum. \u015eimdi olsa internete girer, sabah kahvalt\u0131da ka\u00e7 zeytin yedi\u011finden; ge\u00e7en sene tatilde giydi\u011fi lacivert mayosunu ka\u00e7 liraya ald\u0131\u011f\u0131na kadar her \u015feyi, iki dakikada \u00f6\u011frenebilirdim ama o zaman internet falan yok. Arama motoru olarak ansiklopedi kulland\u0131\u011f\u0131m\u0131z y\u0131llar. Biri hakk\u0131nda bilgi sahibi olmam\u0131z gerekti\u011finde mahallede tahkikat yapt\u0131rmak d\u0131\u015f\u0131nda ba\u015fka olana\u011f\u0131m\u0131z da yok. \u0130\u015fte, Hikmet\u2019i bu m\u00fcmk\u00fcns\u00fczl\u00fckler i\u00e7erisinde; fakat kalbimin t\u00fcm imk\u00e2nlar\u0131 ile seviyordum.\u201d Alt\u0131n g\u00fcnlerindeki k\u0131s\u0131r\u0131n g\u00fcc\u00fcne, karne hediyesi bisiklete atlay\u0131p evden ka\u00e7\u0131labilece\u011fine, radyonun i\u00e7indeki k\u00fc\u00e7\u00fck insanlara ve d\u00fcnyan\u0131n, \u00e7ekirdek yiyerek gidilebilen; mahallenin o en uzak k\u00f6\u015fesi kadar b\u00fcy\u00fcl\u00fc bir yer oldu\u011funa inananlara; h\u00e2l\u00e2 inanlara&#8230; Ihlamur G\u00fcnl\u00fckleri&#8217;yle tan\u0131\u015ft\u0131\u011f\u0131m\u0131z Ba\u015fak Bu\u011fday, g\u00fclmekten g\u00f6zlerimizi ya\u015fart\u0131rken i\u00e7imizdeki o eski yaraya dokunuyor. <\/p>\n","protected":false},"excerpt":{"rendered":"<p>\u201cPazar g\u00fcnleri konser program\u0131n\u0131 y\u00f6netmesi ve ya\u015f\u00e7a benden \u00e7ok \u00e7ok b\u00fcy\u00fck olmas\u0131 d\u0131\u015f\u0131nda hakk\u0131nda hi\u00e7bir \u015fey bilmiyordum. \u015eimdi olsa internete girer, sabah kahvalt\u0131da ka\u00e7 zeytin yedi\u011finden;<span class=\"excerpt-hellip\"> [\u2026]<\/span><\/p>\n","protected":false},"featured_media":0,"template":"","meta":{"_monsterinsights_skip_tracking":false,"_monsterinsights_sitenote_active":false,"_monsterinsights_sitenote_note":"","_monsterinsights_sitenote_category":0},"product_brand":[],"product_cat":[12291,12711],"product_tag":[],"class_list":{"0":"post-715640","1":"product","2":"type-product","3":"status-publish","5":"product_cat-edebiyat","6":"product_cat-roman-oyku","7":"pa_cilt-ciltsiz","8":"pa_tur-kitap","9":"pa_yayinevi-ithaki-yayinlari","10":"pa_yazar-basak-bugday","12":"first","13":"instock","14":"sale","15":"shipping-taxable","16":"purchasable","17":"product-type-simple"},"_links":{"self":[{"href":"https:\/\/roveyayinevi.com.tr\/index.php\/wp-json\/wp\/v2\/product\/715640","targetHints":{"allow":["GET"]}}],"collection":[{"href":"https:\/\/roveyayinevi.com.tr\/index.php\/wp-json\/wp\/v2\/product"}],"about":[{"href":"https:\/\/roveyayinevi.com.tr\/index.php\/wp-json\/wp\/v2\/types\/product"}],"wp:attachment":[{"href":"https:\/\/roveyayinevi.com.tr\/index.php\/wp-json\/wp\/v2\/media?parent=715640"}],"wp:term":[{"taxonomy":"product_brand","embeddable":true,"href":"https:\/\/roveyayinevi.com.tr\/index.php\/wp-json\/wp\/v2\/product_brand?post=715640"},{"taxonomy":"product_cat","embeddable":true,"href":"https:\/\/roveyayinevi.com.tr\/index.php\/wp-json\/wp\/v2\/product_cat?post=715640"},{"taxonomy":"product_tag","embeddable":true,"href":"https:\/\/roveyayinevi.com.tr\/index.php\/wp-json\/wp\/v2\/product_tag?post=715640"}],"curies":[{"name":"wp","href":"https:\/\/api.w.org\/{rel}","templated":true}]}}