{"id":715639,"date":"2025-08-27T17:33:19","date_gmt":"2025-08-27T14:33:19","guid":{"rendered":"https:\/\/roveyayinevi.com.tr\/index.php\/urun\/kadinlar-ulkesi\/"},"modified":"2026-04-16T02:23:51","modified_gmt":"2026-04-15T23:23:51","slug":"kadinlar-ulkesi","status":"publish","type":"product","link":"https:\/\/roveyayinevi.com.tr\/index.php\/urun\/kadinlar-ulkesi\/","title":{"rendered":"Kad\u0131nlar \u00dclkesi"},"content":{"rendered":"<p>\u201cKad\u0131nlar \u00dclkesi kad\u0131nlar\u0131n neler yapabilece\u011fini incelik ve zarafetle anlatan, g\u00fcl\u00fcmseten bir \u00fctopya.\u201d Marge Piercy \u201cAlt\u0131n \u00c7a\u011f bilimkurgular\u0131n\u0131n tad\u0131n\u0131 veren ve g\u00fcn\u00fcm\u00fczde h\u00e2l\u00e2 ge\u00e7erlili\u011fini koruyan bir eser.\u201d Joanna Russ Charlotte Perkins Gilman ya\u015fad\u0131\u011f\u0131 d\u00f6nemin \u00f6nde gelen h\u00fcmanistlerinden ve kad\u0131n haklar\u0131 savunucular\u0131ndan biri olmas\u0131n\u0131n yan\u0131nda feminist edebiyat\u0131n en \u00f6nemli erken d\u00f6nem temsilcilerinden. Yaz\u0131ld\u0131ktan yakla\u015f\u0131k 65 sene sonra kitap format\u0131nda yay\u0131mlanabilen Kad\u0131nlar \u00dclkesi ise feminist \u00fctopyan\u0131n ilk \u00f6rneklerinden. Birinci D\u00fcnya Sava\u015f\u0131\u2019n\u0131n arifesinde \u00fc\u00e7 Amerikal\u0131 erkek pek fazla insan\u0131n bulunmad\u0131\u011f\u0131, \u00fccra bir yerde, tamamen kad\u0131nlardan olu\u015fan bir toplulu\u011fa denk gelir. G\u00f6zlerine inanamayan k\u00e2\u015fifler bu topraklarda erkeklerin de olmas\u0131 gerekti\u011fine dair inan\u00e7lar\u0131yla ara\u015ft\u0131rmalar\u0131na ba\u015flar. \u00c7ok ge\u00e7meden bu gizemli \u00fclke ile ilgili ger\u00e7ekler bir bir a\u00e7\u0131\u011fa \u00e7\u0131ksa da misafirlerin merak\u0131 giderilmenin aksine daha da artar ve Kad\u0131nlar \u00dclkesi\u2019nin y\u00f6netim bi\u00e7iminden inan\u00e7lar\u0131na, k\u00fclt\u00fcr\u00fcnden ekonomisine ve hatta anneli\u011fe kadar pek \u00e7ok konuda bilgi sahibi olmaya ve toplumsal cinsiyet rollerini sorgulamaya ba\u015flarlar. Toplumsal roller cinsiyete g\u00f6re belirlenebilir mi? Kad\u0131nl\u0131k ve erkeklik de\u011fi\u015fmez kavramlar m\u0131d\u0131r? <\/p>\n","protected":false},"excerpt":{"rendered":"<p>\u201cKad\u0131nlar \u00dclkesi kad\u0131nlar\u0131n neler yapabilece\u011fini incelik ve zarafetle anlatan, g\u00fcl\u00fcmseten bir \u00fctopya.\u201d Marge Piercy \u201cAlt\u0131n \u00c7a\u011f bilimkurgular\u0131n\u0131n tad\u0131n\u0131 veren ve g\u00fcn\u00fcm\u00fczde h\u00e2l\u00e2 ge\u00e7erlili\u011fini koruyan bir eser.\u201d<span class=\"excerpt-hellip\"> [\u2026]<\/span><\/p>\n","protected":false},"featured_media":0,"template":"","meta":{"_monsterinsights_skip_tracking":false,"_monsterinsights_sitenote_active":false,"_monsterinsights_sitenote_note":"","_monsterinsights_sitenote_category":0},"product_brand":[],"product_cat":[12291,14777],"product_tag":[],"class_list":{"0":"post-715639","1":"product","2":"type-product","3":"status-publish","5":"product_cat-edebiyat","6":"product_cat-fantastik","7":"pa_cilt-ciltsiz","8":"pa_tur-kitap","9":"pa_yayinevi-ithaki-yayinlari","10":"pa_yazar-charlotte-perkins-gilman","12":"first","13":"instock","14":"sale","15":"shipping-taxable","16":"purchasable","17":"product-type-simple"},"_links":{"self":[{"href":"https:\/\/roveyayinevi.com.tr\/index.php\/wp-json\/wp\/v2\/product\/715639","targetHints":{"allow":["GET"]}}],"collection":[{"href":"https:\/\/roveyayinevi.com.tr\/index.php\/wp-json\/wp\/v2\/product"}],"about":[{"href":"https:\/\/roveyayinevi.com.tr\/index.php\/wp-json\/wp\/v2\/types\/product"}],"wp:attachment":[{"href":"https:\/\/roveyayinevi.com.tr\/index.php\/wp-json\/wp\/v2\/media?parent=715639"}],"wp:term":[{"taxonomy":"product_brand","embeddable":true,"href":"https:\/\/roveyayinevi.com.tr\/index.php\/wp-json\/wp\/v2\/product_brand?post=715639"},{"taxonomy":"product_cat","embeddable":true,"href":"https:\/\/roveyayinevi.com.tr\/index.php\/wp-json\/wp\/v2\/product_cat?post=715639"},{"taxonomy":"product_tag","embeddable":true,"href":"https:\/\/roveyayinevi.com.tr\/index.php\/wp-json\/wp\/v2\/product_tag?post=715639"}],"curies":[{"name":"wp","href":"https:\/\/api.w.org\/{rel}","templated":true}]}}