{"id":715638,"date":"2025-08-27T17:33:19","date_gmt":"2025-08-27T14:33:19","guid":{"rendered":"https:\/\/roveyayinevi.com.tr\/index.php\/urun\/dokudunya\/"},"modified":"2026-04-16T02:23:51","modified_gmt":"2026-04-15T23:23:51","slug":"dokudunya","status":"publish","type":"product","link":"https:\/\/roveyayinevi.com.tr\/index.php\/urun\/dokudunya\/","title":{"rendered":"Dokud\u00fcnya"},"content":{"rendered":"<p>\u201cClive Barker o kadar iyi bir yazar ki her okudu\u011fumda nutkum tutuluyor.\u201d Stephen King \u201c\u00c7a\u011f\u0131m\u0131z\u0131n en b\u00fcy\u00fck d\u00fc\u015f ustalar\u0131ndan.\u201d Quentin Tarantino \u201cClive Barker, Lovecraft\u2019tan sonra, bir t\u00fcr\u00fc b\u00fct\u00fcn\u00fcyle de\u011fi\u015ftirmi\u015f nadir yazarlardan.\u201d China Mieville Yazar, sanat\u00e7\u0131 ve y\u00f6netmen Clive Barker, 30 y\u0131ldan uzun bir s\u00fcredir k\u00e2buslar\u0131n\u0131 bizimle payla\u015fmaya devam ediyor. Dokud\u00fcnya da ancak Barker\u2019\u0131n zihninden \u00e7\u0131kabilecek bir \u00f6l\u00e7ekte, korkunun fantastikle harmanland\u0131\u011f\u0131 bir epik. K\u00e2hinsoylular denen bir t\u00fcr, uzun y\u0131llar insanlar aras\u0131nda ya\u015fam\u0131\u015f, b\u00fcy\u00fc g\u00fcc\u00fcne sahip varl\u0131klard\u0131. Fakat Musibet denen bir k\u00f6t\u00fcl\u00fck K\u00e2hinsoylular\u0131 avlamaya ba\u015flay\u0131nca onlar da t\u00fcm g\u00fc\u00e7lerini ayr\u0131 bir d\u00fczlem yaratmaya harcad\u0131lar. Bir hal\u0131n\u0131n desenlerinde gizlenen bu d\u00fczlemde hem Musibet\u2019ten hem de habis insanlardan uzakta hayatlar\u0131n\u0131 s\u00fcrd\u00fcrmeye devam ettiler. Dokud\u00fcnya denen bu d\u00fczlemin her zaman bir insan gardiyan\u0131 olurdu. Fakat son gardiyan ya\u015fl\u0131 Mimi \u00f6l\u00fcm d\u00f6\u015fe\u011findeydi ve d\u00fczlem art\u0131k korumas\u0131zd\u0131. Dokud\u00fcnya\u2019n\u0131n pe\u015findeki gizemli g\u00fc\u00e7ler hal\u0131y\u0131 ele ge\u00e7irmek i\u00e7in harekete ge\u00e7ti\u011finde kar\u015f\u0131lar\u0131nda Mimi\u2019nin torunu Suzanna\u2019y\u0131 ve Cal isimli bir genci bulacaklard\u0131. Bir yerlerde, Musibet de k\u0131p\u0131rdanmaya ba\u015flam\u0131\u015ft\u0131. <\/p>\n","protected":false},"excerpt":{"rendered":"<p>\u201cClive Barker o kadar iyi bir yazar ki her okudu\u011fumda nutkum tutuluyor.\u201d Stephen King \u201c\u00c7a\u011f\u0131m\u0131z\u0131n en b\u00fcy\u00fck d\u00fc\u015f ustalar\u0131ndan.\u201d Quentin Tarantino \u201cClive Barker, Lovecraft\u2019tan sonra, bir<span class=\"excerpt-hellip\"> [\u2026]<\/span><\/p>\n","protected":false},"featured_media":0,"template":"","meta":{"_monsterinsights_skip_tracking":false,"_monsterinsights_sitenote_active":false,"_monsterinsights_sitenote_note":"","_monsterinsights_sitenote_category":0},"product_brand":[],"product_cat":[12291,17033],"product_tag":[],"class_list":{"0":"post-715638","1":"product","2":"type-product","3":"status-publish","5":"product_cat-edebiyat","6":"product_cat-korku-gerilim","7":"pa_cilt-ciltsiz","8":"pa_tur-kitap","9":"pa_yayinevi-ithaki-yayinlari","10":"pa_yazar-clive-barker","12":"first","13":"instock","14":"sale","15":"shipping-taxable","16":"purchasable","17":"product-type-simple"},"_links":{"self":[{"href":"https:\/\/roveyayinevi.com.tr\/index.php\/wp-json\/wp\/v2\/product\/715638","targetHints":{"allow":["GET"]}}],"collection":[{"href":"https:\/\/roveyayinevi.com.tr\/index.php\/wp-json\/wp\/v2\/product"}],"about":[{"href":"https:\/\/roveyayinevi.com.tr\/index.php\/wp-json\/wp\/v2\/types\/product"}],"wp:attachment":[{"href":"https:\/\/roveyayinevi.com.tr\/index.php\/wp-json\/wp\/v2\/media?parent=715638"}],"wp:term":[{"taxonomy":"product_brand","embeddable":true,"href":"https:\/\/roveyayinevi.com.tr\/index.php\/wp-json\/wp\/v2\/product_brand?post=715638"},{"taxonomy":"product_cat","embeddable":true,"href":"https:\/\/roveyayinevi.com.tr\/index.php\/wp-json\/wp\/v2\/product_cat?post=715638"},{"taxonomy":"product_tag","embeddable":true,"href":"https:\/\/roveyayinevi.com.tr\/index.php\/wp-json\/wp\/v2\/product_tag?post=715638"}],"curies":[{"name":"wp","href":"https:\/\/api.w.org\/{rel}","templated":true}]}}