{"id":715637,"date":"2025-08-27T17:33:18","date_gmt":"2025-08-27T14:33:18","guid":{"rendered":"https:\/\/roveyayinevi.com.tr\/index.php\/urun\/elden-bittim\/"},"modified":"2026-04-16T02:23:51","modified_gmt":"2026-04-15T23:23:51","slug":"elden-bittim","status":"publish","type":"product","link":"https:\/\/roveyayinevi.com.tr\/index.php\/urun\/elden-bittim\/","title":{"rendered":"Elden Bittim"},"content":{"rendered":"<p>\u201cBir be\u015fikti a\u015fk Ama uzun s\u00fcre sallamad\u0131 beni. Bir g\u00fczel uyuttu sallamadan. Geldi ge\u00e7ti yan\u0131mdan Sal\u0131na sal\u0131na. Neden sonra a\u00e7\u0131ld\u0131 g\u00f6z\u00fcm, uykum, sesim. A\u00e7\u0131ld\u0131 k\u00e2\u011f\u0131tlar. Ve elden bittim.\u201d Birol Namo\u011flu \u015fiirleri Fatih Uysal\u2019\u0131n foto\u011fraflar\u0131yla farkl\u0131 bir boyut kazan\u0131yor. \u0130\u00e7imizden akan, akarken bir \u015feyleri y\u0131kan, da\u011f\u0131tan bazen de iyile\u015ftiren m\u0131sralar dilimize pelesenk olmaya aday; t\u0131pk\u0131 \u015fark\u0131lar gibi\u2026<\/p>\n","protected":false},"excerpt":{"rendered":"<p>\u201cBir be\u015fikti a\u015fk Ama uzun s\u00fcre sallamad\u0131 beni. Bir g\u00fczel uyuttu sallamadan. Geldi ge\u00e7ti yan\u0131mdan Sal\u0131na sal\u0131na. Neden sonra a\u00e7\u0131ld\u0131 g\u00f6z\u00fcm, uykum, sesim. A\u00e7\u0131ld\u0131 k\u00e2\u011f\u0131tlar. Ve<span class=\"excerpt-hellip\"> [\u2026]<\/span><\/p>\n","protected":false},"featured_media":0,"template":"","meta":{"_monsterinsights_skip_tracking":false,"_monsterinsights_sitenote_active":false,"_monsterinsights_sitenote_note":"","_monsterinsights_sitenote_category":0},"product_brand":[],"product_cat":[12291,12509],"product_tag":[],"class_list":{"0":"post-715637","1":"product","2":"type-product","3":"status-publish","5":"product_cat-edebiyat","6":"product_cat-siir","7":"pa_cilt-ciltsiz","8":"pa_tur-kitap","9":"pa_yayinevi-ithaki-yayinlari","10":"pa_yazar-birol-namoglu-fatih-uysal","12":"first","13":"instock","14":"sale","15":"shipping-taxable","16":"purchasable","17":"product-type-simple"},"_links":{"self":[{"href":"https:\/\/roveyayinevi.com.tr\/index.php\/wp-json\/wp\/v2\/product\/715637","targetHints":{"allow":["GET"]}}],"collection":[{"href":"https:\/\/roveyayinevi.com.tr\/index.php\/wp-json\/wp\/v2\/product"}],"about":[{"href":"https:\/\/roveyayinevi.com.tr\/index.php\/wp-json\/wp\/v2\/types\/product"}],"wp:attachment":[{"href":"https:\/\/roveyayinevi.com.tr\/index.php\/wp-json\/wp\/v2\/media?parent=715637"}],"wp:term":[{"taxonomy":"product_brand","embeddable":true,"href":"https:\/\/roveyayinevi.com.tr\/index.php\/wp-json\/wp\/v2\/product_brand?post=715637"},{"taxonomy":"product_cat","embeddable":true,"href":"https:\/\/roveyayinevi.com.tr\/index.php\/wp-json\/wp\/v2\/product_cat?post=715637"},{"taxonomy":"product_tag","embeddable":true,"href":"https:\/\/roveyayinevi.com.tr\/index.php\/wp-json\/wp\/v2\/product_tag?post=715637"}],"curies":[{"name":"wp","href":"https:\/\/api.w.org\/{rel}","templated":true}]}}