{"id":715636,"date":"2025-08-27T17:32:48","date_gmt":"2025-08-27T14:32:48","guid":{"rendered":"https:\/\/roveyayinevi.com.tr\/index.php\/urun\/at-kitabi-resim-sanatinda-atlar\/"},"modified":"2026-04-16T02:23:51","modified_gmt":"2026-04-15T23:23:51","slug":"at-kitabi-resim-sanatinda-atlar","status":"publish","type":"product","link":"https:\/\/roveyayinevi.com.tr\/index.php\/urun\/at-kitabi-resim-sanatinda-atlar\/","title":{"rendered":"At Kitab\u0131 &#8211; Resim Sanat\u0131nda Atlar"},"content":{"rendered":"<p>Kimi zaman en yak\u0131n dostlar\u0131m\u0131z, kimi zaman koruyucular\u0131m\u0131z, kimi zaman sevdi\u011fimiz kitaplar\u0131n sevdi\u011fimiz kahramanlar\u0131\u2026 Zek\u00e2lar\u0131yla bizi hayrete d\u00fc\u015f\u00fcren, tatl\u0131l\u0131klar\u0131yla en k\u00f6t\u00fc g\u00fcnlerimizi bile g\u00fczelle\u015ftiren, varl\u0131klar\u0131yla umut veren hayvan dostlar\u0131m\u0131z bu defa da resim sanat\u0131ndaki yans\u0131malar\u0131yla kar\u015f\u0131m\u0131zda. hep kitap; Ke- di Kitab\u0131, K\u00f6pek Kitab\u0131, Ku\u015f Kitab\u0131\u2019ndan sonra insanl\u0131k tarihini s\u0131rt\u0131nda ta\u015f\u0131yan dostlar\u0131m\u0131z\u0131n kitab\u0131n\u0131 hayvansever okurlarla bulu\u015fturuyor. At Kitab\u0131; Resim Sanat\u0131nda Atlar.\u0130lkel insan atlar\u0131 yemektense dizginleyerek g\u00fc\u00e7lerinden faydalan- man\u0131n daha iyi olaca\u011f\u0131na karar verdi\u011finde, y\u0131llara meydan okuyan dostlu\u011fun temelleri at\u0131lm\u0131\u015f oldu. \u0130nsanlar bu g\u00fczel ve asil dost- lar\u0131na b\u00fcy\u00fck bir sadakatle ba\u011fland\u0131. \u00d6nce ma\u011fara duvarlar\u0131nda, sonra da k\u00e2\u011f\u0131t ve tuval \u00fcst\u00fcnde, atlara duyduklar\u0131 sevgiyi g\u00f6zler \u00f6n\u00fcne serdiler. D\u00fcnyan\u0131n d\u00f6rt bir yan\u0131ndan ressamlar ve ill\u00fcstra- t\u00f6rlerin \u00e7izimleriyle At Kitab\u0131 da bu sadakat ve sevginin sanatsal kan\u0131t\u0131! <\/p>\n","protected":false},"excerpt":{"rendered":"<p>Kimi zaman en yak\u0131n dostlar\u0131m\u0131z, kimi zaman koruyucular\u0131m\u0131z, kimi zaman sevdi\u011fimiz kitaplar\u0131n sevdi\u011fimiz kahramanlar\u0131\u2026 Zek\u00e2lar\u0131yla bizi hayrete d\u00fc\u015f\u00fcren, tatl\u0131l\u0131klar\u0131yla en k\u00f6t\u00fc g\u00fcnlerimizi bile g\u00fczelle\u015ftiren, varl\u0131klar\u0131yla umut<span class=\"excerpt-hellip\"> [\u2026]<\/span><\/p>\n","protected":false},"featured_media":0,"template":"","meta":{"_monsterinsights_skip_tracking":false,"_monsterinsights_sitenote_active":false,"_monsterinsights_sitenote_note":"","_monsterinsights_sitenote_category":0},"product_brand":[],"product_cat":[12409,12408],"product_tag":[],"class_list":{"0":"post-715636","1":"product","2":"type-product","3":"status-publish","5":"product_cat-fotograf-sinema-tiyatro","6":"product_cat-sanat","7":"pa_cilt-ciltsiz","8":"pa_tur-kitap","9":"pa_yayinevi-hep-kitap","10":"pa_yazar-angus-hyland-caroline-roberts","12":"first","13":"instock","14":"sale","15":"shipping-taxable","16":"purchasable","17":"product-type-simple"},"_links":{"self":[{"href":"https:\/\/roveyayinevi.com.tr\/index.php\/wp-json\/wp\/v2\/product\/715636","targetHints":{"allow":["GET"]}}],"collection":[{"href":"https:\/\/roveyayinevi.com.tr\/index.php\/wp-json\/wp\/v2\/product"}],"about":[{"href":"https:\/\/roveyayinevi.com.tr\/index.php\/wp-json\/wp\/v2\/types\/product"}],"wp:attachment":[{"href":"https:\/\/roveyayinevi.com.tr\/index.php\/wp-json\/wp\/v2\/media?parent=715636"}],"wp:term":[{"taxonomy":"product_brand","embeddable":true,"href":"https:\/\/roveyayinevi.com.tr\/index.php\/wp-json\/wp\/v2\/product_brand?post=715636"},{"taxonomy":"product_cat","embeddable":true,"href":"https:\/\/roveyayinevi.com.tr\/index.php\/wp-json\/wp\/v2\/product_cat?post=715636"},{"taxonomy":"product_tag","embeddable":true,"href":"https:\/\/roveyayinevi.com.tr\/index.php\/wp-json\/wp\/v2\/product_tag?post=715636"}],"curies":[{"name":"wp","href":"https:\/\/api.w.org\/{rel}","templated":true}]}}