{"id":715635,"date":"2025-08-27T17:32:47","date_gmt":"2025-08-27T14:32:47","guid":{"rendered":"https:\/\/roveyayinevi.com.tr\/index.php\/urun\/dusuncenin-sinirlari\/"},"modified":"2026-04-16T02:23:51","modified_gmt":"2026-04-15T23:23:51","slug":"dusuncenin-sinirlari","status":"publish","type":"product","link":"https:\/\/roveyayinevi.com.tr\/index.php\/urun\/dusuncenin-sinirlari\/","title":{"rendered":"D\u00fc\u015f\u00fcncenin S\u0131n\u0131rlar\u0131"},"content":{"rendered":"<p>D\u00fc\u015f\u00fcncenin S\u0131n\u0131rlar\u0131, spirit\u00fcel \u00f6nder J. Krishnamurti ve \u00fcnl\u00fc fizik\u00e7i David Bohm aras\u0131nda ge\u00e7en etkileyici bir dizi diyalogdan olu\u015fuyor. Bu merak uyand\u0131ran fikir teatisinin ba\u015flang\u0131\u00e7 noktas\u0131n\u0131 \u015fu soru olu\u015fturuyor: \u015eayet ger\u00e7ek, hakikatten farkl\u0131 bir \u015feyse, o halde g\u00fcnl\u00fck hayattaki eylemlerin ger\u00e7ek ve hakikatle ili\u015fkisi nedir? Eserde, Bohm ve Krishnamurti\u2019nin bilincin do\u011fas\u0131n\u0131 ve insan\u0131n h\u00fckm\u00fcn\u00fc ke\u015ffedi\u015fini g\u00f6r\u00fcyoruz. Bu ayd\u0131nlat\u0131c\u0131 diyaloglar ger\u00e7ek meselesini, arzu bilincini, gelenek ve a\u015fk gibi konular\u0131 irdeliyor. D\u00fc\u015f\u00fcncenin S\u0131n\u0131rlar\u0131, iki sayg\u0131de\u011fer ve \u00f6nemli d\u00fc\u015f\u00fcn\u00fcr\u00fcn diyaloglar\u0131n\u0131 derleyen \u00f6nemli bir kitap. Krishnamurti ve Bohm\u2019un, varl\u0131\u011f\u0131m\u0131z\u0131n \u00f6z\u00fcne dair en temel sorular\u0131 nas\u0131l irdeledi\u011fini g\u00f6rmek isteyen herkes, bu muhte\u015fem esere b\u00fcy\u00fck ilgi duyacak. <\/p>\n","protected":false},"excerpt":{"rendered":"<p>D\u00fc\u015f\u00fcncenin S\u0131n\u0131rlar\u0131, spirit\u00fcel \u00f6nder J. Krishnamurti ve \u00fcnl\u00fc fizik\u00e7i David Bohm aras\u0131nda ge\u00e7en etkileyici bir dizi diyalogdan olu\u015fuyor. Bu merak uyand\u0131ran fikir teatisinin ba\u015flang\u0131\u00e7 noktas\u0131n\u0131 \u015fu<span class=\"excerpt-hellip\"> [\u2026]<\/span><\/p>\n","protected":false},"featured_media":0,"template":"","meta":{"_monsterinsights_skip_tracking":false,"_monsterinsights_sitenote_active":false,"_monsterinsights_sitenote_note":"","_monsterinsights_sitenote_category":0},"product_brand":[],"product_cat":[12389,12388],"product_tag":[],"class_list":{"0":"post-715635","1":"product","2":"type-product","3":"status-publish","5":"product_cat-diger-felsefe","6":"product_cat-felsefe","7":"pa_cilt-ciltsiz","8":"pa_tur-kitap","9":"pa_yayinevi-ganj-yayinevi","10":"pa_yazar-j-krishnamurti-david-bohm","12":"first","13":"instock","14":"sale","15":"shipping-taxable","16":"purchasable","17":"product-type-simple"},"_links":{"self":[{"href":"https:\/\/roveyayinevi.com.tr\/index.php\/wp-json\/wp\/v2\/product\/715635","targetHints":{"allow":["GET"]}}],"collection":[{"href":"https:\/\/roveyayinevi.com.tr\/index.php\/wp-json\/wp\/v2\/product"}],"about":[{"href":"https:\/\/roveyayinevi.com.tr\/index.php\/wp-json\/wp\/v2\/types\/product"}],"wp:attachment":[{"href":"https:\/\/roveyayinevi.com.tr\/index.php\/wp-json\/wp\/v2\/media?parent=715635"}],"wp:term":[{"taxonomy":"product_brand","embeddable":true,"href":"https:\/\/roveyayinevi.com.tr\/index.php\/wp-json\/wp\/v2\/product_brand?post=715635"},{"taxonomy":"product_cat","embeddable":true,"href":"https:\/\/roveyayinevi.com.tr\/index.php\/wp-json\/wp\/v2\/product_cat?post=715635"},{"taxonomy":"product_tag","embeddable":true,"href":"https:\/\/roveyayinevi.com.tr\/index.php\/wp-json\/wp\/v2\/product_tag?post=715635"}],"curies":[{"name":"wp","href":"https:\/\/api.w.org\/{rel}","templated":true}]}}