{"id":715632,"date":"2025-08-27T17:32:45","date_gmt":"2025-08-27T14:32:45","guid":{"rendered":"https:\/\/roveyayinevi.com.tr\/index.php\/urun\/corapli-tilki\/"},"modified":"2026-04-16T02:23:51","modified_gmt":"2026-04-15T23:23:51","slug":"corapli-tilki","status":"publish","type":"product","link":"https:\/\/roveyayinevi.com.tr\/index.php\/urun\/corapli-tilki\/","title":{"rendered":"\u00c7orapl\u0131 Tilki"},"content":{"rendered":"<p>Bu e\u011flenceli kitapta ele avuca s\u0131\u011fmaz Bay Tilki, \u015fa\u015fk\u0131n Bay Tutu\u2019ya g\u00f6r\u00fcp g\u00f6rebilece\u011finiz en zor, en komik tekerlemeleri \u00f6\u011fretiyor. Birbirinden komik \u00f6yk\u00fcler, \u00e7\u0131lg\u0131n karakterler ve e\u011flenceli resimleri birle\u015ftiren Dr. Seuss, kendine \u00f6zg\u00fc uyak, ritim ve tekrar y\u00f6ntemleriyle, okumay\u0131 her ya\u015f ve yetenekte \u00e7ocuklar i\u00e7in kolayla\u015ft\u0131r\u0131yor.<\/p>\n","protected":false},"excerpt":{"rendered":"<p>Bu e\u011flenceli kitapta ele avuca s\u0131\u011fmaz Bay Tilki, \u015fa\u015fk\u0131n Bay Tutu\u2019ya g\u00f6r\u00fcp g\u00f6rebilece\u011finiz en zor, en komik tekerlemeleri \u00f6\u011fretiyor. Birbirinden komik \u00f6yk\u00fcler, \u00e7\u0131lg\u0131n karakterler ve e\u011flenceli<span class=\"excerpt-hellip\"> [\u2026]<\/span><\/p>\n","protected":false},"featured_media":0,"template":"","meta":{"_monsterinsights_skip_tracking":false,"_monsterinsights_sitenote_active":false,"_monsterinsights_sitenote_note":"","_monsterinsights_sitenote_category":0},"product_brand":[],"product_cat":[12274,12284],"product_tag":[],"class_list":{"0":"post-715632","1":"product","2":"type-product","3":"status-publish","5":"product_cat-cocuk-ve-genclik-kitaplari","6":"product_cat-hikayeler","7":"pa_cilt-ciltsiz","8":"pa_tur-kitap","9":"pa_yayinevi-epsilon-yayinlari","10":"pa_yazar-dr-seuss","12":"first","13":"instock","14":"sale","15":"shipping-taxable","16":"purchasable","17":"product-type-simple"},"_links":{"self":[{"href":"https:\/\/roveyayinevi.com.tr\/index.php\/wp-json\/wp\/v2\/product\/715632","targetHints":{"allow":["GET"]}}],"collection":[{"href":"https:\/\/roveyayinevi.com.tr\/index.php\/wp-json\/wp\/v2\/product"}],"about":[{"href":"https:\/\/roveyayinevi.com.tr\/index.php\/wp-json\/wp\/v2\/types\/product"}],"wp:attachment":[{"href":"https:\/\/roveyayinevi.com.tr\/index.php\/wp-json\/wp\/v2\/media?parent=715632"}],"wp:term":[{"taxonomy":"product_brand","embeddable":true,"href":"https:\/\/roveyayinevi.com.tr\/index.php\/wp-json\/wp\/v2\/product_brand?post=715632"},{"taxonomy":"product_cat","embeddable":true,"href":"https:\/\/roveyayinevi.com.tr\/index.php\/wp-json\/wp\/v2\/product_cat?post=715632"},{"taxonomy":"product_tag","embeddable":true,"href":"https:\/\/roveyayinevi.com.tr\/index.php\/wp-json\/wp\/v2\/product_tag?post=715632"}],"curies":[{"name":"wp","href":"https:\/\/api.w.org\/{rel}","templated":true}]}}