{"id":715631,"date":"2025-08-27T17:32:44","date_gmt":"2025-08-27T14:32:44","guid":{"rendered":"https:\/\/roveyayinevi.com.tr\/index.php\/urun\/bize-bir-egitim-lazim\/"},"modified":"2026-04-16T02:23:51","modified_gmt":"2026-04-15T23:23:51","slug":"bize-bir-egitim-lazim","status":"publish","type":"product","link":"https:\/\/roveyayinevi.com.tr\/index.php\/urun\/bize-bir-egitim-lazim\/","title":{"rendered":"Bize Bir E\u011fitim Laz\u0131m"},"content":{"rendered":"<p>Bu kitap; T\u00fcrkiye\u2019deki ve d\u00fcnyadaki \u015firketlerin kurumsal e\u011fitimlerini nas\u0131l planlad\u0131klar\u0131n\u0131, e\u011fitim ve dan\u0131\u015fmanl\u0131k \u015firketlerini nas\u0131l se\u00e7tiklerini anlat\u0131yor. E\u011fitim ve dan\u0131\u015fmanl\u0131k \u015firketleri kurumlar\u0131n\u0131za ne sa\u011fl\u0131yor, i\u00e7 i\u015fleyi\u015fleri nas\u0131ld\u0131r ve onlardan alaca\u011f\u0131n\u0131z e\u011fitimler nas\u0131l olmal\u0131d\u0131r sorular\u0131na cevap veriyor.\u015eirketlerde e\u011fitim planlama s\u00fcre\u00e7lerinin nas\u0131l i\u015fledi\u011fini, iyi bir e\u011fitim dan\u0131\u015fman\u0131 olabilmek i\u00e7in hangi \u00f6zelliklere sahip olunmas\u0131 gerekti\u011fini, d\u0131\u015f kaynakl\u0131 e\u011fitim al\u0131mlar\u0131nda \u00e7al\u0131\u015f\u0131lacak dan\u0131\u015fmanl\u0131k \u015firketlerine y\u00f6nelik ipu\u00e7lar\u0131n\u0131 ve o \u015firketlerde \u00e7al\u0131\u015fan m\u00fc\u015fteri temsilcilerinizi sahip olmas\u0131 gereken yetkinlikleri sizlerle payla\u015f\u0131yor.\u201cUygun e\u011fitim partnerinin se\u00e7imi, \u00e7al\u0131\u015fanlar\u0131n geli\u015fiminin desteklenmesi ve buna dair yat\u0131r\u0131m\u0131n kar\u015f\u0131l\u0131\u011f\u0131n\u0131 bulmas\u0131 a\u00e7\u0131s\u0131ndan olduk\u00e7a kritik. Y\u0131llard\u0131r ISS T\u00fcrkiye e\u011fitim geli\u015fim s\u00fcre\u00e7lerimize do\u011fru sonu\u00e7lar\u0131 \u00fcreten, \u00f6zelle\u015ftirilmi\u015f \u00e7\u00f6z\u00fcmleri ile katk\u0131 sa\u011flayan Ay\u015feg\u00fcl Drah\u015fan\u2019\u0131n kitab\u0131n\u0131 \u00e7ok de\u011ferli bir katk\u0131 olarak g\u00f6r\u00fcyorum.\u201cSerap \u00d6z\u00e7al\u0131c\u0131, ISS Global Bankalar Segmenti\u0130nsan, K\u00fclt\u00fcr Direkt\u00f6r\u00fcE\u011fitim ihtiya\u00e7lar\u0131m\u0131zda, heyecan ve istekle yapt\u0131\u011f\u0131 i\u015finin hakk\u0131n\u0131 vererek, ilham veren, farkl\u0131 bak\u0131\u015f a\u00e7\u0131lar\u0131 sunarak, kuruma \u00f6zel i\u00e7erik olu\u015fturmam\u0131zda, e\u011fitmen se\u00e7iminde, e\u011fitimin etkin ve sonu\u00e7 al\u0131c\u0131 olmas\u0131nda \u00e7ok katk\u0131s\u0131 olmu\u015ftur.\u201d\u0130lter Boyan, Vak\u0131f Emeklilik \u0130nsan Kaynaklar\u0131 ve E\u011fitim M\u00fcd\u00fcr\u00fc S\u00fcrd\u00fcr\u00fclebilir ba\u015far\u0131 pe\u015finde ko\u015fan hissedarlar\u0131n ve profesyonellerin hedeflerine ula\u015fmas\u0131nda e\u011fitimin rol\u00fcn\u00fc ve \u00f6nemini b\u00fct\u00fcnsel bak\u0131\u015f a\u00e7\u0131s\u0131yla ele alan doyumsuz bir eser. \u00d6\u011frenirken, s\u0131k\u0131lmamak m\u00fcmk\u00fcnm\u00fc\u015f. Tecr\u00fcbene, zihnine sa\u011fl\u0131k, Ay\u015feg\u00fcl Drah\u015fan!\u201dCevat Derin \u015eim\u015fek, DAP Holding Denetim ve Risk Y\u00f6netimi Direkt\u00f6r\u00fc<\/p>\n","protected":false},"excerpt":{"rendered":"<p>Bu kitap; T\u00fcrkiye\u2019deki ve d\u00fcnyadaki \u015firketlerin kurumsal e\u011fitimlerini nas\u0131l planlad\u0131klar\u0131n\u0131, e\u011fitim ve dan\u0131\u015fmanl\u0131k \u015firketlerini nas\u0131l se\u00e7tiklerini anlat\u0131yor. E\u011fitim ve dan\u0131\u015fmanl\u0131k \u015firketleri kurumlar\u0131n\u0131za ne sa\u011fl\u0131yor, i\u00e7 i\u015fleyi\u015fleri<span class=\"excerpt-hellip\"> [\u2026]<\/span><\/p>\n","protected":false},"featured_media":0,"template":"","meta":{"_monsterinsights_skip_tracking":false,"_monsterinsights_sitenote_active":false,"_monsterinsights_sitenote_note":"","_monsterinsights_sitenote_category":0},"product_brand":[],"product_cat":[13043,17647],"product_tag":[],"class_list":{"0":"post-715631","1":"product","2":"type-product","3":"status-publish","5":"product_cat-ekonomi","6":"product_cat-is-dunyasi","7":"pa_cilt-ciltsiz","8":"pa_tur-kitap","9":"pa_yayinevi-epsilon-yayinlari","10":"pa_yazar-aysegul-drahsan","12":"first","13":"instock","14":"sale","15":"shipping-taxable","16":"purchasable","17":"product-type-simple"},"_links":{"self":[{"href":"https:\/\/roveyayinevi.com.tr\/index.php\/wp-json\/wp\/v2\/product\/715631","targetHints":{"allow":["GET"]}}],"collection":[{"href":"https:\/\/roveyayinevi.com.tr\/index.php\/wp-json\/wp\/v2\/product"}],"about":[{"href":"https:\/\/roveyayinevi.com.tr\/index.php\/wp-json\/wp\/v2\/types\/product"}],"wp:attachment":[{"href":"https:\/\/roveyayinevi.com.tr\/index.php\/wp-json\/wp\/v2\/media?parent=715631"}],"wp:term":[{"taxonomy":"product_brand","embeddable":true,"href":"https:\/\/roveyayinevi.com.tr\/index.php\/wp-json\/wp\/v2\/product_brand?post=715631"},{"taxonomy":"product_cat","embeddable":true,"href":"https:\/\/roveyayinevi.com.tr\/index.php\/wp-json\/wp\/v2\/product_cat?post=715631"},{"taxonomy":"product_tag","embeddable":true,"href":"https:\/\/roveyayinevi.com.tr\/index.php\/wp-json\/wp\/v2\/product_tag?post=715631"}],"curies":[{"name":"wp","href":"https:\/\/api.w.org\/{rel}","templated":true}]}}