{"id":715629,"date":"2025-08-27T17:32:43","date_gmt":"2025-08-27T14:32:43","guid":{"rendered":"https:\/\/roveyayinevi.com.tr\/index.php\/urun\/civa\/"},"modified":"2026-04-03T02:30:25","modified_gmt":"2026-04-02T23:30:25","slug":"civa","status":"publish","type":"product","link":"https:\/\/roveyayinevi.com.tr\/index.php\/urun\/civa\/","title":{"rendered":"C\u0131va"},"content":{"rendered":"<p>Neal Stephenson\u2019\u0131n 17. ve 18. y\u00fczy\u0131l ba\u015flar\u0131nda Avrupa\u2019daki siyasi ve dini entrikalar\u0131, modern bilim ve ekonominin ilk a\u015famalar\u0131n\u0131 macera, bilimkurgu ve tarihi roman\u0131n benzersiz harman\u0131 i\u00e7inde sundu\u011fu Barok D\u00f6ng\u00fc \u00fc\u00e7lemesi C\u0131va\u2019yla ba\u015fl\u0131yor. C\u0131va, korkusuz d\u00fc\u015f\u00fcn\u00fcr ve ikircikli p\u00fcriten Daniel Waterhouse\u2019un hikayesi. Barok d\u00f6nemi Avrupa\u2019s\u0131n\u0131n en b\u00fcy\u00fck dehalar\u0131n\u0131n yan\u0131nda bilgiyi ar\u0131yor. Ama bu akl\u0131n g\u00fc\u00e7l\u00fclerin kanl\u0131 h\u0131rslar\u0131yla sava\u015ft\u0131\u011f\u0131, do\u011fal ya da insan elinden \u00e7\u0131kma felaketlerin siyasi manzaray\u0131 bir gecede d\u00f6n\u00fc\u015ft\u00fcrebilece\u011fi karga\u015fa i\u00e7inde bir d\u00fcnya. Kahramanlar\u0131m\u0131z Daniel Waterhouse\u2019la s\u0131n\u0131rl\u0131 de\u011fil elbette. Jack Shaftoe\u2019yla tan\u0131\u015f\u0131n. \u00d6nce Londra\u2019n\u0131n s\u0131radan sokak \u00e7ocuklar\u0131ndan biri, sonra Vagabondlar\u0131n kral\u0131 ve palavrac\u0131 macerac\u0131. Ortal\u0131\u011f\u0131 kar\u0131\u015ft\u0131r\u0131r ve frengi hastas\u0131d\u0131r, k\u00fcf\u00fcrbaz, ahlaks\u0131z ama hayat\u0131n\u0131 ve servetini biricik a\u015fk\u0131 u\u011fruna feda edebilir. Eliza de la Zeur, Viyana ku\u015fatmas\u0131 s\u0131ras\u0131nda Jack\u2019in bir T\u00fcrk hareminden kurtard\u0131\u011f\u0131 k\u0131z. Sonradan casus ve d\u00fc\u015fman krallar\u0131n s\u0131rda\u015f\u0131 olacak ve Avrupa\u2019y\u0131 finans\u0131n yeni do\u011fmaya ba\u015flayan g\u00fcc\u00fcyle de\u011fi\u015ftirecek bir kontes. Di\u011fer kahramanlar m\u0131? \u00d6l\u00fcms\u00fcz olabilecek Enoch Root ad\u0131nda bir adam, ezeli d\u00fc\u015fmanlar Isaac Newton ve Gottfried Leibniz, Kraliyet Cemiyetinin \u00e7ok k\u0131ymetli \u00fcyeleri ve daha niceleri. C\u0131va, 2004 y\u0131l\u0131nda bilimkurgu edebiyat\u0131n\u0131n en \u00f6nemli \u00f6d\u00fcllerinden biri olan Arthur C. Clarke \u00d6d\u00fcl\u00fcn\u00fc ve Locus \u00d6d\u00fcl\u00fcn\u00fc kazand\u0131\u201cMuazzam\u2026Hi\u00e7 bitmesin diyeceksiniz.\u201d \u2013Time<\/p>\n","protected":false},"excerpt":{"rendered":"<p>Neal Stephenson\u2019\u0131n 17. ve 18. y\u00fczy\u0131l ba\u015flar\u0131nda Avrupa\u2019daki siyasi ve dini entrikalar\u0131, modern bilim ve ekonominin ilk a\u015famalar\u0131n\u0131 macera, bilimkurgu ve tarihi roman\u0131n benzersiz harman\u0131 i\u00e7inde<span class=\"excerpt-hellip\"> [\u2026]<\/span><\/p>\n","protected":false},"featured_media":0,"template":"","meta":{"_monsterinsights_skip_tracking":false,"_monsterinsights_sitenote_active":false,"_monsterinsights_sitenote_note":"","_monsterinsights_sitenote_category":0},"product_brand":[],"product_cat":[12291,12711],"product_tag":[],"class_list":{"0":"post-715629","1":"product","2":"type-product","3":"status-publish","5":"product_cat-edebiyat","6":"product_cat-roman-oyku","7":"pa_cilt-ciltsiz","8":"pa_tur-kitap","9":"pa_yayinevi-alfa-yayinlari","10":"pa_yazar-neal-stephenson","12":"first","13":"instock","14":"sale","15":"shipping-taxable","16":"purchasable","17":"product-type-simple"},"_links":{"self":[{"href":"https:\/\/roveyayinevi.com.tr\/index.php\/wp-json\/wp\/v2\/product\/715629","targetHints":{"allow":["GET"]}}],"collection":[{"href":"https:\/\/roveyayinevi.com.tr\/index.php\/wp-json\/wp\/v2\/product"}],"about":[{"href":"https:\/\/roveyayinevi.com.tr\/index.php\/wp-json\/wp\/v2\/types\/product"}],"wp:attachment":[{"href":"https:\/\/roveyayinevi.com.tr\/index.php\/wp-json\/wp\/v2\/media?parent=715629"}],"wp:term":[{"taxonomy":"product_brand","embeddable":true,"href":"https:\/\/roveyayinevi.com.tr\/index.php\/wp-json\/wp\/v2\/product_brand?post=715629"},{"taxonomy":"product_cat","embeddable":true,"href":"https:\/\/roveyayinevi.com.tr\/index.php\/wp-json\/wp\/v2\/product_cat?post=715629"},{"taxonomy":"product_tag","embeddable":true,"href":"https:\/\/roveyayinevi.com.tr\/index.php\/wp-json\/wp\/v2\/product_tag?post=715629"}],"curies":[{"name":"wp","href":"https:\/\/api.w.org\/{rel}","templated":true}]}}