{"id":715628,"date":"2025-08-27T17:32:43","date_gmt":"2025-08-27T14:32:43","guid":{"rendered":"https:\/\/roveyayinevi.com.tr\/index.php\/urun\/felaketsavar-bilim-tutkunlari\/"},"modified":"2026-04-16T02:23:51","modified_gmt":"2026-04-15T23:23:51","slug":"felaketsavar-bilim-tutkunlari","status":"publish","type":"product","link":"https:\/\/roveyayinevi.com.tr\/index.php\/urun\/felaketsavar-bilim-tutkunlari\/","title":{"rendered":"Felaketsavar Bilim Tutkunlar\u0131"},"content":{"rendered":"<p>Tehlikesavar Matematik Cambazlar\u0131 kitab\u0131ndan tan\u0131d\u0131\u011f\u0131m\u0131z Sean Connolly\u2019den, pop\u00fcler bilim konular\u0131n\u0131 e\u011flenceli bir dille anlatmaya \u00e7al\u0131\u015fan, daha \u00f6nce \u00f6rne\u011fi g\u00f6r\u00fclmemi\u015f bir ba\u015fvuru kayna\u011f\u0131.Karikat\u00fcr tad\u0131ndaki \u00e7izimleri ve \u00f6zg\u00fcn sayfa tasar\u0131m\u0131yla farkl\u0131la\u015fan bu ansiklopedik kitap, 34 farkl\u0131 b\u00f6l\u00fcmde bilim tarihini ayd\u0131nlatan zengin i\u00e7eri\u011finin yan\u0131 s\u0131ra, merakl\u0131 okurlar\u0131n i\u015ftah\u0131n\u0131 kabartacak 50 fantastik deneyden olu\u015fuyor.Galileo\u2019nun teleskopundan R\u00f6ntgen\u2019in X \u0131\u015f\u0131n\u0131 g\u00f6r\u00fc\u015f\u00fcne, 7&#8217;den 70&#8217;e herkesin ilgisini \u00e7ekecek bilim konular\u0131n\u0131, ger\u00e7ek hayattan ilham alan m\u00fcthi\u015f yarat\u0131c\u0131 hik\u00e2yelere d\u00f6n\u00fc\u015ft\u00fcren Felaketsavar Bilim Tutkunlar\u0131, e\u011flendirirken \u00f6\u011freten kitaplardan.Einstein, Newton, Galileo ve S\u0130Z!\u00c7arp\u0131\u015fan atomlar, havalanan roketler, u\u00e7u\u015fan lazerler, karadelikler ve \u00e7ok daha fazlas\u0131!Para\u015f\u00fct yaparak yumurtalar\u0131 u\u00e7urabilece\u011finizi ya da DNA elde etmek i\u00e7in yar\u0131m bir muzu kullanabilece\u011finizi biliyor muydunuz!? Felaketsavar Bilim Tutkunlar\u0131 sayesinde, bilim hakk\u0131nda merak etti\u011finiz her \u015feyi \u00f6\u011frenebileceksiniz. \u00dcstelik e\u011flenerek!..Ok ve yay\u0131 icat eden ilk insanlardan, evrenin s\u0131rlar\u0131n\u0131 \u00e7\u00f6zmeye \u00e7al\u0131\u015fan g\u00fcn\u00fcm\u00fcz ara\u015ft\u0131rmac\u0131lar\u0131na; bilimin ola\u011fan\u00fcst\u00fc \u015fa\u015f\u0131rt\u0131c\u0131 ger\u00e7eklerini, deney yoluyla okurlar\u0131n bizzat deneyimlemesine f\u0131rsat tan\u0131yan bu interaktif kitap, ger\u00e7ek bir genel k\u00fclt\u00fcr deposu.Bilim tarihini anlat\u0131rken \u00fcnl\u00fc biliminsanlar\u0131 ve kilometre ta\u015f\u0131 olarak tabir edilen \u00f6nemli geli\u015fmeleri mercek alt\u0131na alan Felaksatavar Bilim Tutkunlar\u0131, g\u00fcncel ve ge\u00e7erli i\u00e7eri\u011fiyle her kitapl\u0131kta bulunmas\u0131 gereken, olmazsa olmaz kitaplardan&#8230;<\/p>\n","protected":false},"excerpt":{"rendered":"<p>Tehlikesavar Matematik Cambazlar\u0131 kitab\u0131ndan tan\u0131d\u0131\u011f\u0131m\u0131z Sean Connolly\u2019den, pop\u00fcler bilim konular\u0131n\u0131 e\u011flenceli bir dille anlatmaya \u00e7al\u0131\u015fan, daha \u00f6nce \u00f6rne\u011fi g\u00f6r\u00fclmemi\u015f bir ba\u015fvuru kayna\u011f\u0131.Karikat\u00fcr tad\u0131ndaki \u00e7izimleri ve \u00f6zg\u00fcn<span class=\"excerpt-hellip\"> [\u2026]<\/span><\/p>\n","protected":false},"featured_media":0,"template":"","meta":{"_monsterinsights_skip_tracking":false,"_monsterinsights_sitenote_active":false,"_monsterinsights_sitenote_note":"","_monsterinsights_sitenote_category":0},"product_brand":[],"product_cat":[13005,37328],"product_tag":[],"class_list":{"0":"post-715628","1":"product","2":"type-product","3":"status-publish","5":"product_cat-bilim-muhendislik","6":"product_cat-diger-bilim-muhendislik","7":"pa_cilt-ciltsiz","8":"pa_tur-kitap","9":"pa_yayinevi-tudem-yayinlari","10":"pa_yazar-sean-connolly","12":"first","13":"instock","14":"sale","15":"shipping-taxable","16":"purchasable","17":"product-type-simple"},"_links":{"self":[{"href":"https:\/\/roveyayinevi.com.tr\/index.php\/wp-json\/wp\/v2\/product\/715628","targetHints":{"allow":["GET"]}}],"collection":[{"href":"https:\/\/roveyayinevi.com.tr\/index.php\/wp-json\/wp\/v2\/product"}],"about":[{"href":"https:\/\/roveyayinevi.com.tr\/index.php\/wp-json\/wp\/v2\/types\/product"}],"wp:attachment":[{"href":"https:\/\/roveyayinevi.com.tr\/index.php\/wp-json\/wp\/v2\/media?parent=715628"}],"wp:term":[{"taxonomy":"product_brand","embeddable":true,"href":"https:\/\/roveyayinevi.com.tr\/index.php\/wp-json\/wp\/v2\/product_brand?post=715628"},{"taxonomy":"product_cat","embeddable":true,"href":"https:\/\/roveyayinevi.com.tr\/index.php\/wp-json\/wp\/v2\/product_cat?post=715628"},{"taxonomy":"product_tag","embeddable":true,"href":"https:\/\/roveyayinevi.com.tr\/index.php\/wp-json\/wp\/v2\/product_tag?post=715628"}],"curies":[{"name":"wp","href":"https:\/\/api.w.org\/{rel}","templated":true}]}}