{"id":715626,"date":"2025-08-27T17:32:41","date_gmt":"2025-08-27T14:32:41","guid":{"rendered":"https:\/\/roveyayinevi.com.tr\/index.php\/urun\/ben-ve-ten\/"},"modified":"2026-04-16T02:23:51","modified_gmt":"2026-04-15T23:23:51","slug":"ben-ve-ten","status":"publish","type":"product","link":"https:\/\/roveyayinevi.com.tr\/index.php\/urun\/ben-ve-ten\/","title":{"rendered":"Ben ve Ten"},"content":{"rendered":"<p>\u00c7a\u011fda\u015f Frans\u0131z felsefesinin \u00f6nemli d\u00fc\u015f\u00fcn\u00fcrlerinden Jacob Rogozinski\u2019nin bu eseri 20. y\u00fczy\u0131l\u0131n en verimli tart\u0131\u015fmalar\u0131ndan olan ben meselesine yeni bir bak\u0131\u015f a\u00e7\u0131s\u0131 getiriyor. Ben d\u0131\u015fsal ger\u00e7eklik taraf\u0131ndan \u00fcretilen bir yan\u0131lsama m\u0131d\u0131r? \u015eiddetin ve adaletsizli\u011fin kayna\u011f\u0131 o mudur? \u00d6yleyse narsisizm ve yabanc\u0131la\u015fma tart\u0131\u015fmalar\u0131na ra\u011fmen egonun tekil hakikatini aray\u0131\u015f nas\u0131l m\u00fcmk\u00fcn olabilir? Felsefe ne ben\u2019den vazge\u00e7er ne de ona ba\u011fl\u0131 kal\u0131r; egoya geri d\u00f6n\u00fc\u015f ile ego cinayeti aras\u0131nda gidip gelir. Rogozinski \u00f6ncelikle iki ego katili Heidegger ve Lacan\u2019\u0131n \u00f6zg\u00fcn bir okumas\u0131n\u0131 yap\u0131p ard\u0131ndan Descartes, Husserl, Merleau-Ponty ve Artaud ile ele\u015ftirel bir diyalo\u011fa girerek ben ve ben-olmayan aras\u0131ndaki (ontolojik de\u011fil) egolojik farka odaklan\u0131yor. Analizinin g\u00fcc\u00fc tam olarak b\u00f6yle bir stratejiden ileri geliyor \u00e7\u00fcnk\u00fc ben ancak katilleri sayesinde yeniden dirilebilir. Ben\u2019e geri d\u00f6nmek i\u00e7in onu yads\u0131yan, yok eden e\u011filimlere gitmek gerekir zira kriz ve devaml\u0131 tehdit benin bir par\u00e7as\u0131d\u0131r. Frans\u0131z filozof fenomenolojinin ve psikanalizin en verimli tezleri sayesinde ortaya koydu\u011fu ve kendine-verili\u015fiyle tan\u0131mlanan v\u00fccut bulmu\u015f bir ten-ben ile artakalan ad\u0131n\u0131 verdi\u011fi bendeki-ba\u015fka\u2019dan yola \u00e7\u0131karak ya\u015fam, \u00f6l\u00fcm, a\u015fk ve nefret gibi varolu\u015fun temel sorular\u0131yla y\u00fczle\u015fmeye giri\u015fiyor.<\/p>\n","protected":false},"excerpt":{"rendered":"<p>\u00c7a\u011fda\u015f Frans\u0131z felsefesinin \u00f6nemli d\u00fc\u015f\u00fcn\u00fcrlerinden Jacob Rogozinski\u2019nin bu eseri 20. y\u00fczy\u0131l\u0131n en verimli tart\u0131\u015fmalar\u0131ndan olan ben meselesine yeni bir bak\u0131\u015f a\u00e7\u0131s\u0131 getiriyor. Ben d\u0131\u015fsal ger\u00e7eklik taraf\u0131ndan<span class=\"excerpt-hellip\"> [\u2026]<\/span><\/p>\n","protected":false},"featured_media":0,"template":"","meta":{"_monsterinsights_skip_tracking":false,"_monsterinsights_sitenote_active":false,"_monsterinsights_sitenote_note":"","_monsterinsights_sitenote_category":0},"product_brand":[],"product_cat":[16038,12388],"product_tag":[],"class_list":{"0":"post-715626","1":"product","2":"type-product","3":"status-publish","5":"product_cat-arastirma-inceleme-referans-felsefe","6":"product_cat-felsefe","7":"pa_cilt-ciltsiz","8":"pa_tur-kitap","9":"pa_yayinevi-pinhan-yayincilik","10":"pa_yazar-jacob-rogozinski","12":"first","13":"instock","14":"sale","15":"shipping-taxable","16":"purchasable","17":"product-type-simple"},"_links":{"self":[{"href":"https:\/\/roveyayinevi.com.tr\/index.php\/wp-json\/wp\/v2\/product\/715626","targetHints":{"allow":["GET"]}}],"collection":[{"href":"https:\/\/roveyayinevi.com.tr\/index.php\/wp-json\/wp\/v2\/product"}],"about":[{"href":"https:\/\/roveyayinevi.com.tr\/index.php\/wp-json\/wp\/v2\/types\/product"}],"wp:attachment":[{"href":"https:\/\/roveyayinevi.com.tr\/index.php\/wp-json\/wp\/v2\/media?parent=715626"}],"wp:term":[{"taxonomy":"product_brand","embeddable":true,"href":"https:\/\/roveyayinevi.com.tr\/index.php\/wp-json\/wp\/v2\/product_brand?post=715626"},{"taxonomy":"product_cat","embeddable":true,"href":"https:\/\/roveyayinevi.com.tr\/index.php\/wp-json\/wp\/v2\/product_cat?post=715626"},{"taxonomy":"product_tag","embeddable":true,"href":"https:\/\/roveyayinevi.com.tr\/index.php\/wp-json\/wp\/v2\/product_tag?post=715626"}],"curies":[{"name":"wp","href":"https:\/\/api.w.org\/{rel}","templated":true}]}}