{"id":715625,"date":"2025-08-27T17:32:41","date_gmt":"2025-08-27T14:32:41","guid":{"rendered":"https:\/\/roveyayinevi.com.tr\/index.php\/urun\/ayasofyanin-betimi\/"},"modified":"2026-04-16T02:23:51","modified_gmt":"2026-04-15T23:23:51","slug":"ayasofyanin-betimi","status":"publish","type":"product","link":"https:\/\/roveyayinevi.com.tr\/index.php\/urun\/ayasofyanin-betimi\/","title":{"rendered":"Ayasofya&#8217;n\u0131n Betimi"},"content":{"rendered":"<p>A\u00e7\u0131l\u0131\u015f\u0131 562 y\u0131l\u0131n\u0131n sonunda ger\u00e7ekle\u015fen ve tam 1000 y\u0131l boyunca H\u0131ristiyan d\u00fcnyas\u0131n\u0131n en b\u00fcy\u00fck ibadethanesi unvan\u0131n\u0131 ta\u015f\u0131yan Ayasofya: Yakla\u015f\u0131k 1500 y\u0131ll\u0131k ge\u00e7mi\u015fi ve ilk g\u00fcnden beri g\u00f6reni \u201cb\u00fcy\u00fcleyen\u201d ihti\u015fam\u0131yla sadece dini a\u00e7\u0131dan de\u011fil, mimari, siyasi, k\u00fclt\u00fcrel ve toplumsal a\u00e7\u0131dan da benzersiz bir \u201cabide\u201d! B\u00fct\u00fcn heybetiyle g\u00f6\u011fe y\u00fckselmesinden on be\u015f y\u00fcz y\u0131l sonra, \u0130stanbul\u2019un g\u00f6be\u011finde h\u00e2l\u00e2 ayakta olan Ayasofya, d\u00f6neminin en b\u00fcy\u00fck ozanlar\u0131ndan Paulos Silentarios, nam\u0131 di\u011fer Mabeyinci Pavlos, taraf\u0131ndan bizzat a\u00e7\u0131ld\u0131\u011f\u0131 g\u00fcn, yarat\u0131c\u0131lar\u0131n\u0131n ona kazand\u0131rmak istedi\u011fi t\u00fcm g\u00fczellik ve g\u00f6rkemle bezenmi\u015f haliyle, b\u00fct\u00fcn detaylar\u0131yla ve esinleyici bir g\u00fc\u00e7le betimlenmi\u015fti. Belagatteki maharetini sergilerken, ihti\u015fam\u0131yla g\u00f6reni b\u00fcy\u00fcleyen mabedin yap\u0131m\u0131nda kullan\u0131lan malzemelere dair detaylar\u0131 aktar\u0131r ve estetik simgeler gibi g\u00f6r\u00fcnen \u015feylerin ard\u0131nda gizlenmi\u015f tanr\u0131bilimsel motifleri de ilk kez dile getiren bir \u201crehber\u201d esere imza atar Mabeyinci. Bir yaz\u0131n gelene\u011fi olarak d\u00f6nemin mimarl\u0131k yap\u0131tlar\u0131 i\u00e7in kaleme al\u0131nan \u00f6vg\u00fc metinleri aras\u0131nda \u201cbizim\u201d i\u00e7in en \u00f6zeli Ayasofya\u2019n\u0131n Betimi, Pierre Chuvin\u2019in metnin ve yazar\u0131n\u0131n \u00f6nemini ortaya koyan \u00f6ns\u00f6z\u00fc, Samih Rifat\u2019\u0131n Mabeyinci\u2019nin sesini kulaklar\u0131m\u0131zda \u00e7\u0131nlatan titiz \u00e7evirisi ve kendi objektifinden foto\u011fraflar\u0131yla\u2026  <\/p>\n","protected":false},"excerpt":{"rendered":"<p>A\u00e7\u0131l\u0131\u015f\u0131 562 y\u0131l\u0131n\u0131n sonunda ger\u00e7ekle\u015fen ve tam 1000 y\u0131l boyunca H\u0131ristiyan d\u00fcnyas\u0131n\u0131n en b\u00fcy\u00fck ibadethanesi unvan\u0131n\u0131 ta\u015f\u0131yan Ayasofya: Yakla\u015f\u0131k 1500 y\u0131ll\u0131k ge\u00e7mi\u015fi ve ilk g\u00fcnden beri<span class=\"excerpt-hellip\"> [\u2026]<\/span><\/p>\n","protected":false},"featured_media":0,"template":"","meta":{"_monsterinsights_skip_tracking":false,"_monsterinsights_sitenote_active":false,"_monsterinsights_sitenote_note":"","_monsterinsights_sitenote_category":0},"product_brand":[],"product_cat":[12291,12711],"product_tag":[],"class_list":{"0":"post-715625","1":"product","2":"type-product","3":"status-publish","5":"product_cat-edebiyat","6":"product_cat-roman-oyku","7":"pa_cilt-ciltsiz","8":"pa_tur-kitap","9":"pa_yayinevi-kirmizi-kedi-yayinevi","10":"pa_yazar-samih-rifat","12":"first","13":"instock","14":"sale","15":"shipping-taxable","16":"purchasable","17":"product-type-simple"},"_links":{"self":[{"href":"https:\/\/roveyayinevi.com.tr\/index.php\/wp-json\/wp\/v2\/product\/715625","targetHints":{"allow":["GET"]}}],"collection":[{"href":"https:\/\/roveyayinevi.com.tr\/index.php\/wp-json\/wp\/v2\/product"}],"about":[{"href":"https:\/\/roveyayinevi.com.tr\/index.php\/wp-json\/wp\/v2\/types\/product"}],"wp:attachment":[{"href":"https:\/\/roveyayinevi.com.tr\/index.php\/wp-json\/wp\/v2\/media?parent=715625"}],"wp:term":[{"taxonomy":"product_brand","embeddable":true,"href":"https:\/\/roveyayinevi.com.tr\/index.php\/wp-json\/wp\/v2\/product_brand?post=715625"},{"taxonomy":"product_cat","embeddable":true,"href":"https:\/\/roveyayinevi.com.tr\/index.php\/wp-json\/wp\/v2\/product_cat?post=715625"},{"taxonomy":"product_tag","embeddable":true,"href":"https:\/\/roveyayinevi.com.tr\/index.php\/wp-json\/wp\/v2\/product_tag?post=715625"}],"curies":[{"name":"wp","href":"https:\/\/api.w.org\/{rel}","templated":true}]}}