{"id":715624,"date":"2025-08-27T17:32:40","date_gmt":"2025-08-27T14:32:40","guid":{"rendered":"https:\/\/roveyayinevi.com.tr\/index.php\/urun\/gunbatimi-oykuleri-denizasiri-oykuler\/"},"modified":"2026-04-16T02:23:51","modified_gmt":"2026-04-15T23:23:51","slug":"gunbatimi-oykuleri-denizasiri-oykuler","status":"publish","type":"product","link":"https:\/\/roveyayinevi.com.tr\/index.php\/urun\/gunbatimi-oykuleri-denizasiri-oykuler\/","title":{"rendered":"G\u00fcnbat\u0131m\u0131 \u00d6yk\u00fcleri &#8211; Deniza\u015f\u0131r\u0131 \u00d6yk\u00fcler"},"content":{"rendered":"<p>Yal\u0131n ve ayn\u0131 oranda yo\u011fun anlat\u0131m\u0131yla, romanlar\u0131nda g\u00f6sterdi\u011fi ustal\u0131\u011f\u0131 \u00f6yk\u00fclerinde de sergileyen bir yazar Erhan Bener. 1996 Dil Derne\u011fi \u00d6mer As\u0131m Aksoy \u00d6yk\u00fc \u00d6d\u00fcl\u00fc\u2019ne de\u011fer g\u00f6r\u00fclen G\u00fcnbat\u0131m\u0131 \u00d6yk\u00fcleri  ve Deniza\u015f\u0131r\u0131 \u00d6yk\u00fcler\u2019in yer ald\u0131\u011f\u0131 B\u00fct\u00fcn \u00d6yk\u00fcleri\u2019nin ikinci cildinde Bener, insan\u0131 b\u00fct\u00fcnc\u00fc bir bi\u00e7imde ele ald\u0131\u011f\u0131 olaylar\u0131 bu kez tam k\u0131vam\u0131nda bir \u201cmizah\u201dla daha da renklendiriyor. H\u00fcz\u00fcnle ironinin i\u00e7 i\u00e7e ilerledi\u011fi bu \u00f6yk\u00fclerinde, g\u00f6zlem g\u00fcc\u00fcn\u00fcn derinli\u011fiyle okurunda sayg\u0131 uyand\u0131r\u0131yor.   Erhan Bener, T\u00fcrk edebiyat\u0131n\u0131n b\u00fcy\u00fck ustalar\u0131ndan biri\u2026   <\/p>\n","protected":false},"excerpt":{"rendered":"<p>Yal\u0131n ve ayn\u0131 oranda yo\u011fun anlat\u0131m\u0131yla, romanlar\u0131nda g\u00f6sterdi\u011fi ustal\u0131\u011f\u0131 \u00f6yk\u00fclerinde de sergileyen bir yazar Erhan Bener. 1996 Dil Derne\u011fi \u00d6mer As\u0131m Aksoy \u00d6yk\u00fc \u00d6d\u00fcl\u00fc\u2019ne de\u011fer g\u00f6r\u00fclen<span class=\"excerpt-hellip\"> [\u2026]<\/span><\/p>\n","protected":false},"featured_media":0,"template":"","meta":{"_monsterinsights_skip_tracking":false,"_monsterinsights_sitenote_active":false,"_monsterinsights_sitenote_note":"","_monsterinsights_sitenote_category":0},"product_brand":[],"product_cat":[12291,12711],"product_tag":[],"class_list":{"0":"post-715624","1":"product","2":"type-product","3":"status-publish","5":"product_cat-edebiyat","6":"product_cat-roman-oyku","7":"pa_cilt-ciltsiz","8":"pa_tur-kitap","9":"pa_yayinevi-kirmizi-kedi-yayinevi","10":"pa_yazar-erhan-bener","12":"first","13":"instock","14":"sale","15":"shipping-taxable","16":"purchasable","17":"product-type-simple"},"_links":{"self":[{"href":"https:\/\/roveyayinevi.com.tr\/index.php\/wp-json\/wp\/v2\/product\/715624","targetHints":{"allow":["GET"]}}],"collection":[{"href":"https:\/\/roveyayinevi.com.tr\/index.php\/wp-json\/wp\/v2\/product"}],"about":[{"href":"https:\/\/roveyayinevi.com.tr\/index.php\/wp-json\/wp\/v2\/types\/product"}],"wp:attachment":[{"href":"https:\/\/roveyayinevi.com.tr\/index.php\/wp-json\/wp\/v2\/media?parent=715624"}],"wp:term":[{"taxonomy":"product_brand","embeddable":true,"href":"https:\/\/roveyayinevi.com.tr\/index.php\/wp-json\/wp\/v2\/product_brand?post=715624"},{"taxonomy":"product_cat","embeddable":true,"href":"https:\/\/roveyayinevi.com.tr\/index.php\/wp-json\/wp\/v2\/product_cat?post=715624"},{"taxonomy":"product_tag","embeddable":true,"href":"https:\/\/roveyayinevi.com.tr\/index.php\/wp-json\/wp\/v2\/product_tag?post=715624"}],"curies":[{"name":"wp","href":"https:\/\/api.w.org\/{rel}","templated":true}]}}