{"id":715623,"date":"2025-08-27T17:32:40","date_gmt":"2025-08-27T14:32:40","guid":{"rendered":"https:\/\/roveyayinevi.com.tr\/index.php\/urun\/cocuk-ceza-adalet-sistemi\/"},"modified":"2026-01-29T02:43:56","modified_gmt":"2026-01-28T23:43:56","slug":"cocuk-ceza-adalet-sistemi","status":"publish","type":"product","link":"https:\/\/roveyayinevi.com.tr\/index.php\/urun\/cocuk-ceza-adalet-sistemi\/","title":{"rendered":"\u00c7ocuk Ceza Adalet Sistemi"},"content":{"rendered":"<p>Hakk\u0131nda su\u00e7 i\u015fledi\u011fi iddias\u0131 ile soru\u015fturma veya kovu\u015fturma y\u00fcr\u00fct\u00fclen \u00e7ocu\u011fun, kusur yetene\u011finin tam olarak geli\u015fmemesi sebebiyle, yeti\u015fkinlere \u00f6zg\u00fc h\u00fck\u00fcmlerden istisna tutularak, ya\u015f\u0131na, ki\u015fisel geli\u015fimine, olgunluk derecesine, y\u00fcksek yararlar\u0131na ve ihtiya\u00e7lar\u0131na gereken \u00f6zen g\u00f6sterilmek suretiyle alternatif olarak kurulan ceza ve infaz sistemine tabi tutulmas\u0131yla olu\u015fan kural ve ilkeler b\u00fct\u00fcn\u00fc \u00c7ocuk Ceza Adalet Sistemi (Juvenile\/Youth Justice) olarak adland\u0131r\u0131l\u0131r. Bu ba\u011flamda, bu \u00e7al\u0131\u015fma, T\u00fcrkiye\u2019de \u00e7ocuk ceza adalet sisteminin ge\u00e7irdi\u011fi a\u015famalar\u0131, kavram\u0131n uluslararas\u0131 boyutunu, \u00c7ocuk Haklar\u0131 Komitesi gibi kurulu\u015flar\u0131n yar\u0131-yarg\u0131sal (quasi-judicial) niteli\u011fe sahip kararlar\u0131n\u0131, ulusal ve uluslararas\u0131 mahkeme kararlar\u0131n\u0131 dikkate alarak tart\u0131\u015fmakta, kavram\u0131n ceza hukukunda, ceza muhakemesi hukukunda ve infaz hukukunda ele al\u0131n\u0131\u015f bi\u00e7imine ve yans\u0131mas\u0131na ili\u015fkin kapsaml\u0131 tart\u0131\u015fmalara ve \u00f6rneklere yer vermektedir. Ceza, ceza muhakemesi ve infaz hukukunda \u00e7ocuklara uygulanan h\u00fck\u00fcmlerin, \u00e7ocuk ceza adalet sisteminin temel ilkeleriyle daha uyumlu hale getirilmesini ama\u00e7layan bu \u00e7al\u0131\u015fman\u0131n, uygulay\u0131c\u0131lara, akademisyenlere, ara\u015ft\u0131rmac\u0131lara, \u00f6\u011frencilere ve okuyuculara faydal\u0131 olmas\u0131n\u0131 dileriz.<\/p>\n","protected":false},"excerpt":{"rendered":"<p>Hakk\u0131nda su\u00e7 i\u015fledi\u011fi iddias\u0131 ile soru\u015fturma veya kovu\u015fturma y\u00fcr\u00fct\u00fclen \u00e7ocu\u011fun, kusur yetene\u011finin tam olarak geli\u015fmemesi sebebiyle, yeti\u015fkinlere \u00f6zg\u00fc h\u00fck\u00fcmlerden istisna tutularak, ya\u015f\u0131na, ki\u015fisel geli\u015fimine, olgunluk derecesine,<span class=\"excerpt-hellip\"> [\u2026]<\/span><\/p>\n","protected":false},"featured_media":0,"template":"","meta":{"_monsterinsights_skip_tracking":false,"_monsterinsights_sitenote_active":false,"_monsterinsights_sitenote_note":"","_monsterinsights_sitenote_category":0},"product_brand":[],"product_cat":[13590,12337],"product_tag":[],"class_list":{"0":"post-715623","1":"product","2":"type-product","3":"status-publish","5":"product_cat-arastirma-inceleme-politika-siyaset","6":"product_cat-politika-siyaset","7":"pa_cilt-ciltsiz","8":"pa_tur-kitap","9":"pa_yayinevi-utopya-yayinevi","10":"pa_yazar-recep-dogan","12":"first","13":"instock","14":"sale","15":"shipping-taxable","16":"purchasable","17":"product-type-simple"},"_links":{"self":[{"href":"https:\/\/roveyayinevi.com.tr\/index.php\/wp-json\/wp\/v2\/product\/715623","targetHints":{"allow":["GET"]}}],"collection":[{"href":"https:\/\/roveyayinevi.com.tr\/index.php\/wp-json\/wp\/v2\/product"}],"about":[{"href":"https:\/\/roveyayinevi.com.tr\/index.php\/wp-json\/wp\/v2\/types\/product"}],"wp:attachment":[{"href":"https:\/\/roveyayinevi.com.tr\/index.php\/wp-json\/wp\/v2\/media?parent=715623"}],"wp:term":[{"taxonomy":"product_brand","embeddable":true,"href":"https:\/\/roveyayinevi.com.tr\/index.php\/wp-json\/wp\/v2\/product_brand?post=715623"},{"taxonomy":"product_cat","embeddable":true,"href":"https:\/\/roveyayinevi.com.tr\/index.php\/wp-json\/wp\/v2\/product_cat?post=715623"},{"taxonomy":"product_tag","embeddable":true,"href":"https:\/\/roveyayinevi.com.tr\/index.php\/wp-json\/wp\/v2\/product_tag?post=715623"}],"curies":[{"name":"wp","href":"https:\/\/api.w.org\/{rel}","templated":true}]}}