{"id":715622,"date":"2025-08-27T17:32:39","date_gmt":"2025-08-27T14:32:39","guid":{"rendered":"https:\/\/roveyayinevi.com.tr\/index.php\/urun\/aydinlanma-felsefesi-devrimler-ve-ataturk\/"},"modified":"2026-04-16T02:23:51","modified_gmt":"2026-04-15T23:23:51","slug":"aydinlanma-felsefesi-devrimler-ve-ataturk","status":"publish","type":"product","link":"https:\/\/roveyayinevi.com.tr\/index.php\/urun\/aydinlanma-felsefesi-devrimler-ve-ataturk\/","title":{"rendered":"Ayd\u0131nlanma Felsefesi Devrimler ve Atat\u00fcrk"},"content":{"rendered":"<p>Macit G\u00f6kberk, sadece T\u00fcrkiye\u2019nin kurucu felsefecilerinden de\u011fil ayn\u0131 zamanda T\u00fcrk\u00e7enin b\u00fcy\u00fck ustalar\u0131ndan\u2026 G\u00f6kberk, T\u00fcrkiye\u2019de ve T\u00fcrk\u00e7ede felsefenin yer etmesi i\u00e7in, felsefe dilinin yal\u0131nla\u015fmas\u0131 ve T\u00fcrk\u00e7e felsefe terimlerinin t\u00fcretilmesi alanlar\u0131nda \u00f6nemli \u00e7al\u0131\u015fmalarda bulunmu\u015ftu. T\u00fcrk\u00e7enin \u201ck\u00fclt\u00fcr dili\u201d olmas\u0131 i\u00e7in de \u00e7al\u0131\u015fan G\u00f6kberk, 1954-60 ve 1969-76 y\u0131llar\u0131 aras\u0131nda T\u00fcrk Dil Kurumu ba\u015fkanl\u0131\u011f\u0131 yapm\u0131\u015ft\u0131.   Felsefeci kimli\u011fini, dil tutumunu ve Atat\u00fcrk\u00e7\u00fc d\u00fc\u015f\u00fcnceyi bir potada eriterek kaleme ald\u0131\u011f\u0131 Ayd\u0131nlanma Felsefesi, Devrimler ve Atat\u00fcrk adl\u0131 kitab\u0131 onun b\u00fct\u00fcn bu yakla\u015f\u0131mlar\u0131n\u0131 ortaya koyuyor. G\u00f6kberk, bu \u201ck\u00fc\u00e7\u00fck\u201d kitab\u0131nda Atat\u00fcrk devrimlerinin hareket noktas\u0131n\u0131 sa\u011flayan ayd\u0131nlanmac\u0131 felsefeyi a\u00e7\u0131klarken felsefe tarihinden de bir kesit sunuyor. Asla eskimeyecek yerinde yarg\u0131larla Osmanl\u0131dan Cumhuriyet\u2019e \u201cd\u00fc\u015f\u00fcnce\u201d tarihini anlat\u0131rken \u00f6z T\u00fcrk\u00e7enin en g\u00fczel \u00f6rneklerinden birine imza at\u0131yor. <\/p>\n","protected":false},"excerpt":{"rendered":"<p>Macit G\u00f6kberk, sadece T\u00fcrkiye\u2019nin kurucu felsefecilerinden de\u011fil ayn\u0131 zamanda T\u00fcrk\u00e7enin b\u00fcy\u00fck ustalar\u0131ndan\u2026 G\u00f6kberk, T\u00fcrkiye\u2019de ve T\u00fcrk\u00e7ede felsefenin yer etmesi i\u00e7in, felsefe dilinin yal\u0131nla\u015fmas\u0131 ve T\u00fcrk\u00e7e felsefe<span class=\"excerpt-hellip\"> [\u2026]<\/span><\/p>\n","protected":false},"featured_media":0,"template":"","meta":{"_monsterinsights_skip_tracking":false,"_monsterinsights_sitenote_active":false,"_monsterinsights_sitenote_note":"","_monsterinsights_sitenote_category":0},"product_brand":[],"product_cat":[12388,15536],"product_tag":[],"class_list":{"0":"post-715622","1":"product","2":"type-product","3":"status-publish","5":"product_cat-felsefe","6":"product_cat-siyaset-felsefesi","7":"pa_cilt-ciltsiz","8":"pa_tur-kitap","9":"pa_yayinevi-kirmizi-kedi-yayinevi","10":"pa_yazar-macit-gokberk","12":"first","13":"instock","14":"sale","15":"shipping-taxable","16":"purchasable","17":"product-type-simple"},"_links":{"self":[{"href":"https:\/\/roveyayinevi.com.tr\/index.php\/wp-json\/wp\/v2\/product\/715622","targetHints":{"allow":["GET"]}}],"collection":[{"href":"https:\/\/roveyayinevi.com.tr\/index.php\/wp-json\/wp\/v2\/product"}],"about":[{"href":"https:\/\/roveyayinevi.com.tr\/index.php\/wp-json\/wp\/v2\/types\/product"}],"wp:attachment":[{"href":"https:\/\/roveyayinevi.com.tr\/index.php\/wp-json\/wp\/v2\/media?parent=715622"}],"wp:term":[{"taxonomy":"product_brand","embeddable":true,"href":"https:\/\/roveyayinevi.com.tr\/index.php\/wp-json\/wp\/v2\/product_brand?post=715622"},{"taxonomy":"product_cat","embeddable":true,"href":"https:\/\/roveyayinevi.com.tr\/index.php\/wp-json\/wp\/v2\/product_cat?post=715622"},{"taxonomy":"product_tag","embeddable":true,"href":"https:\/\/roveyayinevi.com.tr\/index.php\/wp-json\/wp\/v2\/product_tag?post=715622"}],"curies":[{"name":"wp","href":"https:\/\/api.w.org\/{rel}","templated":true}]}}