{"id":715621,"date":"2025-08-27T17:32:38","date_gmt":"2025-08-27T14:32:38","guid":{"rendered":"https:\/\/roveyayinevi.com.tr\/index.php\/urun\/edouard-roditi-ve-istanbul-avangardi\/"},"modified":"2026-04-16T02:23:51","modified_gmt":"2026-04-15T23:23:51","slug":"edouard-roditi-ve-istanbul-avangardi","status":"publish","type":"product","link":"https:\/\/roveyayinevi.com.tr\/index.php\/urun\/edouard-roditi-ve-istanbul-avangardi\/","title":{"rendered":"Edouard Roditi ve \u0130stanbul Avangard\u0131"},"content":{"rendered":"<p>Clifford Endres, yazd\u0131klar\u0131 ve \u00e7evirdikleri bir yana, \u0130stanbul\u2019daki avangard muhit i\u00e7inde oynad\u0131\u011f\u0131 \u201carabuluculuk\u201d vasf\u0131yla modern T\u00fcrkiye\u2019nin k\u00fclt\u00fcr hayat\u0131nda iz b\u0131rakan g\u00f6r\u00fcnmez bir kahraman\u0131 tan\u0131t\u0131yor bize. \u201cEdouard sanat d\u00fcnyas\u0131nda o kadar \u00e7ok ki\u015fiyi birbiriyle tan\u0131\u015ft\u0131rd\u0131 ki, onsuz bir T\u00fcrk k\u00fclt\u00fcr hayat\u0131 \u00e7ok daha yoksul olurdu.\u201d <\/p>\n","protected":false},"excerpt":{"rendered":"<p>Clifford Endres, yazd\u0131klar\u0131 ve \u00e7evirdikleri bir yana, \u0130stanbul\u2019daki avangard muhit i\u00e7inde oynad\u0131\u011f\u0131 \u201carabuluculuk\u201d vasf\u0131yla modern T\u00fcrkiye\u2019nin k\u00fclt\u00fcr hayat\u0131nda iz b\u0131rakan g\u00f6r\u00fcnmez bir kahraman\u0131 tan\u0131t\u0131yor bize. \u201cEdouard<span class=\"excerpt-hellip\"> [\u2026]<\/span><\/p>\n","protected":false},"featured_media":0,"template":"","meta":{"_monsterinsights_skip_tracking":false,"_monsterinsights_sitenote_active":false,"_monsterinsights_sitenote_note":"","_monsterinsights_sitenote_category":0},"product_brand":[],"product_cat":[12291,13376],"product_tag":[],"class_list":{"0":"post-715621","1":"product","2":"type-product","3":"status-publish","5":"product_cat-edebiyat","6":"product_cat-fransiz-edebiyati","7":"pa_cilt-ciltsiz","8":"pa_tur-kitap","9":"pa_yayinevi-kirmizi-kedi-yayinevi","10":"pa_yazar-clifford-endres","12":"first","13":"instock","14":"sale","15":"shipping-taxable","16":"purchasable","17":"product-type-simple"},"_links":{"self":[{"href":"https:\/\/roveyayinevi.com.tr\/index.php\/wp-json\/wp\/v2\/product\/715621","targetHints":{"allow":["GET"]}}],"collection":[{"href":"https:\/\/roveyayinevi.com.tr\/index.php\/wp-json\/wp\/v2\/product"}],"about":[{"href":"https:\/\/roveyayinevi.com.tr\/index.php\/wp-json\/wp\/v2\/types\/product"}],"wp:attachment":[{"href":"https:\/\/roveyayinevi.com.tr\/index.php\/wp-json\/wp\/v2\/media?parent=715621"}],"wp:term":[{"taxonomy":"product_brand","embeddable":true,"href":"https:\/\/roveyayinevi.com.tr\/index.php\/wp-json\/wp\/v2\/product_brand?post=715621"},{"taxonomy":"product_cat","embeddable":true,"href":"https:\/\/roveyayinevi.com.tr\/index.php\/wp-json\/wp\/v2\/product_cat?post=715621"},{"taxonomy":"product_tag","embeddable":true,"href":"https:\/\/roveyayinevi.com.tr\/index.php\/wp-json\/wp\/v2\/product_tag?post=715621"}],"curies":[{"name":"wp","href":"https:\/\/api.w.org\/{rel}","templated":true}]}}