{"id":715620,"date":"2025-08-27T17:32:38","date_gmt":"2025-08-27T14:32:38","guid":{"rendered":"https:\/\/roveyayinevi.com.tr\/index.php\/urun\/kaliteli-yasamin-sirri-3u-bir-arada\/"},"modified":"2026-04-16T02:23:51","modified_gmt":"2026-04-15T23:23:51","slug":"kaliteli-yasamin-sirri-3u-bir-arada","status":"publish","type":"product","link":"https:\/\/roveyayinevi.com.tr\/index.php\/urun\/kaliteli-yasamin-sirri-3u-bir-arada\/","title":{"rendered":"Kaliteli Ya\u015fam\u0131n S\u0131rr\u0131 3&#8217;\u00fc Bir Arada"},"content":{"rendered":"<p>Sa\u011fl\u0131n\u0131zla ilgili her mesele hayatidir, sa\u011fl\u0131kl\u0131l\u0131k halini s\u00fcrd\u00fcrme \u00e7aban\u0131z bile\u2026   Bu yolda Kaliteli Ya\u015fam\u0131n S\u0131rr\u0131 hayat\u0131n\u0131z\u0131 kolayla\u015ft\u0131racak bir rehber! Bak\u0131\u015f a\u00e7\u0131n\u0131z\u0131 geni\u015fletmenizi sa\u011fl\u0131yor, hastal\u0131klar\u0131n tedavisi ve kal\u0131c\u0131 sa\u011fl\u0131k i\u00e7in 3\u2019l\u00fc form\u00fcl\u00fc bir arada veriyor!   Fitoterapist ve Aromaterapist Diyetisyen Arzu Yamanel, pozitif zihinsel tav\u0131r, sonu\u00e7 odakl\u0131 beslenme, etkin fitoterapi ve aromaterapi ile b\u00fct\u00fcnc\u00fcl bir yakla\u015f\u0131mla Kaliteli Ya\u015fam\u0131n S\u0131rr\u0131\u2019n\u0131 anlat\u0131yor. Bu b\u00fct\u00fcnc\u00fcl yakla\u015f\u0131mla zihninizi ve bedeninizi en etkin bi\u00e7imde severek y\u00f6netmeniz i\u00e7in ihtiyac\u0131n\u0131z olan kapsaml\u0131 bilgiyi size sunuyor. Hastal\u0131klara g\u00f6re diyet re\u00e7eteleriyle hayat\u0131n\u0131z\u0131 kolayla\u015ft\u0131r\u0131yor\u2026   \u00d6\u011frenilmi\u015f \u00e7aresizlikleri, karamsarl\u0131\u011f\u0131, umutsuzlu\u011fu, yetersizlik duygusunu v\u00fccudunuza ald\u0131\u011f\u0131n\u0131z besinlerin inan\u0131lmaz zengin d\u00fcnyas\u0131yla yenin. Onlar\u0131 ke\u015ffedin ve ihtiya\u00e7lar\u0131n\u0131z i\u00e7in en do\u011fru bi\u00e7imde kullanmay\u0131 tatlar\u0131n\u0131 \u00e7\u0131kararak \u00f6\u011frenin.    Meseleye pozitif yakla\u015f\u0131p kendinizi severek, anlayarak ve motive ederek, neyi neden v\u00fccudunuza alaca\u011f\u0131n\u0131z\u0131 iyi bilip sonu\u00e7 odakl\u0131 beslenerek ve bitkilerden en etkin bi\u00e7imde yararlanarak, hastal\u0131kta ve sa\u011fl\u0131kta hayat\u0131n\u0131z\u0131 maksimum kalitede tutman\u0131n keyfini \u00e7\u0131kar\u0131n. <\/p>\n","protected":false},"excerpt":{"rendered":"<p>Sa\u011fl\u0131n\u0131zla ilgili her mesele hayatidir, sa\u011fl\u0131kl\u0131l\u0131k halini s\u00fcrd\u00fcrme \u00e7aban\u0131z bile\u2026 Bu yolda Kaliteli Ya\u015fam\u0131n S\u0131rr\u0131 hayat\u0131n\u0131z\u0131 kolayla\u015ft\u0131racak bir rehber! Bak\u0131\u015f a\u00e7\u0131n\u0131z\u0131 geni\u015fletmenizi sa\u011fl\u0131yor, hastal\u0131klar\u0131n tedavisi ve<span class=\"excerpt-hellip\"> [\u2026]<\/span><\/p>\n","protected":false},"featured_media":0,"template":"","meta":{"_monsterinsights_skip_tracking":false,"_monsterinsights_sitenote_active":false,"_monsterinsights_sitenote_note":"","_monsterinsights_sitenote_category":0},"product_brand":[],"product_cat":[13366,13365],"product_tag":[],"class_list":{"0":"post-715620","1":"product","2":"type-product","3":"status-publish","5":"product_cat-diger-saglik","6":"product_cat-saglik","7":"pa_cilt-ciltsiz","8":"pa_tur-kitap","9":"pa_yayinevi-hayykitap","10":"pa_yazar-arzu-yamanel","12":"first","13":"instock","14":"sale","15":"shipping-taxable","16":"purchasable","17":"product-type-simple"},"_links":{"self":[{"href":"https:\/\/roveyayinevi.com.tr\/index.php\/wp-json\/wp\/v2\/product\/715620","targetHints":{"allow":["GET"]}}],"collection":[{"href":"https:\/\/roveyayinevi.com.tr\/index.php\/wp-json\/wp\/v2\/product"}],"about":[{"href":"https:\/\/roveyayinevi.com.tr\/index.php\/wp-json\/wp\/v2\/types\/product"}],"wp:attachment":[{"href":"https:\/\/roveyayinevi.com.tr\/index.php\/wp-json\/wp\/v2\/media?parent=715620"}],"wp:term":[{"taxonomy":"product_brand","embeddable":true,"href":"https:\/\/roveyayinevi.com.tr\/index.php\/wp-json\/wp\/v2\/product_brand?post=715620"},{"taxonomy":"product_cat","embeddable":true,"href":"https:\/\/roveyayinevi.com.tr\/index.php\/wp-json\/wp\/v2\/product_cat?post=715620"},{"taxonomy":"product_tag","embeddable":true,"href":"https:\/\/roveyayinevi.com.tr\/index.php\/wp-json\/wp\/v2\/product_tag?post=715620"}],"curies":[{"name":"wp","href":"https:\/\/api.w.org\/{rel}","templated":true}]}}