{"id":715619,"date":"2025-08-27T17:32:37","date_gmt":"2025-08-27T14:32:37","guid":{"rendered":"https:\/\/roveyayinevi.com.tr\/index.php\/urun\/nervalin-hayati\/"},"modified":"2026-04-16T02:23:51","modified_gmt":"2026-04-15T23:23:51","slug":"nervalin-hayati","status":"publish","type":"product","link":"https:\/\/roveyayinevi.com.tr\/index.php\/urun\/nervalin-hayati\/","title":{"rendered":"Nerval&#8217;\u0131n Hayat\u0131"},"content":{"rendered":"<p>19. y\u00fczy\u0131l\u0131n, yolu bu topraklardan ge\u00e7mi\u015f, g\u00f6z\u00fc s\u00f6z\u00fc bu co\u011frafyaya de\u011fmi\u015f de\u011finmi\u015f iki g\u00fczide Frans\u0131z yazar\u0131, ayn\u0131 zamanda iki s\u0131k\u0131 dost. Paris\u2019in bug\u00fcn art\u0131k var olmayan Vieille-Lanterne Soka\u011f\u0131\u2019nda kendini bir mahzenin penceresine asarak intihar eden G\u00e9rard de Nerval\u2019in \u00f6l\u00fcm\u00fcnden y\u0131llar sonra yaz\u0131lm\u0131\u015f bir portre. Nerval\u2019in g\u00f6lgede kalan y\u00f6nlerini if\u015fa eden bu metin, Baudelaire\u2019in K\u00f6t\u00fcl\u00fck \u00c7i\u00e7ekleri\u2019ni adad\u0131\u011f\u0131 Gautier\u2019nin ne denli usta bir kalem oldu\u011funu g\u00f6steriyor ayn\u0131 zamanda. <\/p>\n","protected":false},"excerpt":{"rendered":"<p>19. y\u00fczy\u0131l\u0131n, yolu bu topraklardan ge\u00e7mi\u015f, g\u00f6z\u00fc s\u00f6z\u00fc bu co\u011frafyaya de\u011fmi\u015f de\u011finmi\u015f iki g\u00fczide Frans\u0131z yazar\u0131, ayn\u0131 zamanda iki s\u0131k\u0131 dost. Paris\u2019in bug\u00fcn art\u0131k var olmayan<span class=\"excerpt-hellip\"> [\u2026]<\/span><\/p>\n","protected":false},"featured_media":0,"template":"","meta":{"_monsterinsights_skip_tracking":false,"_monsterinsights_sitenote_active":false,"_monsterinsights_sitenote_note":"","_monsterinsights_sitenote_category":0},"product_brand":[],"product_cat":[12291,13376],"product_tag":[],"class_list":{"0":"post-715619","1":"product","2":"type-product","3":"status-publish","5":"product_cat-edebiyat","6":"product_cat-fransiz-edebiyati","7":"pa_cilt-ciltsiz","8":"pa_tur-kitap","9":"pa_yayinevi-kirmizi-kedi-yayinevi","10":"pa_yazar-theophile-gautier","12":"first","13":"instock","14":"sale","15":"shipping-taxable","16":"purchasable","17":"product-type-simple"},"_links":{"self":[{"href":"https:\/\/roveyayinevi.com.tr\/index.php\/wp-json\/wp\/v2\/product\/715619","targetHints":{"allow":["GET"]}}],"collection":[{"href":"https:\/\/roveyayinevi.com.tr\/index.php\/wp-json\/wp\/v2\/product"}],"about":[{"href":"https:\/\/roveyayinevi.com.tr\/index.php\/wp-json\/wp\/v2\/types\/product"}],"wp:attachment":[{"href":"https:\/\/roveyayinevi.com.tr\/index.php\/wp-json\/wp\/v2\/media?parent=715619"}],"wp:term":[{"taxonomy":"product_brand","embeddable":true,"href":"https:\/\/roveyayinevi.com.tr\/index.php\/wp-json\/wp\/v2\/product_brand?post=715619"},{"taxonomy":"product_cat","embeddable":true,"href":"https:\/\/roveyayinevi.com.tr\/index.php\/wp-json\/wp\/v2\/product_cat?post=715619"},{"taxonomy":"product_tag","embeddable":true,"href":"https:\/\/roveyayinevi.com.tr\/index.php\/wp-json\/wp\/v2\/product_tag?post=715619"}],"curies":[{"name":"wp","href":"https:\/\/api.w.org\/{rel}","templated":true}]}}