{"id":715618,"date":"2025-08-27T17:32:37","date_gmt":"2025-08-27T14:32:37","guid":{"rendered":"https:\/\/roveyayinevi.com.tr\/index.php\/urun\/toplum-icinde-davranmak\/"},"modified":"2026-04-16T02:23:51","modified_gmt":"2026-04-15T23:23:51","slug":"toplum-icinde-davranmak","status":"publish","type":"product","link":"https:\/\/roveyayinevi.com.tr\/index.php\/urun\/toplum-icinde-davranmak\/","title":{"rendered":"Toplum \u0130\u00e7inde Davranmak"},"content":{"rendered":"<p>Toplum i\u00e7inde nas\u0131l davran\u0131l\u0131r? Olduk\u00e7a s\u0131radan olan bu soru etraf\u0131nda Goffman, y\u00fcz y\u00fcze kar\u015f\u0131la\u015fma ve durumlardaki etkile\u015fim d\u00fczeninin esas\u0131n\u0131 ve detaylar\u0131n\u0131 ilk kez okurla payla\u015f\u0131yor. Etkile\u015fim i\u00e7erisindeki bireyler, e\u015f zamanl\u0131 olarak, birbirlerinin hem yarg\u0131c\u0131 hem de seyircisi olarak kar\u015f\u0131m\u0131za \u00e7\u0131k\u0131yor. Burada d\u00fczen, \u00f6ncelikle g\u00f6z ve beden eri\u015fimi \u00fczerinden, bireylerin birbirlerine y\u00f6nelttikleri kar\u015f\u0131l\u0131kl\u0131 bak\u0131\u015f, ilgi ve g\u00f6zetim olarak kendini ifade ediyor. D\u00fczenin \u201cnormalleri\u201d kadar \u201cdelileri\u201d, \u201cdamgal\u0131lar\u0131\u201d veyahut da \u201cmadunlar\u0131\u201d da Goffman\u2019\u0131n merce\u011fine tak\u0131l\u0131yor. \u201cYerini bilememe\u201d hali olarak \u201cdelilik\u201d ve eri\u015fime kapal\u0131l\u0131k olarak \u201cengellilik\u201d etkile\u015fim d\u00fczeninin disipline etmeye \u00e7al\u0131\u015ft\u0131\u011f\u0131 kategorileri olu\u015fturuyorlar. Madunlar\u0131n pay\u0131na ise bir nevi \u201cg\u00f6r\u00fcnmezlik\u201d ve \u201cyok say\u0131lma\u201d d\u00fc\u015f\u00fcyor. \u201cUygar kay\u0131ts\u0131zl\u0131k\u201d, y\u00fcz y\u00fcze kar\u015f\u0131la\u015fma anlar\u0131nda etkile\u015fimsel ilgiyi bir anda keserek kar\u015f\u0131dakinin bizatihi mevcudiyetini ortadan kald\u0131r\u0131yor. Belki de tam da bu noktada Goffman sosyolojisi, iktidar ili\u015fkilerinin bir mikro-sosyolojisi i\u00e7in t\u00fcm potansiyelini ortaya koyuyor; durumlara s\u0131zm\u0131\u015f tahakk\u00fcm bu sefer etkile\u015fim d\u00fczeninin uzla\u015f\u0131lar\u0131n\u0131n yerini al\u0131yor, daha do\u011frusu, bu uzla\u015f\u0131lar \u00fczerinden yeniden \u00fcretiliyor. B\u00f6ylece, etkile\u015fimlerin \u201csilik\u201d y\u00fczleri her \u015feyden \u00f6nce tahakk\u00fcm alt\u0131ndaki y\u00fczler olarak \u00e7\u0131k\u0131yor kar\u015f\u0131m\u0131za: Deliler, Engelliler, Kad\u0131nlar, Siyahlar\u2026 <\/p>\n","protected":false},"excerpt":{"rendered":"<p>Toplum i\u00e7inde nas\u0131l davran\u0131l\u0131r? Olduk\u00e7a s\u0131radan olan bu soru etraf\u0131nda Goffman, y\u00fcz y\u00fcze kar\u015f\u0131la\u015fma ve durumlardaki etkile\u015fim d\u00fczeninin esas\u0131n\u0131 ve detaylar\u0131n\u0131 ilk kez okurla payla\u015f\u0131yor. Etkile\u015fim<span class=\"excerpt-hellip\"> [\u2026]<\/span><\/p>\n","protected":false},"featured_media":0,"template":"","meta":{"_monsterinsights_skip_tracking":false,"_monsterinsights_sitenote_active":false,"_monsterinsights_sitenote_note":"","_monsterinsights_sitenote_category":0},"product_brand":[],"product_cat":[12835,12324],"product_tag":[],"class_list":{"0":"post-715618","1":"product","2":"type-product","3":"status-publish","5":"product_cat-genel-sosyoloji","6":"product_cat-sosyoloji","7":"pa_cilt-ciltsiz","8":"pa_tur-kitap","9":"pa_yayinevi-heretik-yayincilik","10":"pa_yazar-erving-goffman","12":"first","13":"instock","14":"sale","15":"shipping-taxable","16":"purchasable","17":"product-type-simple"},"_links":{"self":[{"href":"https:\/\/roveyayinevi.com.tr\/index.php\/wp-json\/wp\/v2\/product\/715618","targetHints":{"allow":["GET"]}}],"collection":[{"href":"https:\/\/roveyayinevi.com.tr\/index.php\/wp-json\/wp\/v2\/product"}],"about":[{"href":"https:\/\/roveyayinevi.com.tr\/index.php\/wp-json\/wp\/v2\/types\/product"}],"wp:attachment":[{"href":"https:\/\/roveyayinevi.com.tr\/index.php\/wp-json\/wp\/v2\/media?parent=715618"}],"wp:term":[{"taxonomy":"product_brand","embeddable":true,"href":"https:\/\/roveyayinevi.com.tr\/index.php\/wp-json\/wp\/v2\/product_brand?post=715618"},{"taxonomy":"product_cat","embeddable":true,"href":"https:\/\/roveyayinevi.com.tr\/index.php\/wp-json\/wp\/v2\/product_cat?post=715618"},{"taxonomy":"product_tag","embeddable":true,"href":"https:\/\/roveyayinevi.com.tr\/index.php\/wp-json\/wp\/v2\/product_tag?post=715618"}],"curies":[{"name":"wp","href":"https:\/\/api.w.org\/{rel}","templated":true}]}}