{"id":715616,"date":"2025-08-27T17:32:35","date_gmt":"2025-08-27T14:32:35","guid":{"rendered":"https:\/\/roveyayinevi.com.tr\/index.php\/urun\/fazla-uzaklasmis-olamam-dondur-beni\/"},"modified":"2026-04-16T02:23:50","modified_gmt":"2026-04-15T23:23:50","slug":"fazla-uzaklasmis-olamam-dondur-beni","status":"publish","type":"product","link":"https:\/\/roveyayinevi.com.tr\/index.php\/urun\/fazla-uzaklasmis-olamam-dondur-beni\/","title":{"rendered":"Fazla Uzakla\u015fm\u0131\u015f Olamam D\u00f6nd\u00fcr Beni"},"content":{"rendered":"<p>Y\u0131llard\u0131r aya\u011f\u0131 k\u0131r\u0131lan atlar\u0131 besliyorum akl\u0131m\u0131n ah\u0131rlar\u0131nda. Tekrar ko\u015famayacaklar\u0131n\u0131 biliyorum. Bunu kimsenin anlamas\u0131n\u0131 da beklemiyorum&#8230; Umut b\u00f6yle bir \u015fey. <\/p>\n","protected":false},"excerpt":{"rendered":"<p>Y\u0131llard\u0131r aya\u011f\u0131 k\u0131r\u0131lan atlar\u0131 besliyorum akl\u0131m\u0131n ah\u0131rlar\u0131nda. Tekrar ko\u015famayacaklar\u0131n\u0131 biliyorum. Bunu kimsenin anlamas\u0131n\u0131 da beklemiyorum&#8230; Umut b\u00f6yle bir \u015fey.<\/p>\n","protected":false},"featured_media":0,"template":"","meta":{"_monsterinsights_skip_tracking":false,"_monsterinsights_sitenote_active":false,"_monsterinsights_sitenote_note":"","_monsterinsights_sitenote_category":0},"product_brand":[],"product_cat":[12777,12291],"product_tag":[],"class_list":{"0":"post-715616","1":"product","2":"type-product","3":"status-publish","5":"product_cat-deneme","6":"product_cat-edebiyat","7":"pa_cilt-ciltsiz","8":"pa_tur-kitap","9":"pa_yayinevi-hayykitap","10":"pa_yazar-son-cengiz-aydin","12":"first","13":"instock","14":"sale","15":"shipping-taxable","16":"purchasable","17":"product-type-simple"},"_links":{"self":[{"href":"https:\/\/roveyayinevi.com.tr\/index.php\/wp-json\/wp\/v2\/product\/715616","targetHints":{"allow":["GET"]}}],"collection":[{"href":"https:\/\/roveyayinevi.com.tr\/index.php\/wp-json\/wp\/v2\/product"}],"about":[{"href":"https:\/\/roveyayinevi.com.tr\/index.php\/wp-json\/wp\/v2\/types\/product"}],"wp:attachment":[{"href":"https:\/\/roveyayinevi.com.tr\/index.php\/wp-json\/wp\/v2\/media?parent=715616"}],"wp:term":[{"taxonomy":"product_brand","embeddable":true,"href":"https:\/\/roveyayinevi.com.tr\/index.php\/wp-json\/wp\/v2\/product_brand?post=715616"},{"taxonomy":"product_cat","embeddable":true,"href":"https:\/\/roveyayinevi.com.tr\/index.php\/wp-json\/wp\/v2\/product_cat?post=715616"},{"taxonomy":"product_tag","embeddable":true,"href":"https:\/\/roveyayinevi.com.tr\/index.php\/wp-json\/wp\/v2\/product_tag?post=715616"}],"curies":[{"name":"wp","href":"https:\/\/api.w.org\/{rel}","templated":true}]}}