{"id":715613,"date":"2025-08-27T17:32:34","date_gmt":"2025-08-27T14:32:34","guid":{"rendered":"https:\/\/roveyayinevi.com.tr\/index.php\/urun\/tilsim-8-kitap-supernova\/"},"modified":"2026-04-16T02:23:50","modified_gmt":"2026-04-15T23:23:50","slug":"tilsim-8-kitap-supernova","status":"publish","type":"product","link":"https:\/\/roveyayinevi.com.tr\/index.php\/urun\/tilsim-8-kitap-supernova\/","title":{"rendered":"T\u0131ls\u0131m 8. Kitap &#8211; S\u00fcpernova"},"content":{"rendered":"<p>T\u0131ls\u0131m efsanesinin tamamlanmas\u0131na bir kala, nefesler tutuluyor\u2026Kazu Kibuishi\u2019nin, bug\u00fcne kadar 16 dilde yay\u0131mlanan \u201cT\u0131ls\u0131m\u201d serisinin sekizinci halkas\u0131 S\u00fcpernova, ABD ile e\u015fzamanl\u0131 olarak T\u00fcrkiyeli hayranlar\u0131yla bulu\u015fuyor.8 ya\u015f ve \u00fczerindeki \u00e7izgi roman severlerin ellerinden b\u0131rakamad\u0131klar\u0131 \u201cT\u0131ls\u0131m\u201d efsanesinin bu en yeni ser\u00fcveni; uzay\u0131n derinliklerinde, iyiyle k\u00f6t\u00fcn\u00fcn amans\u0131z m\u00fccadelesini yine e\u015fi benzeri g\u00f6r\u00fclmemi\u015f bir fantastik maceraya d\u00f6n\u00fc\u015ft\u00fcr\u00fcyor.Yay\u0131mland\u0131\u011f\u0131 g\u00fcnden bu yana milyonlarca okuru pe\u015finden s\u00fcr\u00fckleyen, uzun s\u00fcreNew York Times \u00e7oksatanlar listesinin zirvesinde yer alan &#8220;T\u0131ls\u0131m&#8221; serisi, ayn\u0131 zamanda pek \u00e7ok \u00f6d\u00fcl\u00fcn de sahibi.  Dokuz kitapl\u0131k serinin tamamlanmas\u0131na bir kala, Emily ve dostlar\u0131n\u0131n ba\u015f\u0131 yine b\u00fcy\u00fck dertlere giriyor. Emily, Ses\u2019in etkisinden kurtulmak i\u00e7in \u00e7abalarken Prens Trellis kendi halk\u0131na s\u00f6z ge\u00e7irmeye \u00e7al\u0131\u015f\u0131yor. Elf Kral\u0131\u2019n\u0131n ve Elf ordusunun hain plan\u0131 i\u015fe yaramay\u0131nca, Direni\u015f g\u00fcc\u00fcn\u00fc koruyup toparlanmay\u0131 ba\u015far\u0131yor. B\u00fcy\u00fck sava\u015f yakla\u015f\u0131rken, k\u00f6t\u00fcl\u00fc\u011f\u00fc yenmek her zamankinden \u00e7ok daha g\u00fc\u00e7le\u015fiyor\u2026  \u00d6zg\u00fcn tiplemeleri, sinematografik \u00e7izimleri ve s\u00fcr\u00fckleyici temposuyla fark yaratan \u201cT\u0131ls\u0131m\u201d serisi, b\u00fcy\u00fcl\u00fc ormanlar, s\u0131rad\u0131\u015f\u0131 yarat\u0131klar, konu\u015fan bilge a\u011fa\u00e7larla bezeli b\u00fcy\u00fcl\u00fc hik\u00e2yesinin sat\u0131r aralar\u0131nda; iktidar, bilin\u00e7 ve m\u00fccadele ile ilgili \u00f6nemli payla\u015f\u0131mlarda bulunuyor.Desen okurlar\u0131n\u0131n, T\u00fcrkiye\u2019de ger\u00e7ekle\u015ftirdi\u011fi at\u00f6lye \u00e7al\u0131\u015fmalar\u0131nda bizzat tan\u0131\u015fma f\u0131rsat\u0131 yakalad\u0131\u011f\u0131 Kazu Kibuishi\u2019nin hayat verdi\u011fi \u201cT\u0131ls\u0131m\u201d serisi, her yeni maceras\u0131nda hayran say\u0131s\u0131n\u0131 art\u0131rmay\u0131 ba\u015far\u0131rken \u00e7izgi roman d\u00fcnyas\u0131ndaki varl\u0131\u011f\u0131n\u0131 da efsanele\u015ftiriyor. <\/p>\n","protected":false},"excerpt":{"rendered":"<p>T\u0131ls\u0131m efsanesinin tamamlanmas\u0131na bir kala, nefesler tutuluyor\u2026Kazu Kibuishi\u2019nin, bug\u00fcne kadar 16 dilde yay\u0131mlanan \u201cT\u0131ls\u0131m\u201d serisinin sekizinci halkas\u0131 S\u00fcpernova, ABD ile e\u015fzamanl\u0131 olarak T\u00fcrkiyeli hayranlar\u0131yla bulu\u015fuyor.8 ya\u015f<span class=\"excerpt-hellip\"> [\u2026]<\/span><\/p>\n","protected":false},"featured_media":0,"template":"","meta":{"_monsterinsights_skip_tracking":false,"_monsterinsights_sitenote_active":false,"_monsterinsights_sitenote_note":"","_monsterinsights_sitenote_category":0},"product_brand":[],"product_cat":[12689,12274],"product_tag":[],"class_list":{"0":"post-715613","1":"product","2":"type-product","3":"status-publish","5":"product_cat-cizgi-roman-cocuk-ve-genclik-kitaplari","6":"product_cat-cocuk-ve-genclik-kitaplari","7":"pa_cilt-ciltsiz","8":"pa_tur-kitap","9":"pa_yayinevi-desen-yayinlari","10":"pa_yazar-kazu-kibuishi","12":"first","13":"instock","14":"sale","15":"shipping-taxable","16":"purchasable","17":"product-type-simple"},"_links":{"self":[{"href":"https:\/\/roveyayinevi.com.tr\/index.php\/wp-json\/wp\/v2\/product\/715613","targetHints":{"allow":["GET"]}}],"collection":[{"href":"https:\/\/roveyayinevi.com.tr\/index.php\/wp-json\/wp\/v2\/product"}],"about":[{"href":"https:\/\/roveyayinevi.com.tr\/index.php\/wp-json\/wp\/v2\/types\/product"}],"wp:attachment":[{"href":"https:\/\/roveyayinevi.com.tr\/index.php\/wp-json\/wp\/v2\/media?parent=715613"}],"wp:term":[{"taxonomy":"product_brand","embeddable":true,"href":"https:\/\/roveyayinevi.com.tr\/index.php\/wp-json\/wp\/v2\/product_brand?post=715613"},{"taxonomy":"product_cat","embeddable":true,"href":"https:\/\/roveyayinevi.com.tr\/index.php\/wp-json\/wp\/v2\/product_cat?post=715613"},{"taxonomy":"product_tag","embeddable":true,"href":"https:\/\/roveyayinevi.com.tr\/index.php\/wp-json\/wp\/v2\/product_tag?post=715613"}],"curies":[{"name":"wp","href":"https:\/\/api.w.org\/{rel}","templated":true}]}}