{"id":715612,"date":"2025-08-27T17:32:33","date_gmt":"2025-08-27T14:32:33","guid":{"rendered":"https:\/\/roveyayinevi.com.tr\/index.php\/urun\/cingoz-recainin-harikulade-serguzestleri\/"},"modified":"2026-04-03T02:30:25","modified_gmt":"2026-04-02T23:30:25","slug":"cingoz-recainin-harikulade-serguzestleri","status":"publish","type":"product","link":"https:\/\/roveyayinevi.com.tr\/index.php\/urun\/cingoz-recainin-harikulade-serguzestleri\/","title":{"rendered":"Cing\u00f6z Recai&#8217;nin Harikulade Serg\u00fcze\u015ftleri"},"content":{"rendered":"<p>\u0130lk defa 1924\u2019te yay\u0131mlanan ve 10 hik\u00e2yeden olu\u015fan \u201cCing\u00f6z Recai\u2019nin Harikul\u00e2de Serg\u00fcze\u015ftleri\u201d serisi, T\u00fcrk polisiye edebiyat\u0131 tarihinin \u00f6nemli ismi Erol \u00dcyepazarc\u0131 taraf\u0131ndan itinal\u0131 bir \u015fekilde eski yaz\u0131dan yeni harflere notland\u0131r\u0131larak aktar\u0131lm\u0131\u015ft\u0131r. Kitapta yer alan hik\u00e2yeler \u015funlard\u0131r:Cing\u00f6z\u00fcn K\u0131z Ka\u00e7\u0131rmas\u0131Nazar Boncu\u011fuKasa Ba\u015f\u0131nda Anadolukava\u011f\u0131&#8217;nda Bir Cinayet Elmaslar \u0130\u00e7inde Kanl\u0131ca Vak&#8217;as\u0131Kuma\u015f Par\u00e7as\u0131Yang\u0131n YerindeCing\u00f6z Tehlikede Cing\u00f6z Kafeste<\/p>\n","protected":false},"excerpt":{"rendered":"<p>\u0130lk defa 1924\u2019te yay\u0131mlanan ve 10 hik\u00e2yeden olu\u015fan \u201cCing\u00f6z Recai\u2019nin Harikul\u00e2de Serg\u00fcze\u015ftleri\u201d serisi, T\u00fcrk polisiye edebiyat\u0131 tarihinin \u00f6nemli ismi Erol \u00dcyepazarc\u0131 taraf\u0131ndan itinal\u0131 bir \u015fekilde eski<span class=\"excerpt-hellip\"> [\u2026]<\/span><\/p>\n","protected":false},"featured_media":0,"template":"","meta":{"_monsterinsights_skip_tracking":false,"_monsterinsights_sitenote_active":false,"_monsterinsights_sitenote_note":"","_monsterinsights_sitenote_category":0},"product_brand":[],"product_cat":[12291,12711],"product_tag":[],"class_list":{"0":"post-715612","1":"product","2":"type-product","3":"status-publish","5":"product_cat-edebiyat","6":"product_cat-roman-oyku","7":"pa_cilt-ciltsiz","8":"pa_tur-kitap","9":"pa_yayinevi-otuken-nesriyat","10":"pa_yazar-peyami-safa-server-bedi","12":"first","13":"instock","14":"sale","15":"shipping-taxable","16":"purchasable","17":"product-type-simple"},"_links":{"self":[{"href":"https:\/\/roveyayinevi.com.tr\/index.php\/wp-json\/wp\/v2\/product\/715612","targetHints":{"allow":["GET"]}}],"collection":[{"href":"https:\/\/roveyayinevi.com.tr\/index.php\/wp-json\/wp\/v2\/product"}],"about":[{"href":"https:\/\/roveyayinevi.com.tr\/index.php\/wp-json\/wp\/v2\/types\/product"}],"wp:attachment":[{"href":"https:\/\/roveyayinevi.com.tr\/index.php\/wp-json\/wp\/v2\/media?parent=715612"}],"wp:term":[{"taxonomy":"product_brand","embeddable":true,"href":"https:\/\/roveyayinevi.com.tr\/index.php\/wp-json\/wp\/v2\/product_brand?post=715612"},{"taxonomy":"product_cat","embeddable":true,"href":"https:\/\/roveyayinevi.com.tr\/index.php\/wp-json\/wp\/v2\/product_cat?post=715612"},{"taxonomy":"product_tag","embeddable":true,"href":"https:\/\/roveyayinevi.com.tr\/index.php\/wp-json\/wp\/v2\/product_tag?post=715612"}],"curies":[{"name":"wp","href":"https:\/\/api.w.org\/{rel}","templated":true}]}}