{"id":715609,"date":"2025-08-27T17:32:31","date_gmt":"2025-08-27T14:32:31","guid":{"rendered":"https:\/\/roveyayinevi.com.tr\/index.php\/urun\/evcilik-oyunu\/"},"modified":"2026-04-16T02:23:50","modified_gmt":"2026-04-15T23:23:50","slug":"evcilik-oyunu","status":"publish","type":"product","link":"https:\/\/roveyayinevi.com.tr\/index.php\/urun\/evcilik-oyunu\/","title":{"rendered":"Evcilik Oyunu"},"content":{"rendered":"<p>Oyunlar yaln\u0131zca \u00e7ocuklar i\u00e7in mi sand\u0131n\u0131z? Yan\u0131l\u0131yorsunuz.Baz\u0131 oyunlar sadece yeti\u015fkinler aras\u0131nda oynan\u0131r. T\u0131pk\u0131 bu evcilik oyununda oldu\u011fu gibi\u2026 Sarper, oyunun kurallar\u0131n\u0131 koymu\u015ftu. Olduk\u00e7a kat\u0131 kurallar\u2026 K\u0131z\u0131na annelik yap\u0131lmas\u0131n\u0131 istiyordu hem de Eliz taraf\u0131ndan.Eliz, ne kadar direnirse dirensin ona ve isteklerine engel olamam\u0131\u015ft\u0131. Adam\u0131n ad\u0131 gibi sarp, engel tan\u0131maz ve \u0131\u015f\u0131l \u0131\u015f\u0131l mavi g\u00f6zlerinden de\u011fildi. Kesinlikle de\u011fildi! Ama o mavi g\u00f6zlerin birebir kopyas\u0131 olan k\u00fc\u00e7\u00fck bir k\u0131z\u0131n bak\u0131\u015flar\u0131, g\u00fcl\u00fc\u015f\u00fc, sar\u0131l\u0131\u015f\u0131 ve o g\u00f6zlerindeki muhta\u00e7l\u0131k onu bu oyuna mahk\u00fbm k\u0131lmaya yetmi\u015fti.<\/p>\n","protected":false},"excerpt":{"rendered":"<p>Oyunlar yaln\u0131zca \u00e7ocuklar i\u00e7in mi sand\u0131n\u0131z? Yan\u0131l\u0131yorsunuz.Baz\u0131 oyunlar sadece yeti\u015fkinler aras\u0131nda oynan\u0131r. T\u0131pk\u0131 bu evcilik oyununda oldu\u011fu gibi\u2026 Sarper, oyunun kurallar\u0131n\u0131 koymu\u015ftu. Olduk\u00e7a kat\u0131 kurallar\u2026 K\u0131z\u0131na<span class=\"excerpt-hellip\"> [\u2026]<\/span><\/p>\n","protected":false},"featured_media":0,"template":"","meta":{"_monsterinsights_skip_tracking":false,"_monsterinsights_sitenote_active":false,"_monsterinsights_sitenote_note":"","_monsterinsights_sitenote_category":0},"product_brand":[],"product_cat":[12291,12711],"product_tag":[],"class_list":{"0":"post-715609","1":"product","2":"type-product","3":"status-publish","5":"product_cat-edebiyat","6":"product_cat-roman-oyku","7":"pa_cilt-ciltsiz","8":"pa_tur-kitap","9":"pa_yayinevi-dokuz-yayinlari","10":"pa_yazar-gulsum-bilgin","12":"first","13":"instock","14":"sale","15":"shipping-taxable","16":"purchasable","17":"product-type-simple"},"_links":{"self":[{"href":"https:\/\/roveyayinevi.com.tr\/index.php\/wp-json\/wp\/v2\/product\/715609","targetHints":{"allow":["GET"]}}],"collection":[{"href":"https:\/\/roveyayinevi.com.tr\/index.php\/wp-json\/wp\/v2\/product"}],"about":[{"href":"https:\/\/roveyayinevi.com.tr\/index.php\/wp-json\/wp\/v2\/types\/product"}],"wp:attachment":[{"href":"https:\/\/roveyayinevi.com.tr\/index.php\/wp-json\/wp\/v2\/media?parent=715609"}],"wp:term":[{"taxonomy":"product_brand","embeddable":true,"href":"https:\/\/roveyayinevi.com.tr\/index.php\/wp-json\/wp\/v2\/product_brand?post=715609"},{"taxonomy":"product_cat","embeddable":true,"href":"https:\/\/roveyayinevi.com.tr\/index.php\/wp-json\/wp\/v2\/product_cat?post=715609"},{"taxonomy":"product_tag","embeddable":true,"href":"https:\/\/roveyayinevi.com.tr\/index.php\/wp-json\/wp\/v2\/product_tag?post=715609"}],"curies":[{"name":"wp","href":"https:\/\/api.w.org\/{rel}","templated":true}]}}