{"id":715606,"date":"2025-08-27T17:32:29","date_gmt":"2025-08-27T14:32:29","guid":{"rendered":"https:\/\/roveyayinevi.com.tr\/index.php\/urun\/vakif-is-kumesi\/"},"modified":"2026-04-16T02:23:50","modified_gmt":"2026-04-15T23:23:50","slug":"vakif-is-kumesi","status":"publish","type":"product","link":"https:\/\/roveyayinevi.com.tr\/index.php\/urun\/vakif-is-kumesi\/","title":{"rendered":"Vak\u0131f \u0130\u015f K\u00fcmesi"},"content":{"rendered":"<p>Kapitalist ekonomi sisteminin faize dayal\u0131 hakimiyeti ve gelir da\u011f\u0131l\u0131mdaki adaletsiz yap\u0131s\u0131; insanlar\u0131 etik olmayan bir ya\u015fam tarz\u0131na zorlamakta, bir\u00e7ok ki\u015fi ve aileyi sosyal ve ekonomik  facian\u0131n i\u00e7ine s\u00fcr\u00fcklemektedir. Bu \u00e7al\u0131\u015fma; bu olumsuz gidi\u015fe kar\u015f\u0131 toplumu yeniden de\u011ferlerimiz temelinde y\u00fckseltebilir miyiz ve faizsiz bir sistem geli\u015ftirebilir miyiz gibi sorulara cevap bulmak d\u00fc\u015f\u00fcncesinden hareketle, okuyuculara uygulanabilir bir kurumsal model \u00f6nerisi sunmaktad\u0131r. Bu \u00e7al\u0131\u015fma; Ahilik ve \u0130slam ekonomi tarihi tecr\u00fcbesinden hareketle, g\u00fcn\u00fcm\u00fcz sivil toplum \u00f6rg\u00fctlerine kurumsal bir model \u00f6nerisi sunmaktad\u0131r. Bu \u00e7al\u0131\u015fma; reel sekt\u00f6r\u00fc her alanda daha da aktifle\u015ftirmek isteyen esnaf ve sanayiciler ba\u015fta olmak \u00fczere, 21. y\u00fczy\u0131lda \u00fcretim odakl\u0131 yeni faizsiz bir model aray\u0131\u015f\u0131nda olanlara \u00e7\u00f6z\u00fcm \u00f6nerisi sunmaktad\u0131r.    <\/p>\n","protected":false},"excerpt":{"rendered":"<p>Kapitalist ekonomi sisteminin faize dayal\u0131 hakimiyeti ve gelir da\u011f\u0131l\u0131mdaki adaletsiz yap\u0131s\u0131; insanlar\u0131 etik olmayan bir ya\u015fam tarz\u0131na zorlamakta, bir\u00e7ok ki\u015fi ve aileyi sosyal ve ekonomik facian\u0131n<span class=\"excerpt-hellip\"> [\u2026]<\/span><\/p>\n","protected":false},"featured_media":0,"template":"","meta":{"_monsterinsights_skip_tracking":false,"_monsterinsights_sitenote_active":false,"_monsterinsights_sitenote_note":"","_monsterinsights_sitenote_category":0},"product_brand":[],"product_cat":[13043,17647],"product_tag":[],"class_list":{"0":"post-715606","1":"product","2":"type-product","3":"status-publish","5":"product_cat-ekonomi","6":"product_cat-is-dunyasi","7":"pa_cilt-ciltsiz","8":"pa_tur-kitap","9":"pa_yayinevi-cinaralti-yayinlari","10":"pa_yazar-nurhan-keles","12":"first","13":"instock","14":"sale","15":"shipping-taxable","16":"purchasable","17":"product-type-simple"},"_links":{"self":[{"href":"https:\/\/roveyayinevi.com.tr\/index.php\/wp-json\/wp\/v2\/product\/715606","targetHints":{"allow":["GET"]}}],"collection":[{"href":"https:\/\/roveyayinevi.com.tr\/index.php\/wp-json\/wp\/v2\/product"}],"about":[{"href":"https:\/\/roveyayinevi.com.tr\/index.php\/wp-json\/wp\/v2\/types\/product"}],"wp:attachment":[{"href":"https:\/\/roveyayinevi.com.tr\/index.php\/wp-json\/wp\/v2\/media?parent=715606"}],"wp:term":[{"taxonomy":"product_brand","embeddable":true,"href":"https:\/\/roveyayinevi.com.tr\/index.php\/wp-json\/wp\/v2\/product_brand?post=715606"},{"taxonomy":"product_cat","embeddable":true,"href":"https:\/\/roveyayinevi.com.tr\/index.php\/wp-json\/wp\/v2\/product_cat?post=715606"},{"taxonomy":"product_tag","embeddable":true,"href":"https:\/\/roveyayinevi.com.tr\/index.php\/wp-json\/wp\/v2\/product_tag?post=715606"}],"curies":[{"name":"wp","href":"https:\/\/api.w.org\/{rel}","templated":true}]}}