{"id":715604,"date":"2025-08-27T17:32:28","date_gmt":"2025-08-27T14:32:28","guid":{"rendered":"https:\/\/roveyayinevi.com.tr\/index.php\/urun\/gizli-dosya-sinirsizlar\/"},"modified":"2026-04-16T02:23:50","modified_gmt":"2026-04-15T23:23:50","slug":"gizli-dosya-sinirsizlar","status":"publish","type":"product","link":"https:\/\/roveyayinevi.com.tr\/index.php\/urun\/gizli-dosya-sinirsizlar\/","title":{"rendered":"Gizli Dosya S\u0131n\u0131rs\u0131zlar"},"content":{"rendered":"<p>Can verirken bile en de\u011ferli olan &#8220;Aslanlar\u0131&#8221; var bu devletin.Devletin en tepesindekilerin , cans\u0131z bedenlerini son bir kez g\u00f6rmek , al\u0131nlar\u0131ndan bir kez olsun \u00f6pmek i\u00e7in s\u0131n\u0131rlar\u0131n d\u0131\u015f\u0131na \u00e7\u0131k\u0131p sava\u015f\u0131n ortas\u0131ndaki yere gitti\u011fi aslanlar&#8230;Bu kitap , hi\u00e7 bitmeyen , bitmeyecek olan . o aslanlar\u0131n hikayesi &#8230;ABd&#8217;nin T\u00fcrkiye ve Ortado\u011fu&#8217;daki t\u00fcm etkinli\u011fini \u00e7\u00f6kertecek ,belkide sonsuza dek b\u00f6lgeden def edecek olan \u00e7ok \u00f6nemli bir dosya , gereken yere ula\u015ft\u0131r\u0131lmadan ABD taraf\u0131ndan ele ge\u00e7irilir.Dosyay\u0131 geri almak zordur.\u00dcstelik sizde var oldu\u011fu bilinen istihbarat\u0131n art\u0131k de\u011feride yoktur.Ancak Doktor&#8217;un her \u015feyi yoluna koyacak ak\u0131l dolu bir plan\u0131 ve o plan\u0131 canlar\u0131 pahas\u0131na uygulayacak SINIRSIZLAR&#8217;\u0131 vard\u0131r.Okudu\u011funuzda , devletimizin , s\u0131n\u0131rlar\u0131m\u0131z d\u0131\u015f\u0131ndaki g\u00fcc\u00fcn\u00fc t\u00fcm benli\u011finizle hiassedeceksiniz.<\/p>\n","protected":false},"excerpt":{"rendered":"<p>Can verirken bile en de\u011ferli olan &#8220;Aslanlar\u0131&#8221; var bu devletin.Devletin en tepesindekilerin , cans\u0131z bedenlerini son bir kez g\u00f6rmek , al\u0131nlar\u0131ndan bir kez olsun \u00f6pmek i\u00e7in<span class=\"excerpt-hellip\"> [\u2026]<\/span><\/p>\n","protected":false},"featured_media":0,"template":"","meta":{"_monsterinsights_skip_tracking":false,"_monsterinsights_sitenote_active":false,"_monsterinsights_sitenote_note":"","_monsterinsights_sitenote_category":0},"product_brand":[],"product_cat":[12291,12711],"product_tag":[],"class_list":{"0":"post-715604","1":"product","2":"type-product","3":"status-publish","5":"product_cat-edebiyat","6":"product_cat-roman-oyku","7":"pa_cilt-ciltsiz","8":"pa_tur-kitap","9":"pa_yayinevi-cinaralti-yayinlari","10":"pa_yazar-ercan-faras","12":"first","13":"instock","14":"sale","15":"shipping-taxable","16":"purchasable","17":"product-type-simple"},"_links":{"self":[{"href":"https:\/\/roveyayinevi.com.tr\/index.php\/wp-json\/wp\/v2\/product\/715604","targetHints":{"allow":["GET"]}}],"collection":[{"href":"https:\/\/roveyayinevi.com.tr\/index.php\/wp-json\/wp\/v2\/product"}],"about":[{"href":"https:\/\/roveyayinevi.com.tr\/index.php\/wp-json\/wp\/v2\/types\/product"}],"wp:attachment":[{"href":"https:\/\/roveyayinevi.com.tr\/index.php\/wp-json\/wp\/v2\/media?parent=715604"}],"wp:term":[{"taxonomy":"product_brand","embeddable":true,"href":"https:\/\/roveyayinevi.com.tr\/index.php\/wp-json\/wp\/v2\/product_brand?post=715604"},{"taxonomy":"product_cat","embeddable":true,"href":"https:\/\/roveyayinevi.com.tr\/index.php\/wp-json\/wp\/v2\/product_cat?post=715604"},{"taxonomy":"product_tag","embeddable":true,"href":"https:\/\/roveyayinevi.com.tr\/index.php\/wp-json\/wp\/v2\/product_tag?post=715604"}],"curies":[{"name":"wp","href":"https:\/\/api.w.org\/{rel}","templated":true}]}}