{"id":715603,"date":"2025-08-27T17:32:28","date_gmt":"2025-08-27T14:32:28","guid":{"rendered":"https:\/\/roveyayinevi.com.tr\/index.php\/urun\/anne-sohbetleri\/"},"modified":"2026-04-16T02:23:50","modified_gmt":"2026-04-15T23:23:50","slug":"anne-sohbetleri","status":"publish","type":"product","link":"https:\/\/roveyayinevi.com.tr\/index.php\/urun\/anne-sohbetleri\/","title":{"rendered":"Anne Sohbetleri"},"content":{"rendered":"<p>D\u00fcnyan\u0131n neresinde olursak olal\u0131m, annelik her yerde ayn\u0131yd\u0131. Biliyordum ki; farkl\u0131 do\u011frulara, yanl\u0131\u015flara ve y\u00f6ntemlere ra\u011fmen hi\u00e7bir anne yavrusuna bilerek zarar vermek istemez ve daima kendisini iyi hissetmek isterdi. \u0130\u015fte bu d\u00fc\u015f\u00fcnce ve bir \u015fey yapmal\u0131y\u0131m hissiyat\u0131yla kollar\u0131 s\u0131vad\u0131m. Hi\u00e7bir uzman deste\u011fi olmadan, annelerin empati ve ileti\u015fim yeteneklerini geli\u015ftirmek i\u00e7in bir proje ba\u015flatt\u0131m. \u0130yi ki ba\u015flatm\u0131\u015f\u0131m. Annelerimizin buna \u00e7ok ihtiyac\u0131 varm\u0131\u015f. \u00c7\u00fcnk\u00fc \u201cAnne Sohbetleri\u201dnde, annelerin  \u00f6zg\u00fcrce kendilerini ifade ettiklerini, birbirlerini anlamaya \u00e7al\u0131\u015ft\u0131klar\u0131n\u0131, sorgulad\u0131klar\u0131n\u0131 ve empati yeteneklerini geli\u015ftirdiklerini g\u00f6rd\u00fcm. Tart\u0131\u015fabilme becerisi, etkin dinleme, payla\u015f\u0131m ruhu, aktif kat\u0131l\u0131m, keyifli sohbetler&#8230; Her bir araya geli\u015fimizde, ortak olarak belirledi\u011fimiz konu \u00fczerinde yapt\u0131\u011f\u0131m\u0131z bir beyin f\u0131rt\u0131nas\u0131\u2026 G\u00fcn\u00fcm\u00fczde y\u0131pranm\u0131\u015f olan anneli\u011fin k\u0131r\u0131lan taraf\u0131n\u0131 tamir etmek ad\u0131na olduk\u00e7a faydal\u0131 olaca\u011f\u0131n\u0131 d\u00fc\u015f\u00fcnd\u00fc\u011f\u00fcmden, bu hareketin kitlesel bir hareket olmas\u0131 yolunda ne gerekirse yapmaya haz\u0131r\u0131m. Yeter ki, anneler kendilerini iyi hissetsin. \u00c7\u00fcnk\u00fc, ancak kendisini iyi hisseden anneler, ruhen ve bedenen sa\u011fl\u0131kl\u0131 ve g\u00fc\u00e7l\u00fc \u00e7ocuklar yeti\u015ftirebilir. <\/p>\n","protected":false},"excerpt":{"rendered":"<p>D\u00fcnyan\u0131n neresinde olursak olal\u0131m, annelik her yerde ayn\u0131yd\u0131. Biliyordum ki; farkl\u0131 do\u011frulara, yanl\u0131\u015flara ve y\u00f6ntemlere ra\u011fmen hi\u00e7bir anne yavrusuna bilerek zarar vermek istemez ve daima kendisini<span class=\"excerpt-hellip\"> [\u2026]<\/span><\/p>\n","protected":false},"featured_media":0,"template":"","meta":{"_monsterinsights_skip_tracking":false,"_monsterinsights_sitenote_active":false,"_monsterinsights_sitenote_note":"","_monsterinsights_sitenote_category":0},"product_brand":[],"product_cat":[12364,12376],"product_tag":[],"class_list":{"0":"post-715603","1":"product","2":"type-product","3":"status-publish","5":"product_cat-genel-konular","6":"product_cat-kisisel-gelisim","7":"pa_cilt-ciltsiz","8":"pa_tur-kitap","9":"pa_yayinevi-cinaralti-yayinlari","10":"pa_yazar-aysegul-uysal","12":"first","13":"instock","14":"sale","15":"shipping-taxable","16":"purchasable","17":"product-type-simple"},"_links":{"self":[{"href":"https:\/\/roveyayinevi.com.tr\/index.php\/wp-json\/wp\/v2\/product\/715603","targetHints":{"allow":["GET"]}}],"collection":[{"href":"https:\/\/roveyayinevi.com.tr\/index.php\/wp-json\/wp\/v2\/product"}],"about":[{"href":"https:\/\/roveyayinevi.com.tr\/index.php\/wp-json\/wp\/v2\/types\/product"}],"wp:attachment":[{"href":"https:\/\/roveyayinevi.com.tr\/index.php\/wp-json\/wp\/v2\/media?parent=715603"}],"wp:term":[{"taxonomy":"product_brand","embeddable":true,"href":"https:\/\/roveyayinevi.com.tr\/index.php\/wp-json\/wp\/v2\/product_brand?post=715603"},{"taxonomy":"product_cat","embeddable":true,"href":"https:\/\/roveyayinevi.com.tr\/index.php\/wp-json\/wp\/v2\/product_cat?post=715603"},{"taxonomy":"product_tag","embeddable":true,"href":"https:\/\/roveyayinevi.com.tr\/index.php\/wp-json\/wp\/v2\/product_tag?post=715603"}],"curies":[{"name":"wp","href":"https:\/\/api.w.org\/{rel}","templated":true}]}}