{"id":715599,"date":"2025-08-27T17:32:25","date_gmt":"2025-08-27T14:32:25","guid":{"rendered":"https:\/\/roveyayinevi.com.tr\/index.php\/urun\/batman-dedektif-hikayeleri-cilt-7-anarky\/"},"modified":"2026-04-16T02:23:50","modified_gmt":"2026-04-15T23:23:50","slug":"batman-dedektif-hikayeleri-cilt-7-anarky","status":"publish","type":"product","link":"https:\/\/roveyayinevi.com.tr\/index.php\/urun\/batman-dedektif-hikayeleri-cilt-7-anarky\/","title":{"rendered":"Batman &#8211; Dedektif Hikayeleri Cilt 7 &#8211; Anarky"},"content":{"rendered":"<p>Gotham hi\u00e7bir zaman sakin bir \u015fehir olarak bilinmemi\u015fti ancak hi\u00e7bir zaman bu \u00f6l\u00e7ekte bir kaosla da kar\u015f\u0131la\u015fmam\u0131\u015ft\u0131. Kendine Anarky ad\u0131n\u0131 veren bir katil Gotham\u2019daki t\u00fcm vatanda\u015flara kimliklerini s\u0131f\u0131rlayarak kendilerini istedikleri gibi ba\u015ftan yaratmalar\u0131 i\u00e7in bir f\u0131rsat tan\u0131yor.Bu maskeli tehdit \u015fehir y\u00f6netimine kar\u015f\u0131 bir isyan ba\u015flat\u0131yor gibi g\u00f6r\u00fcnse de daha ki\u015fisel bir ama\u00e7 u\u011fruna hareket ediyor. Kara \u015e\u00f6valye ve Dedektif Harvey Bullock\u2019un elinde par\u00e7alar var. Anarky, Mad Hatter, bir insan ka\u00e7ak\u00e7\u0131s\u0131 ve alt\u0131 \u00f6l\u00fc \u00e7ocuk- ancak \u015fehir mutlak kaos taraf\u0131ndan yutulmadan \u00f6nce par\u00e7alar\u0131 birle\u015ftirmek i\u00e7in \u00e7ok az zamanlar\u0131 var!c<\/p>\n","protected":false},"excerpt":{"rendered":"<p>Gotham hi\u00e7bir zaman sakin bir \u015fehir olarak bilinmemi\u015fti ancak hi\u00e7bir zaman bu \u00f6l\u00e7ekte bir kaosla da kar\u015f\u0131la\u015fmam\u0131\u015ft\u0131. Kendine Anarky ad\u0131n\u0131 veren bir katil Gotham\u2019daki t\u00fcm vatanda\u015flara<span class=\"excerpt-hellip\"> [\u2026]<\/span><\/p>\n","protected":false},"featured_media":0,"template":"","meta":{"_monsterinsights_skip_tracking":false,"_monsterinsights_sitenote_active":false,"_monsterinsights_sitenote_note":"","_monsterinsights_sitenote_category":0},"product_brand":[],"product_cat":[12416,12291],"product_tag":[],"class_list":{"0":"post-715599","1":"product","2":"type-product","3":"status-publish","5":"product_cat-cizgi-roman","6":"product_cat-edebiyat","7":"pa_cilt-ciltsiz","8":"pa_tur-kitap","9":"pa_yayinevi-jbc-yayincilik","10":"pa_yazar-benjamin-percy-brian-buccellato","12":"first","13":"instock","14":"sale","15":"shipping-taxable","16":"purchasable","17":"product-type-simple"},"_links":{"self":[{"href":"https:\/\/roveyayinevi.com.tr\/index.php\/wp-json\/wp\/v2\/product\/715599","targetHints":{"allow":["GET"]}}],"collection":[{"href":"https:\/\/roveyayinevi.com.tr\/index.php\/wp-json\/wp\/v2\/product"}],"about":[{"href":"https:\/\/roveyayinevi.com.tr\/index.php\/wp-json\/wp\/v2\/types\/product"}],"wp:attachment":[{"href":"https:\/\/roveyayinevi.com.tr\/index.php\/wp-json\/wp\/v2\/media?parent=715599"}],"wp:term":[{"taxonomy":"product_brand","embeddable":true,"href":"https:\/\/roveyayinevi.com.tr\/index.php\/wp-json\/wp\/v2\/product_brand?post=715599"},{"taxonomy":"product_cat","embeddable":true,"href":"https:\/\/roveyayinevi.com.tr\/index.php\/wp-json\/wp\/v2\/product_cat?post=715599"},{"taxonomy":"product_tag","embeddable":true,"href":"https:\/\/roveyayinevi.com.tr\/index.php\/wp-json\/wp\/v2\/product_tag?post=715599"}],"curies":[{"name":"wp","href":"https:\/\/api.w.org\/{rel}","templated":true}]}}