{"id":715598,"date":"2025-08-27T17:32:25","date_gmt":"2025-08-27T14:32:25","guid":{"rendered":"https:\/\/roveyayinevi.com.tr\/index.php\/urun\/dc-rebirth-ozel-edisyon\/"},"modified":"2026-04-16T02:23:50","modified_gmt":"2026-04-15T23:23:50","slug":"dc-rebirth-ozel-edisyon","status":"publish","type":"product","link":"https:\/\/roveyayinevi.com.tr\/index.php\/urun\/dc-rebirth-ozel-edisyon\/","title":{"rendered":"DC Rebirth \u00d6zel Edisyon"},"content":{"rendered":"<p>T\u00fcm DC Rebirth kahramanlar\u0131n\u0131n, kendi serilerini okumaya ba\u015falamadan \u00f6nce okunmas\u0131 gereken ilk macera. DC Rebirth bu hikaye ile ba\u015fl\u0131yor.Wally West, ak\u0131l hocas\u0131 Barry Allen\u2019\u0131n sebep oldu\u011fu Flashpoint y\u00fcz\u00fcnden, uzay ve zaman\u0131n d\u0131\u015f\u0131nda mahsur kalm\u0131\u015f, boyutlar aras\u0131 s\u0131z\u0131nt\u0131n\u0131n bo\u015fluklar\u0131nda kaybolmu\u015ftu. Bir yandan bu hi\u00e7li\u011fin i\u00e7inde s\u00fcr\u00fcklenirken, evreni istila eden gizemi sadece Wally \u00f6nce Kid Flash sonra da Flash olarak bilinen adam\u2013 g\u00f6rebilmekteydi. Hayatlar\u0131ndan 10 y\u0131l\u0131 kim \u00e7alm\u0131\u015ft\u0131?Wally art\u0131k D\u00fcnya\u2019ya ve onu bir paratoner gibi ger\u00e7ekli\u011fe ba\u011flayan sevdiklerine d\u00f6nmek zorundayd\u0131 ama kime ula\u015fmaya \u00e7al\u0131\u015f\u0131rsa \u00e7al\u0131\u015fs\u0131n, hep biraz daha kopuyor, hi\u00e7li\u011fe yakla\u015f\u0131yordu. Evrenin kaderi Wally West\u2019in yeniden do\u011fu\u015funa ba\u011fl\u0131yd\u0131&#8230;<\/p>\n","protected":false},"excerpt":{"rendered":"<p>T\u00fcm DC Rebirth kahramanlar\u0131n\u0131n, kendi serilerini okumaya ba\u015falamadan \u00f6nce okunmas\u0131 gereken ilk macera. DC Rebirth bu hikaye ile ba\u015fl\u0131yor.Wally West, ak\u0131l hocas\u0131 Barry Allen\u2019\u0131n sebep oldu\u011fu<span class=\"excerpt-hellip\"> [\u2026]<\/span><\/p>\n","protected":false},"featured_media":0,"template":"","meta":{"_monsterinsights_skip_tracking":false,"_monsterinsights_sitenote_active":false,"_monsterinsights_sitenote_note":"","_monsterinsights_sitenote_category":0},"product_brand":[],"product_cat":[12416,12291],"product_tag":[],"class_list":{"0":"post-715598","1":"product","2":"type-product","3":"status-publish","5":"product_cat-cizgi-roman","6":"product_cat-edebiyat","7":"pa_cilt-ciltsiz","8":"pa_tur-kitap","9":"pa_yayinevi-jbc-yayincilik","10":"pa_yazar-geoff-johns","12":"first","13":"instock","14":"sale","15":"shipping-taxable","16":"purchasable","17":"product-type-simple"},"_links":{"self":[{"href":"https:\/\/roveyayinevi.com.tr\/index.php\/wp-json\/wp\/v2\/product\/715598","targetHints":{"allow":["GET"]}}],"collection":[{"href":"https:\/\/roveyayinevi.com.tr\/index.php\/wp-json\/wp\/v2\/product"}],"about":[{"href":"https:\/\/roveyayinevi.com.tr\/index.php\/wp-json\/wp\/v2\/types\/product"}],"wp:attachment":[{"href":"https:\/\/roveyayinevi.com.tr\/index.php\/wp-json\/wp\/v2\/media?parent=715598"}],"wp:term":[{"taxonomy":"product_brand","embeddable":true,"href":"https:\/\/roveyayinevi.com.tr\/index.php\/wp-json\/wp\/v2\/product_brand?post=715598"},{"taxonomy":"product_cat","embeddable":true,"href":"https:\/\/roveyayinevi.com.tr\/index.php\/wp-json\/wp\/v2\/product_cat?post=715598"},{"taxonomy":"product_tag","embeddable":true,"href":"https:\/\/roveyayinevi.com.tr\/index.php\/wp-json\/wp\/v2\/product_tag?post=715598"}],"curies":[{"name":"wp","href":"https:\/\/api.w.org\/{rel}","templated":true}]}}