{"id":715597,"date":"2025-08-27T17:32:24","date_gmt":"2025-08-27T14:32:24","guid":{"rendered":"https:\/\/roveyayinevi.com.tr\/index.php\/urun\/batman-cilt-8-agir-siklet\/"},"modified":"2026-04-16T02:23:50","modified_gmt":"2026-04-15T23:23:50","slug":"batman-cilt-8-agir-siklet","status":"publish","type":"product","link":"https:\/\/roveyayinevi.com.tr\/index.php\/urun\/batman-cilt-8-agir-siklet\/","title":{"rendered":"Batman Cilt 8 &#8211; A\u011f\u0131r S\u0131klet"},"content":{"rendered":"<p>Batman\u2019in ortadan kaybolmas\u0131n\u0131n ve \u00f6ld\u00fc\u011f\u00fcn\u00fcn varsay\u0131lmas\u0131n\u0131n ard\u0131ndan eski polis komiseri Jim Gordon, Kara \u015e\u00f6valye\u2019nin miras\u0131n\u0131 devralmas\u0131 ve halefi olmas\u0131 i\u00e7in g\u00f6reve \u00e7a\u011fr\u0131ld\u0131.Ancak ismi ve simgeledi\u011fi \u015feyler ayn\u0131 olsa da bu yeni Batman asl\u0131n\u0131n bir kopyas\u0131 olmaktan \u00e7ok uzakta. \u015eehirde devasa, y\u00fcksek teknoloji \u00fcr\u00fcn\u00fc Batsuit ile devriye gezen Gordon g\u00f6lgelerde saklanan kanunsuz bir kahraman de\u011fil. Gotham Polis Te\u015fkilat\u0131\u2019n\u0131n, Belediye Ba\u015fkan\u0131\u2019n\u0131n tam deste\u011fine ve Powers International\u2019\u0131n multi-milyon dolarl\u0131k b\u00fct\u00e7esine sahip.Peki pahal\u0131 bir z\u0131rh \u015fehirle ilgili \u00f6l\u00fcmc\u00fcl planlar\u0131 k\u00f6k salmadan \u00f6nce gizemli, yabani ot benzeri Mr. Bloom\u2019u durdurmaya yetecek mi?<\/p>\n","protected":false},"excerpt":{"rendered":"<p>Batman\u2019in ortadan kaybolmas\u0131n\u0131n ve \u00f6ld\u00fc\u011f\u00fcn\u00fcn varsay\u0131lmas\u0131n\u0131n ard\u0131ndan eski polis komiseri Jim Gordon, Kara \u015e\u00f6valye\u2019nin miras\u0131n\u0131 devralmas\u0131 ve halefi olmas\u0131 i\u00e7in g\u00f6reve \u00e7a\u011fr\u0131ld\u0131.Ancak ismi ve simgeledi\u011fi \u015feyler<span class=\"excerpt-hellip\"> [\u2026]<\/span><\/p>\n","protected":false},"featured_media":0,"template":"","meta":{"_monsterinsights_skip_tracking":false,"_monsterinsights_sitenote_active":false,"_monsterinsights_sitenote_note":"","_monsterinsights_sitenote_category":0},"product_brand":[],"product_cat":[12416,12291],"product_tag":[],"class_list":{"0":"post-715597","1":"product","2":"type-product","3":"status-publish","5":"product_cat-cizgi-roman","6":"product_cat-edebiyat","7":"pa_cilt-ciltsiz","8":"pa_tur-kitap","9":"pa_yayinevi-jbc-yayincilik","10":"pa_yazar-scott-snyder","12":"first","13":"instock","14":"sale","15":"shipping-taxable","16":"purchasable","17":"product-type-simple"},"_links":{"self":[{"href":"https:\/\/roveyayinevi.com.tr\/index.php\/wp-json\/wp\/v2\/product\/715597","targetHints":{"allow":["GET"]}}],"collection":[{"href":"https:\/\/roveyayinevi.com.tr\/index.php\/wp-json\/wp\/v2\/product"}],"about":[{"href":"https:\/\/roveyayinevi.com.tr\/index.php\/wp-json\/wp\/v2\/types\/product"}],"wp:attachment":[{"href":"https:\/\/roveyayinevi.com.tr\/index.php\/wp-json\/wp\/v2\/media?parent=715597"}],"wp:term":[{"taxonomy":"product_brand","embeddable":true,"href":"https:\/\/roveyayinevi.com.tr\/index.php\/wp-json\/wp\/v2\/product_brand?post=715597"},{"taxonomy":"product_cat","embeddable":true,"href":"https:\/\/roveyayinevi.com.tr\/index.php\/wp-json\/wp\/v2\/product_cat?post=715597"},{"taxonomy":"product_tag","embeddable":true,"href":"https:\/\/roveyayinevi.com.tr\/index.php\/wp-json\/wp\/v2\/product_tag?post=715597"}],"curies":[{"name":"wp","href":"https:\/\/api.w.org\/{rel}","templated":true}]}}