{"id":715596,"date":"2025-08-27T17:32:23","date_gmt":"2025-08-27T14:32:23","guid":{"rendered":"https:\/\/roveyayinevi.com.tr\/index.php\/urun\/uluslararasi-yatirim-hukukunda-adil-ve-hakkaniyetli-muamele-ilkesi\/"},"modified":"2026-04-16T02:23:50","modified_gmt":"2026-04-15T23:23:50","slug":"uluslararasi-yatirim-hukukunda-adil-ve-hakkaniyetli-muamele-ilkesi","status":"publish","type":"product","link":"https:\/\/roveyayinevi.com.tr\/index.php\/urun\/uluslararasi-yatirim-hukukunda-adil-ve-hakkaniyetli-muamele-ilkesi\/","title":{"rendered":"Uluslararas\u0131 Yat\u0131r\u0131m Hukukunda Adil ve Hakkaniyetli Muamele \u0130lkesi"},"content":{"rendered":"<p>Uluslararas\u0131 yat\u0131r\u0131m hukuku egemen devletler ve \u00e7ok uluslu \u015firketler aras\u0131ndaki uyu\u015fmazl\u0131klar\u0131n artmas\u0131 ile birlikte giderek artan bir oranda \u00f6nem kazanm\u0131\u015ft\u0131r. Yabanc\u0131 \u015firketler, ekonomik g\u00fc\u00e7lerine dayanarak egemen devletler kar\u015f\u0131s\u0131nda varl\u0131k g\u00f6stermi\u015f ve bilhassa baz\u0131 hukuki ilke ve kurallara dayanarak zarara u\u011framaktan kurtulmu\u015f veya u\u011frad\u0131\u011f\u0131 zararlar\u0131 tazmin etmi\u015ftir. \u0130\u015fte bu ilkelerden en \u00f6nemlisi olarak de\u011ferlendirilen ve uluslararas\u0131 yat\u0131r\u0131m hukukunun alt\u0131n kural\u0131 olarak isimlendirilen &#8220;Adil ve Hakkaniyetli Muamele \u0130lkesi\u201d bu kitab\u0131n konusunu olu\u015fturmaktad\u0131r. <\/p>\n","protected":false},"excerpt":{"rendered":"<p>Uluslararas\u0131 yat\u0131r\u0131m hukuku egemen devletler ve \u00e7ok uluslu \u015firketler aras\u0131ndaki uyu\u015fmazl\u0131klar\u0131n artmas\u0131 ile birlikte giderek artan bir oranda \u00f6nem kazanm\u0131\u015ft\u0131r. Yabanc\u0131 \u015firketler, ekonomik g\u00fc\u00e7lerine dayanarak egemen<span class=\"excerpt-hellip\"> [\u2026]<\/span><\/p>\n","protected":false},"featured_media":0,"template":"","meta":{"_monsterinsights_skip_tracking":false,"_monsterinsights_sitenote_active":false,"_monsterinsights_sitenote_note":"","_monsterinsights_sitenote_category":0},"product_brand":[],"product_cat":[15350,17602],"product_tag":[],"class_list":{"0":"post-715596","1":"product","2":"type-product","3":"status-publish","5":"product_cat-hukuk","6":"product_cat-hukuk-uzerine","7":"pa_cilt-ciltsiz","8":"pa_tur-kitap","9":"pa_yayinevi-astana-yayinlari","10":"pa_yazar-abdullah-gursu","12":"first","13":"instock","14":"sale","15":"shipping-taxable","16":"purchasable","17":"product-type-simple"},"_links":{"self":[{"href":"https:\/\/roveyayinevi.com.tr\/index.php\/wp-json\/wp\/v2\/product\/715596","targetHints":{"allow":["GET"]}}],"collection":[{"href":"https:\/\/roveyayinevi.com.tr\/index.php\/wp-json\/wp\/v2\/product"}],"about":[{"href":"https:\/\/roveyayinevi.com.tr\/index.php\/wp-json\/wp\/v2\/types\/product"}],"wp:attachment":[{"href":"https:\/\/roveyayinevi.com.tr\/index.php\/wp-json\/wp\/v2\/media?parent=715596"}],"wp:term":[{"taxonomy":"product_brand","embeddable":true,"href":"https:\/\/roveyayinevi.com.tr\/index.php\/wp-json\/wp\/v2\/product_brand?post=715596"},{"taxonomy":"product_cat","embeddable":true,"href":"https:\/\/roveyayinevi.com.tr\/index.php\/wp-json\/wp\/v2\/product_cat?post=715596"},{"taxonomy":"product_tag","embeddable":true,"href":"https:\/\/roveyayinevi.com.tr\/index.php\/wp-json\/wp\/v2\/product_tag?post=715596"}],"curies":[{"name":"wp","href":"https:\/\/api.w.org\/{rel}","templated":true}]}}