{"id":715595,"date":"2025-08-27T17:32:23","date_gmt":"2025-08-27T14:32:23","guid":{"rendered":"https:\/\/roveyayinevi.com.tr\/index.php\/urun\/all-star-batman-sayi-1-dc-rebirth\/"},"modified":"2026-04-16T02:23:50","modified_gmt":"2026-04-15T23:23:50","slug":"all-star-batman-sayi-1-dc-rebirth","status":"publish","type":"product","link":"https:\/\/roveyayinevi.com.tr\/index.php\/urun\/all-star-batman-sayi-1-dc-rebirth\/","title":{"rendered":"All-Star Batman Say\u0131 1 ( DC Rebirth )"},"content":{"rendered":"<p>Arka Kapak Yaz\u0131s\u0131 (Tan\u0131t\u0131m B\u00fclteninden)  Gotham\u2019\u0131n Pelerinli S\u00fcvarisi bu defa evden uzakta ve tek yolda\u015f\u0131 da Gotham\u2019\u0131n en b\u00fcy\u00fck d\u00fc\u015fmanlar\u0131ndan biri \u2013 Two-Face. \u00dcstelik, eyaletin hepsi pe\u015finde ve g\u00fcvendi\u011fi herkes birer tehdide d\u00f6n\u00fc\u015fm\u00fc\u015f durumda &#8211; en yak\u0131n\u0131ndakiler bile!Batman\u2019i avucunun i\u00e7i gibi bildi\u011fi sokaklardan Amerika\u2019n\u0131n u\u00e7suz bucaks\u0131z yollar\u0131na d\u00fc\u015f\u00fcren neydi? Yol boyunca her k\u00f6\u015fede kendisini bekleyen tehlikelerle ba\u015fa \u00e7\u0131kabilecek miydi? Yoksa Harvey Dent\u2019in oynad\u0131\u011f\u0131 tehlikeli bahis, akl\u0131n\u0131 \u00e7eldi\u011fi insanlar\u0131n ihanetleri Kara \u015e\u00f6valyenin sonunu mu getirecekti?Lanetli \u00c7ark #1Di\u011fer yandan, d\u00fcnyan\u0131n en b\u00fcy\u00fck detektifi farkl\u0131 bir \u015fey deniyor. Duke, kimli\u011fini bulmak, d\u00fcnyadaki yerini anlamak ve bir g\u00fcn Gotham\u2019\u0131n savunucular\u0131ndan biri olmak i\u00e7in bir\u00e7ok gizemi \u00e7\u00f6zmek zorunda &#8211; hem Lanetli \u00c7ark\u0131n getirdiklerini hem de korkun\u00e7 bir cinayeti! <\/p>\n","protected":false},"excerpt":{"rendered":"<p>Arka Kapak Yaz\u0131s\u0131 (Tan\u0131t\u0131m B\u00fclteninden) Gotham\u2019\u0131n Pelerinli S\u00fcvarisi bu defa evden uzakta ve tek yolda\u015f\u0131 da Gotham\u2019\u0131n en b\u00fcy\u00fck d\u00fc\u015fmanlar\u0131ndan biri \u2013 Two-Face. \u00dcstelik, eyaletin hepsi<span class=\"excerpt-hellip\"> [\u2026]<\/span><\/p>\n","protected":false},"featured_media":0,"template":"","meta":{"_monsterinsights_skip_tracking":false,"_monsterinsights_sitenote_active":false,"_monsterinsights_sitenote_note":"","_monsterinsights_sitenote_category":0},"product_brand":[],"product_cat":[12416,12291],"product_tag":[],"class_list":{"0":"post-715595","1":"product","2":"type-product","3":"status-publish","5":"product_cat-cizgi-roman","6":"product_cat-edebiyat","7":"pa_cilt-ciltsiz","8":"pa_tur-kitap","9":"pa_yayinevi-jbc-yayincilik","10":"pa_yazar-scott-snyder","12":"first","13":"instock","14":"sale","15":"shipping-taxable","16":"purchasable","17":"product-type-simple"},"_links":{"self":[{"href":"https:\/\/roveyayinevi.com.tr\/index.php\/wp-json\/wp\/v2\/product\/715595","targetHints":{"allow":["GET"]}}],"collection":[{"href":"https:\/\/roveyayinevi.com.tr\/index.php\/wp-json\/wp\/v2\/product"}],"about":[{"href":"https:\/\/roveyayinevi.com.tr\/index.php\/wp-json\/wp\/v2\/types\/product"}],"wp:attachment":[{"href":"https:\/\/roveyayinevi.com.tr\/index.php\/wp-json\/wp\/v2\/media?parent=715595"}],"wp:term":[{"taxonomy":"product_brand","embeddable":true,"href":"https:\/\/roveyayinevi.com.tr\/index.php\/wp-json\/wp\/v2\/product_brand?post=715595"},{"taxonomy":"product_cat","embeddable":true,"href":"https:\/\/roveyayinevi.com.tr\/index.php\/wp-json\/wp\/v2\/product_cat?post=715595"},{"taxonomy":"product_tag","embeddable":true,"href":"https:\/\/roveyayinevi.com.tr\/index.php\/wp-json\/wp\/v2\/product_tag?post=715595"}],"curies":[{"name":"wp","href":"https:\/\/api.w.org\/{rel}","templated":true}]}}