{"id":715594,"date":"2025-08-27T17:32:22","date_gmt":"2025-08-27T14:32:22","guid":{"rendered":"https:\/\/roveyayinevi.com.tr\/index.php\/urun\/batman-cilt-10-son-soz\/"},"modified":"2026-04-16T02:23:50","modified_gmt":"2026-04-15T23:23:50","slug":"batman-cilt-10-son-soz","status":"publish","type":"product","link":"https:\/\/roveyayinevi.com.tr\/index.php\/urun\/batman-cilt-10-son-soz\/","title":{"rendered":"Batman Cilt 10 &#8211; Son S\u00f6z"},"content":{"rendered":"<p>Gotham halk\u0131 \u015fehri ger\u00e7ekte kimin y\u00f6netti\u011fini \u00e7ok iyi biliyor: Gotham Batman\u2019dir. Yuvalar\u0131n\u0131n kaderi, bu yuvay\u0131 korumak i\u00e7in elinden gelen her \u015feyi yapan Kara \u015e\u00f6valye\u2019nin kaderiyle tekrar tekrar kesi\u015fiyor. Yerine ba\u015fka kahramanlar bakarken aylarca s\u0131radan bir vatanda\u015f gibi ya\u015fad\u0131ktan sonra Bruce Wayne, nihayet hakk\u0131 olan Gotham muhaf\u0131zl\u0131\u011f\u0131 g\u00f6revine geri d\u00f6nd\u00fc. Minnettar \u015fehir halk\u0131 kurtar\u0131c\u0131s\u0131n\u0131 memnuniyetle kar\u015f\u0131larken, hem Batman hem de korudu\u011fu insanlar onun yaratt\u0131\u011f\u0131 miras\u0131 d\u00fc\u015f\u00fcn\u00fcyor. Kahraman\u0131 olmadan Gotham neye benzerdi? Hayatta kalabilir miydi? Ve dahas\u0131, Batman olmasayd\u0131 Bruce Wayne kim olurdu?Ba\u015far\u0131l\u0131 yazar Scott Snyder ezber bozan Batman serisinin son perdesini kapat\u0131rken, yak\u0131n zamanda geri d\u00f6nm\u00fc\u015f olan Kara \u015e\u00f6valye tan\u0131d\u0131k rakiplerle ve yeni d\u00fc\u015fmanlarla sava\u015f\u0131yor. Bu se\u00e7kin ba\u011f\u0131ms\u0131z hik\u00e2yeler Kara \u015e\u00f6valye\u2019yi alternatif bir distopyadaki gelece\u011fe, kendi ge\u00e7mi\u015finin derinliklerine g\u00f6t\u00fcr\u00fcyor ve kim oldu\u011funu, nas\u0131l bu h\u00e2le geldi\u011fini ve miras\u0131n\u0131n ne olaca\u011f\u0131n\u0131 sorgulamas\u0131na yol a\u00e7\u0131yor\u2026<\/p>\n","protected":false},"excerpt":{"rendered":"<p>Gotham halk\u0131 \u015fehri ger\u00e7ekte kimin y\u00f6netti\u011fini \u00e7ok iyi biliyor: Gotham Batman\u2019dir. Yuvalar\u0131n\u0131n kaderi, bu yuvay\u0131 korumak i\u00e7in elinden gelen her \u015feyi yapan Kara \u015e\u00f6valye\u2019nin kaderiyle tekrar<span class=\"excerpt-hellip\"> [\u2026]<\/span><\/p>\n","protected":false},"featured_media":0,"template":"","meta":{"_monsterinsights_skip_tracking":false,"_monsterinsights_sitenote_active":false,"_monsterinsights_sitenote_note":"","_monsterinsights_sitenote_category":0},"product_brand":[],"product_cat":[12416,12291],"product_tag":[],"class_list":{"0":"post-715594","1":"product","2":"type-product","3":"status-publish","5":"product_cat-cizgi-roman","6":"product_cat-edebiyat","7":"pa_cilt-ciltsiz","8":"pa_tur-kitap","9":"pa_yayinevi-jbc-yayincilik","10":"pa_yazar-peter-j-tomasi","12":"first","13":"instock","14":"sale","15":"shipping-taxable","16":"purchasable","17":"product-type-simple"},"_links":{"self":[{"href":"https:\/\/roveyayinevi.com.tr\/index.php\/wp-json\/wp\/v2\/product\/715594","targetHints":{"allow":["GET"]}}],"collection":[{"href":"https:\/\/roveyayinevi.com.tr\/index.php\/wp-json\/wp\/v2\/product"}],"about":[{"href":"https:\/\/roveyayinevi.com.tr\/index.php\/wp-json\/wp\/v2\/types\/product"}],"wp:attachment":[{"href":"https:\/\/roveyayinevi.com.tr\/index.php\/wp-json\/wp\/v2\/media?parent=715594"}],"wp:term":[{"taxonomy":"product_brand","embeddable":true,"href":"https:\/\/roveyayinevi.com.tr\/index.php\/wp-json\/wp\/v2\/product_brand?post=715594"},{"taxonomy":"product_cat","embeddable":true,"href":"https:\/\/roveyayinevi.com.tr\/index.php\/wp-json\/wp\/v2\/product_cat?post=715594"},{"taxonomy":"product_tag","embeddable":true,"href":"https:\/\/roveyayinevi.com.tr\/index.php\/wp-json\/wp\/v2\/product_tag?post=715594"}],"curies":[{"name":"wp","href":"https:\/\/api.w.org\/{rel}","templated":true}]}}