{"id":715593,"date":"2025-08-27T17:32:21","date_gmt":"2025-08-27T14:32:21","guid":{"rendered":"https:\/\/roveyayinevi.com.tr\/index.php\/urun\/batman-cilt-9-bloom\/"},"modified":"2026-04-16T02:23:50","modified_gmt":"2026-04-15T23:23:50","slug":"batman-cilt-9-bloom","status":"publish","type":"product","link":"https:\/\/roveyayinevi.com.tr\/index.php\/urun\/batman-cilt-9-bloom\/","title":{"rendered":"Batman Cilt 9 &#8211; Bloom"},"content":{"rendered":"<p>Bruce Wayne neredeyse kusursuz bir hayata sahip. \u0130nan\u0131lmaz bir kad\u0131na \u00e2\u015f\u0131k ve her g\u00fcn onun yan\u0131nda, sevdi\u011fi \u015fehrin \u00e7ocuklar\u0131na yard\u0131m etmek i\u00e7in Gotham\u2019\u0131n gen\u00e7lik merkezlerinde \u00e7al\u0131\u015f\u0131yor. Son Joker sald\u0131r\u0131s\u0131nda \u00f6l\u00fcm\u00fcn e\u015fi\u011finden d\u00f6nd\u00fc\u011f\u00fcnden beri haf\u0131zas\u0131nda bo\u015fluklar var ancak buna ra\u011fmen, hi\u00e7 bu kadar mutlu olmad\u0131\u011f\u0131ndan emin.Yine de\u2026 bazen ba\u015fka bir hayata do\u011fru tekrar \u00e7eki\u015ftirildi\u011fini hissediyor. Kay\u0131p ge\u00e7mi\u015finin negatif alanlar\u0131nda, \u015fiddet ve karanl\u0131kla dolu olan ancak i\u00e7inde y\u00fcceli\u011fi de bar\u0131nd\u0131ran, yar\u0131 unutulmu\u015f bir tarih yat\u0131yor.Batman Bruce\u2019u geri \u00e7a\u011f\u0131r\u0131yor. Fakat geri d\u00f6nerse kurdu\u011fu m\u00fckemmel, mutlu hayata ne olacak?<\/p>\n","protected":false},"excerpt":{"rendered":"<p>Bruce Wayne neredeyse kusursuz bir hayata sahip. \u0130nan\u0131lmaz bir kad\u0131na \u00e2\u015f\u0131k ve her g\u00fcn onun yan\u0131nda, sevdi\u011fi \u015fehrin \u00e7ocuklar\u0131na yard\u0131m etmek i\u00e7in Gotham\u2019\u0131n gen\u00e7lik merkezlerinde \u00e7al\u0131\u015f\u0131yor.<span class=\"excerpt-hellip\"> [\u2026]<\/span><\/p>\n","protected":false},"featured_media":0,"template":"","meta":{"_monsterinsights_skip_tracking":false,"_monsterinsights_sitenote_active":false,"_monsterinsights_sitenote_note":"","_monsterinsights_sitenote_category":0},"product_brand":[],"product_cat":[12416,12291],"product_tag":[],"class_list":{"0":"post-715593","1":"product","2":"type-product","3":"status-publish","5":"product_cat-cizgi-roman","6":"product_cat-edebiyat","7":"pa_cilt-ciltsiz","8":"pa_tur-kitap","9":"pa_yayinevi-jbc-yayincilik","10":"pa_yazar-scott-snyder-james-tynion-iv","12":"first","13":"instock","14":"sale","15":"shipping-taxable","16":"purchasable","17":"product-type-simple"},"_links":{"self":[{"href":"https:\/\/roveyayinevi.com.tr\/index.php\/wp-json\/wp\/v2\/product\/715593","targetHints":{"allow":["GET"]}}],"collection":[{"href":"https:\/\/roveyayinevi.com.tr\/index.php\/wp-json\/wp\/v2\/product"}],"about":[{"href":"https:\/\/roveyayinevi.com.tr\/index.php\/wp-json\/wp\/v2\/types\/product"}],"wp:attachment":[{"href":"https:\/\/roveyayinevi.com.tr\/index.php\/wp-json\/wp\/v2\/media?parent=715593"}],"wp:term":[{"taxonomy":"product_brand","embeddable":true,"href":"https:\/\/roveyayinevi.com.tr\/index.php\/wp-json\/wp\/v2\/product_brand?post=715593"},{"taxonomy":"product_cat","embeddable":true,"href":"https:\/\/roveyayinevi.com.tr\/index.php\/wp-json\/wp\/v2\/product_cat?post=715593"},{"taxonomy":"product_tag","embeddable":true,"href":"https:\/\/roveyayinevi.com.tr\/index.php\/wp-json\/wp\/v2\/product_tag?post=715593"}],"curies":[{"name":"wp","href":"https:\/\/api.w.org\/{rel}","templated":true}]}}