{"id":715587,"date":"2025-08-27T17:32:18","date_gmt":"2025-08-27T14:32:18","guid":{"rendered":"https:\/\/roveyayinevi.com.tr\/index.php\/urun\/okul-oncesi-egitim-alan-cocuklarda-denge-ve-koordinasyon-calismalarinin-bazi-motorik-ozellikler-uzerine-etkisi\/"},"modified":"2026-04-16T02:23:50","modified_gmt":"2026-04-15T23:23:50","slug":"okul-oncesi-egitim-alan-cocuklarda-denge-ve-koordinasyon-calismalarinin-bazi-motorik-ozellikler-uzerine-etkisi","status":"publish","type":"product","link":"https:\/\/roveyayinevi.com.tr\/index.php\/urun\/okul-oncesi-egitim-alan-cocuklarda-denge-ve-koordinasyon-calismalarinin-bazi-motorik-ozellikler-uzerine-etkisi\/","title":{"rendered":"Okul \u00d6ncesi E\u011fitim Alan \u00c7ocuklarda Denge ve Koordinasyon \u00c7al\u0131\u015fmalar\u0131n\u0131n Baz\u0131 Motorik \u00d6zellikler \u00dczerine Etkisi"},"content":{"rendered":"<p>\u0130\u00e7indekiler;Giri\u015fGenel BilgilerGere\u00e7 ve Y\u00f6ntem BulgularTarih ve Sonu\u00e7 \u00d6neriler<\/p>\n","protected":false},"excerpt":{"rendered":"<p>\u0130\u00e7indekiler;Giri\u015fGenel BilgilerGere\u00e7 ve Y\u00f6ntem BulgularTarih ve Sonu\u00e7 \u00d6neriler<\/p>\n","protected":false},"featured_media":0,"template":"","meta":{"_monsterinsights_skip_tracking":false,"_monsterinsights_sitenote_active":false,"_monsterinsights_sitenote_note":"","_monsterinsights_sitenote_category":0},"product_brand":[],"product_cat":[12573,12566],"product_tag":[],"class_list":{"0":"post-715587","1":"product","2":"type-product","3":"status-publish","5":"product_cat-akademik-kitaplar","6":"product_cat-egitim","7":"pa_cilt-ciltsiz","8":"pa_tur-kitap","9":"pa_yayinevi-gazi-kitabevi","10":"pa_yazar-ceren-suveren-erdogan","12":"first","13":"instock","14":"sale","15":"shipping-taxable","16":"purchasable","17":"product-type-simple"},"_links":{"self":[{"href":"https:\/\/roveyayinevi.com.tr\/index.php\/wp-json\/wp\/v2\/product\/715587","targetHints":{"allow":["GET"]}}],"collection":[{"href":"https:\/\/roveyayinevi.com.tr\/index.php\/wp-json\/wp\/v2\/product"}],"about":[{"href":"https:\/\/roveyayinevi.com.tr\/index.php\/wp-json\/wp\/v2\/types\/product"}],"wp:attachment":[{"href":"https:\/\/roveyayinevi.com.tr\/index.php\/wp-json\/wp\/v2\/media?parent=715587"}],"wp:term":[{"taxonomy":"product_brand","embeddable":true,"href":"https:\/\/roveyayinevi.com.tr\/index.php\/wp-json\/wp\/v2\/product_brand?post=715587"},{"taxonomy":"product_cat","embeddable":true,"href":"https:\/\/roveyayinevi.com.tr\/index.php\/wp-json\/wp\/v2\/product_cat?post=715587"},{"taxonomy":"product_tag","embeddable":true,"href":"https:\/\/roveyayinevi.com.tr\/index.php\/wp-json\/wp\/v2\/product_tag?post=715587"}],"curies":[{"name":"wp","href":"https:\/\/api.w.org\/{rel}","templated":true}]}}