{"id":715586,"date":"2025-08-27T17:32:17","date_gmt":"2025-08-27T14:32:17","guid":{"rendered":"https:\/\/roveyayinevi.com.tr\/index.php\/urun\/100-etkinlikte-ince-motor-gelisimi-hikaye-anlatimli\/"},"modified":"2026-04-16T02:23:50","modified_gmt":"2026-04-15T23:23:50","slug":"100-etkinlikte-ince-motor-gelisimi-hikaye-anlatimli","status":"publish","type":"product","link":"https:\/\/roveyayinevi.com.tr\/index.php\/urun\/100-etkinlikte-ince-motor-gelisimi-hikaye-anlatimli\/","title":{"rendered":"100 Etkinlikte \u0130nce Motor Geli\u015fimi (Hikaye Anlat\u0131ml\u0131)"},"content":{"rendered":"<p>Sevgili Anne ve Babalar, \u00d6\u011fretmenler ve E\u011fitimciler;Dikkat At\u00f6lyesi Yay\u0131nlar\u0131, merakl\u0131, ilgili ve \u00f6zg\u00fcveni tam \u00e7ocuklar yeti\u015ftirmede ailelere ve e\u011fitimcilere yard\u0131mc\u0131 olmay\u0131 ilke edinmi\u015ftir. &#8220;E\u011flenerek \u00f6\u011frenme&#8221; felsefemiz ile \u00e7ocuklar\u0131m\u0131z\u0131n temel bilgi ve becerileri edinmesinin yan\u0131nda, \u00f6zg\u00fcven, dikkat ve odaklanma gibi alanlarda da geli\u015fimine katk\u0131 sa\u011flamaktay\u0131z. \u00c7ocuklar\u0131m\u0131z\u0131n okula ba\u015flad\u0131\u011f\u0131nda ince motor becerileri yaz yazmas\u0131 i\u00e7in \u00f6nemli bir etkendir.-Okula ba\u015flayan \u00e7ocuklar\u0131n kalemi kavramas\u0131 ve kaleme hakim olmas\u0131 beklenmektedir. Bu kitap, \u00e7ocuklar\u0131n okula ba\u015flamada gerekli olan el becerilerini kazanmas\u0131na katk\u0131 sa\u011flayacakt\u0131r.-\u00c7izgi \u00e7al\u0131\u015fmalar\u0131 \u00e7ocuklar\u0131n yaz\u0131 yazma becerisini geli\u015ftirmenin yan\u0131nda onlar\u0131n resim yapma yetene\u011fine de katk\u0131 sa\u011flayacakt\u0131r.-El-g\u00f6z koordinasyonu \u00e7ocuklar\u0131n resim yapmas\u0131, yaz\u0131 yazmas\u0131 ve \u00e7izmesinde gerekli olan becerilerin t\u00fcm\u00fcd\u00fcr. Her bir etkinlik \u00e7ocuklar\u0131m\u0131za sahip olmas\u0131 gereken el-g\u00f6z koordinasyonun geli\u015fmesine katk\u0131 sa\u011flayacakt\u0131r.-Her bir \u015fekil olu\u015ftururken \u00e7ocuklar\u0131n dikkat ve odaklanmas\u0131 artacakt\u0131r.-Hikaye anlat\u0131m\u0131yla \u00e7ocuklar etkinlikleri yaparken olaylar\u0131 zihinde canland\u0131racak ve mekansal hayal g\u00fcc\u00fcn\u00fc geli\u015ftirecektir.-\u0130nce motor geli\u015fimini tamamlayan \u00e7ocuklar sadece okula de\u011fil ya\u015fama da haz\u0131r hale gelecektir. \u00d6rne\u011fin ; elbiselerinin d\u00fc\u011fmelerini ilikleme, ayakkab\u0131 ba\u011fc\u0131klar\u0131n\u0131 ba\u011flama gibi ince motor becerisini gerektiren i\u015flerini kolayl\u0131kla yapabilecektir.-Bu kitaptaki etkinlikler, \u00e7ocuklar\u0131n okula ba\u015flamada ihtiya\u00e7 duyaca\u011f\u0131 ince motor geli\u015fimi ve \u00f6zg\u00fcven kazanmas\u0131n\u0131 sa\u011flayacakt\u0131r.<\/p>\n","protected":false},"excerpt":{"rendered":"<p>Sevgili Anne ve Babalar, \u00d6\u011fretmenler ve E\u011fitimciler;Dikkat At\u00f6lyesi Yay\u0131nlar\u0131, merakl\u0131, ilgili ve \u00f6zg\u00fcveni tam \u00e7ocuklar yeti\u015ftirmede ailelere ve e\u011fitimcilere yard\u0131mc\u0131 olmay\u0131 ilke edinmi\u015ftir. &#8220;E\u011flenerek \u00f6\u011frenme&#8221; felsefemiz<span class=\"excerpt-hellip\"> [\u2026]<\/span><\/p>\n","protected":false},"featured_media":0,"template":"","meta":{"_monsterinsights_skip_tracking":false,"_monsterinsights_sitenote_active":false,"_monsterinsights_sitenote_note":"","_monsterinsights_sitenote_category":0},"product_brand":[],"product_cat":[12274,12518],"product_tag":[],"class_list":{"0":"post-715586","1":"product","2":"type-product","3":"status-publish","5":"product_cat-cocuk-ve-genclik-kitaplari","6":"product_cat-okul-oncesi-kitaplar","7":"pa_cilt-ciltsiz","8":"pa_tur-kitap","9":"pa_yayinevi-dikkat-atolyesi-yayinlari","10":"pa_yazar-canan-demir","12":"first","13":"instock","14":"sale","15":"shipping-taxable","16":"purchasable","17":"product-type-simple"},"_links":{"self":[{"href":"https:\/\/roveyayinevi.com.tr\/index.php\/wp-json\/wp\/v2\/product\/715586","targetHints":{"allow":["GET"]}}],"collection":[{"href":"https:\/\/roveyayinevi.com.tr\/index.php\/wp-json\/wp\/v2\/product"}],"about":[{"href":"https:\/\/roveyayinevi.com.tr\/index.php\/wp-json\/wp\/v2\/types\/product"}],"wp:attachment":[{"href":"https:\/\/roveyayinevi.com.tr\/index.php\/wp-json\/wp\/v2\/media?parent=715586"}],"wp:term":[{"taxonomy":"product_brand","embeddable":true,"href":"https:\/\/roveyayinevi.com.tr\/index.php\/wp-json\/wp\/v2\/product_brand?post=715586"},{"taxonomy":"product_cat","embeddable":true,"href":"https:\/\/roveyayinevi.com.tr\/index.php\/wp-json\/wp\/v2\/product_cat?post=715586"},{"taxonomy":"product_tag","embeddable":true,"href":"https:\/\/roveyayinevi.com.tr\/index.php\/wp-json\/wp\/v2\/product_tag?post=715586"}],"curies":[{"name":"wp","href":"https:\/\/api.w.org\/{rel}","templated":true}]}}