{"id":715583,"date":"2025-08-27T17:32:15","date_gmt":"2025-08-27T14:32:15","guid":{"rendered":"https:\/\/roveyayinevi.com.tr\/index.php\/urun\/kadinlarin-fisildadigi-hikayeler\/"},"modified":"2026-02-03T02:38:14","modified_gmt":"2026-02-02T23:38:14","slug":"kadinlarin-fisildadigi-hikayeler","status":"publish","type":"product","link":"https:\/\/roveyayinevi.com.tr\/index.php\/urun\/kadinlarin-fisildadigi-hikayeler\/","title":{"rendered":"Kad\u0131nlar\u0131n F\u0131s\u0131ldad\u0131\u011f\u0131 Hikayeler"},"content":{"rendered":"<p>Kar\u015f\u0131s\u0131ndaki kad\u0131n\u0131n ye\u015fil g\u00f6zlerine bakarken d\u00fc\u015f\u00fcnmeden edemedi&#8230; Y\u0131llard\u0131r tan\u0131d\u0131\u011f\u0131 bu kad\u0131n, anlat\u0131rken bile h\u00e2l\u00e2 onu heyecanland\u0131ran gizli kalm\u0131\u015f an\u0131lar\u0131n\u0131 neden di\u011ferleri gibi onunla payla\u015f\u0131yordu. Hectorist, kad\u0131nlar\u0131n bazen s\u0131rda\u015f\u0131 bazen sevgilisi ve bazen de yol arkada\u015f\u0131yd\u0131. Kad\u0131nlar onun kula\u011f\u0131na en mahrem, en ate\u015fli en g\u00fczel anlar\u0131n\u0131n hik\u00e2yelerini f\u0131s\u0131ldad\u0131lar. \u00d6yle bir an geldi ki, Hectorist t\u0131pk\u0131 Midas\u2019\u0131n kulaklar\u0131 efsanesindeki berber gibi i\u00e7ini d\u00f6kmek, bunlar\u0131 ba\u015fkalar\u0131yla payla\u015fmak istedi. B\u00f6ylece kad\u0131nlar\u0131n adlar\u0131 yerine bur\u00e7lar\u0131n\u0131 esas alarak onlar\u0131n gizemli hik\u00e2yelerini sayfalara hayk\u0131rd\u0131 ve sahiplerinin izlerini g\u00f6lgede b\u0131rakan ama okuyan\u0131n kendisinden mutlaka bir par\u00e7a bulaca\u011f\u0131 erotik hik\u00e2yeler yazd\u0131. Hik\u00e2yelerin belki de en esrarengiz yan\u0131 kad\u0131n a\u011fz\u0131yla kaleme al\u0131nm\u0131\u015f olmas\u0131yd\u0131, Hectorist erkek olsa da&#8230; Kad\u0131nlar\u0131n cinselliklerini cesurca ya\u015fad\u0131\u011f\u0131, ya\u015fad\u0131klar\u0131n\u0131 sans\u00fcrlemedi\u011fi, ba\u015fkalar\u0131n\u0131n alg\u0131lar\u0131ndan ve beklentilerinden s\u0131yr\u0131l\u0131p kendileri olduklar\u0131; sinemadan, m\u00fczikten, edebiyattan dem vuran diyaloglarla bezenmi\u015f bu hik\u00e2yeler sizi b\u00fcy\u00fcl\u00fc bir d\u00fcnyaya ta\u015f\u0131yacak. Emin olun! <\/p>\n","protected":false},"excerpt":{"rendered":"<p>Kar\u015f\u0131s\u0131ndaki kad\u0131n\u0131n ye\u015fil g\u00f6zlerine bakarken d\u00fc\u015f\u00fcnmeden edemedi&#8230; Y\u0131llard\u0131r tan\u0131d\u0131\u011f\u0131 bu kad\u0131n, anlat\u0131rken bile h\u00e2l\u00e2 onu heyecanland\u0131ran gizli kalm\u0131\u015f an\u0131lar\u0131n\u0131 neden di\u011ferleri gibi onunla payla\u015f\u0131yordu. Hectorist, kad\u0131nlar\u0131n<span class=\"excerpt-hellip\"> [\u2026]<\/span><\/p>\n","protected":false},"featured_media":0,"template":"","meta":{"_monsterinsights_skip_tracking":false,"_monsterinsights_sitenote_active":false,"_monsterinsights_sitenote_note":"","_monsterinsights_sitenote_category":0},"product_brand":[],"product_cat":[12291,12711],"product_tag":[],"class_list":{"0":"post-715583","1":"product","2":"type-product","3":"status-publish","5":"product_cat-edebiyat","6":"product_cat-roman-oyku","7":"pa_cilt-ciltsiz","8":"pa_tur-kitap","9":"pa_yayinevi-ayrikotu-yayinlari","10":"pa_yazar-hectorist","12":"first","13":"instock","14":"sale","15":"shipping-taxable","16":"purchasable","17":"product-type-simple"},"_links":{"self":[{"href":"https:\/\/roveyayinevi.com.tr\/index.php\/wp-json\/wp\/v2\/product\/715583","targetHints":{"allow":["GET"]}}],"collection":[{"href":"https:\/\/roveyayinevi.com.tr\/index.php\/wp-json\/wp\/v2\/product"}],"about":[{"href":"https:\/\/roveyayinevi.com.tr\/index.php\/wp-json\/wp\/v2\/types\/product"}],"wp:attachment":[{"href":"https:\/\/roveyayinevi.com.tr\/index.php\/wp-json\/wp\/v2\/media?parent=715583"}],"wp:term":[{"taxonomy":"product_brand","embeddable":true,"href":"https:\/\/roveyayinevi.com.tr\/index.php\/wp-json\/wp\/v2\/product_brand?post=715583"},{"taxonomy":"product_cat","embeddable":true,"href":"https:\/\/roveyayinevi.com.tr\/index.php\/wp-json\/wp\/v2\/product_cat?post=715583"},{"taxonomy":"product_tag","embeddable":true,"href":"https:\/\/roveyayinevi.com.tr\/index.php\/wp-json\/wp\/v2\/product_tag?post=715583"}],"curies":[{"name":"wp","href":"https:\/\/api.w.org\/{rel}","templated":true}]}}