{"id":715581,"date":"2025-08-27T17:32:14","date_gmt":"2025-08-27T14:32:14","guid":{"rendered":"https:\/\/roveyayinevi.com.tr\/index.php\/urun\/dans-et-benimle\/"},"modified":"2026-04-07T02:31:05","modified_gmt":"2026-04-06T23:31:05","slug":"dans-et-benimle","status":"publish","type":"product","link":"https:\/\/roveyayinevi.com.tr\/index.php\/urun\/dans-et-benimle\/","title":{"rendered":"Dans Et Benimle !"},"content":{"rendered":"<p>Y\u00fcksek topuklar\u0131n\u0131 kurallar\u0131yla in\u015fa eden, buzdan bir \u015fatonun i\u00e7inde ya\u015fayan, ketum ve de cesur bir kad\u0131n; Alin Aygen. Att\u0131\u011f\u0131 her bir ad\u0131mdaki ahengi, g\u00fczelli\u011fi ve cesareti bakan\u0131 tekrar bakma iste\u011fi ile yakarken duru\u015fundaki \u00f6z g\u00fcven ve so\u011fuklukla kendisine yakla\u015f\u0131lmas\u0131n\u0131 imk\u00e2ns\u0131z k\u0131l\u0131yordu. Tasarlad\u0131\u011f\u0131, bir kad\u0131n\u0131n y\u00fcr\u00fcyemese dahi sahip olmak i\u00e7in yan\u0131p tutu\u015faca\u011f\u0131 topuklu ayakkab\u0131larla moda d\u00fcnyas\u0131n\u0131n seyrini de\u011fi\u015ftiriyordu.  B\u00f6yle bir konumda hata yapmak gibi bir l\u00fcks\u00fc yoktu! Ama yapm\u0131\u015ft\u0131. Hayat\u0131 boyunca yapt\u0131\u011f\u0131 hi\u00e7bir hatayla y\u00fczle\u015fmekten ka\u00e7mam\u0131\u015f, ard\u0131nda b\u0131rakmay\u0131 bilmi\u015fti ta ki\u2026 <\/p>\n","protected":false},"excerpt":{"rendered":"<p>Y\u00fcksek topuklar\u0131n\u0131 kurallar\u0131yla in\u015fa eden, buzdan bir \u015fatonun i\u00e7inde ya\u015fayan, ketum ve de cesur bir kad\u0131n; Alin Aygen. Att\u0131\u011f\u0131 her bir ad\u0131mdaki ahengi, g\u00fczelli\u011fi ve cesareti<span class=\"excerpt-hellip\"> [\u2026]<\/span><\/p>\n","protected":false},"featured_media":0,"template":"","meta":{"_monsterinsights_skip_tracking":false,"_monsterinsights_sitenote_active":false,"_monsterinsights_sitenote_note":"","_monsterinsights_sitenote_category":0},"product_brand":[],"product_cat":[12291,12711],"product_tag":[],"class_list":{"0":"post-715581","1":"product","2":"type-product","3":"status-publish","5":"product_cat-edebiyat","6":"product_cat-roman-oyku","7":"pa_cilt-ciltsiz","8":"pa_tur-kitap","9":"pa_yayinevi-dokuz-yayinlari","10":"pa_yazar-kubra-turker","12":"first","13":"instock","14":"sale","15":"shipping-taxable","16":"purchasable","17":"product-type-simple"},"_links":{"self":[{"href":"https:\/\/roveyayinevi.com.tr\/index.php\/wp-json\/wp\/v2\/product\/715581","targetHints":{"allow":["GET"]}}],"collection":[{"href":"https:\/\/roveyayinevi.com.tr\/index.php\/wp-json\/wp\/v2\/product"}],"about":[{"href":"https:\/\/roveyayinevi.com.tr\/index.php\/wp-json\/wp\/v2\/types\/product"}],"wp:attachment":[{"href":"https:\/\/roveyayinevi.com.tr\/index.php\/wp-json\/wp\/v2\/media?parent=715581"}],"wp:term":[{"taxonomy":"product_brand","embeddable":true,"href":"https:\/\/roveyayinevi.com.tr\/index.php\/wp-json\/wp\/v2\/product_brand?post=715581"},{"taxonomy":"product_cat","embeddable":true,"href":"https:\/\/roveyayinevi.com.tr\/index.php\/wp-json\/wp\/v2\/product_cat?post=715581"},{"taxonomy":"product_tag","embeddable":true,"href":"https:\/\/roveyayinevi.com.tr\/index.php\/wp-json\/wp\/v2\/product_tag?post=715581"}],"curies":[{"name":"wp","href":"https:\/\/api.w.org\/{rel}","templated":true}]}}