{"id":715578,"date":"2025-08-27T17:32:12","date_gmt":"2025-08-27T14:32:12","guid":{"rendered":"https:\/\/roveyayinevi.com.tr\/index.php\/urun\/kardesler-takimi\/"},"modified":"2026-04-16T02:23:50","modified_gmt":"2026-04-15T23:23:50","slug":"kardesler-takimi","status":"publish","type":"product","link":"https:\/\/roveyayinevi.com.tr\/index.php\/urun\/kardesler-takimi\/","title":{"rendered":"Karde\u015fler Tak\u0131m\u0131"},"content":{"rendered":"<p>D-Day, Citizen Soldiers, Pegasus Bridge gibi \u0130kinci D\u00fcnya Sava\u015f\u0131 temal\u0131 eserler ile Eisenhower ve Nixon biyografileri gibi 25\u2019ten fazla tarih kitab\u0131 yazm\u0131\u015f olan \u00fcnl\u00fc Amerikal\u0131 tarih\u00e7i Stephen E. Ambrose, 1992 y\u0131l\u0131nda Amerikan 101\u2019inci Hava \u0130ndirme T\u00fcmeni, 506\u2019nc\u0131 Alay, 2\u2019nci Tabur, Easy B\u00f6l\u00fc\u011f\u00fc\u2019n\u00fcn \u0130kinci D\u00fcnya Sava\u015f\u0131\u2019ndaki hik\u00e2yesini anlatt\u0131\u011f\u0131 Band of Brothers, yani Karde\u015fler Tak\u0131m\u0131\u2019n\u0131 kaleme ald\u0131. Ambrose\u2019un b\u00f6l\u00fc\u011f\u00fcn gazileri ile bizzat yapt\u0131\u011f\u0131 r\u00f6portajlar, mektuplar ve g\u00fcnl\u00fckler \u00fczerine in\u015fa edilen bu eser, Birle\u015fik Devletler\u2019de ve terc\u00fcme edildi\u011fi di\u011fer \u00fclkelerde \u00e7ok satanlar listelerini uzun m\u00fcddet alt\u00fcst etti. \u00d6yle ki, 2001 y\u0131l\u0131nda ayn\u0131 isimle TV\u2019ye uyarlanan ve ba\u015f yap\u0131mc\u0131l\u0131\u011f\u0131n\u0131 Steven Spielberg ile Tom Hanks\u2019in \u00fcstlendi\u011fi Karde\u015fler Tak\u0131m\u0131, b\u00f6ylelikle t\u00fcm zamanlar\u0131n en \u00e7ok izlenen sava\u015f dizisinin de kayna\u011f\u0131 oldu.Alman para\u015f\u00fct\u00e7\u00fclerin, Norve\u00e7 ve Hollanda\u2019daki harek\u00e2tta Y\u0131ld\u0131r\u0131m Harbi doktrininin m\u00fchim bir unsuru olarak hava alanlar\u0131n\u0131, stratejik \u00f6nem arz eden k\u00f6pr\u00fcleri ve tahkimatlar\u0131 s\u00fcratle ele ge\u00e7irmeleri ile Girit adas\u0131n\u0131 ba\u015fka herhangi bir s\u0131n\u0131f\u0131n yard\u0131m\u0131 olmaks\u0131z\u0131n, tek ba\u015flar\u0131na i\u015fgal etmelerinin M\u00fcttefik d\u00fcnyada getirdi\u011fi ses \u00fczerine Amerikan 101\u2019inci Hava \u0130ndirme T\u00fcmeni 15 A\u011fustos 1942\u2019de faaliyete ge\u00e7irildi. T\u00fcmenin ilk komutan\u0131 olan William C. Lee, 19 A\u011fustos 1942\u2019de yay\u0131mlad\u0131\u011f\u0131 5 No\u2019lu Umumi Emir\u2019de \u015f\u00f6yle diyordu: \u201cKusursuz bir \u015fekilde tatbik edece\u011fimiz silahlar\u0131m\u0131z ve taktiklerimizin tabiat\u0131 gere\u011fi, b\u00fcy\u00fck \u00e7apl\u0131 \u00f6nem arz eden operasyonlar\u0131 icra etmeye \u00e7a\u011fr\u0131lacak ve daima ihtiyac\u0131n en acil ve en y\u00fcksek oldu\u011fu vakitte muharebeye girece\u011fiz.\u201dg\u00fczerg\u00e2hlar\u0131n\u0131 emniyete almak, cephe gerisinde karga\u015fa \u00e7\u0131karmak ve Almanlar\u0131n ikmal yollar\u0131n\u0131 keserek kuvvetlerini sahile yo\u011funla\u015ft\u0131rmalar\u0131n\u0131 engellemek gibi, \u00e7\u0131karman\u0131n salahiyeti a\u00e7\u0131s\u0131ndan kilit rol oynayan bir g\u00f6revle \u00e7\u0131karman\u0131n ilk saatlerinde Alman i\u015fgali alt\u0131ndaki Normandiya&#8217;ya para\u015f\u00fct a\u00e7t\u0131. Normandiya\u2019da, bir k\u0131sm\u0131 g\u00fcn\u00fcm\u00fczde h\u00e2l\u00e2 Amerikan asker\u00ee okullar\u0131nda ders olarak g\u00f6sterilen Br\u00e9court Manor taarruzu gibi ba\u015far\u0131lar kazanan Easy B\u00f6l\u00fc\u011f\u00fc, bunun ard\u0131ndan, tarihin o zamana kadar g\u00f6rd\u00fc\u011f\u00fc en b\u00fcy\u00fck hava indirme harek\u00e2t\u0131 olup, 17-25 Eyl\u00fcl aras\u0131nda Hollanda\u2019da icra edilen ve M\u00fcttefiklerin yenilgisiyle sonu\u00e7lanan Market-Garden Harek\u00e2t\u0131\u2019na kat\u0131ld\u0131. M\u00fcteakiben, Hitler\u2019in sava\u015ftaki son taarruzu olup, Alman kuvvetlerinin Amerikan hatlar\u0131n\u0131 yard\u0131klar\u0131 ve Amerikan askeriyesinin tarihindeki en b\u00fcy\u00fck kay\u0131plar\u0131n\u0131 verdi\u011fi Ardenler Harek\u00e2t\u0131\u2019nda, ku\u015fatma alt\u0131ndaki stratejik Bastogne kentini \u00e7etin k\u0131\u015f \u015fartlar\u0131ndaki m\u00fcdafaas\u0131yla, 101\u2019inci Hava \u0130ndirme T\u00fcmeni b\u00fcnyesinde \u015f\u00f6hret kazand\u0131. Daha sonra Almanya i\u00e7lerine girip, Dachau kompleksine ba\u011fl\u0131 toplama kamplar\u0131ndan birini \u00f6zg\u00fcrl\u00fc\u011fe kavu\u015fturmak suretiyle Nazi toplama kamplar\u0131n\u0131n deh\u015fetine tan\u0131kl\u0131k eden b\u00f6l\u00fck, ayr\u0131ca Hitler\u2019in Bavyera Alpleri\u2019ndeki \u00fcnl\u00fc ikametg\u00e2h\u0131 Kartal Yuvas\u0131\u2019na giren ilk birlik oldu.Elinizdeki kitap, \u00fclkemizde genellikle Karde\u015fler Tak\u0131m\u0131 dizisiyle tan\u0131nan Easy B\u00f6l\u00fc\u011f\u00fc\u2019n\u00fcn hik\u00e2yesini, diziye temel olan orijinal kayna\u011f\u0131ndan T\u00fcrk okuyucusuna sunuyor. Kimi zaman askerlerin kendi a\u011f\u0131zlar\u0131ndan, kimi zaman g\u00fcnl\u00fcklerden ve benzeri birincil kaynaklardan faydalan\u0131larak kaleme al\u0131nm\u0131\u015f olan bu eser, ak\u0131c\u0131 ve samimi diliyle okuyucuyu, sanki \u00e2deta askerlerin aras\u0131ndaym\u0131\u015f\u00e7as\u0131na, Normandiya\u2019dan Hitler\u2019in Kartal Yuvas\u0131\u2019na uzanan nefes kesici bir maceraya a\u00e7\u0131kar\u0131yor.<\/p>\n","protected":false},"excerpt":{"rendered":"<p>D-Day, Citizen Soldiers, Pegasus Bridge gibi \u0130kinci D\u00fcnya Sava\u015f\u0131 temal\u0131 eserler ile Eisenhower ve Nixon biyografileri gibi 25\u2019ten fazla tarih kitab\u0131 yazm\u0131\u015f olan \u00fcnl\u00fc Amerikal\u0131 tarih\u00e7i<span class=\"excerpt-hellip\"> [\u2026]<\/span><\/p>\n","protected":false},"featured_media":0,"template":"","meta":{"_monsterinsights_skip_tracking":false,"_monsterinsights_sitenote_active":false,"_monsterinsights_sitenote_note":"","_monsterinsights_sitenote_category":0},"product_brand":[],"product_cat":[12370,12304],"product_tag":[],"class_list":{"0":"post-715578","1":"product","2":"type-product","3":"status-publish","5":"product_cat-arastirma-inceleme","6":"product_cat-tarih","7":"pa_cilt-ciltsiz","8":"pa_tur-kitap","9":"pa_yayinevi-kronik-kitap","10":"pa_yazar-stephen-e-ambrose","12":"first","13":"instock","14":"sale","15":"shipping-taxable","16":"purchasable","17":"product-type-simple"},"_links":{"self":[{"href":"https:\/\/roveyayinevi.com.tr\/index.php\/wp-json\/wp\/v2\/product\/715578","targetHints":{"allow":["GET"]}}],"collection":[{"href":"https:\/\/roveyayinevi.com.tr\/index.php\/wp-json\/wp\/v2\/product"}],"about":[{"href":"https:\/\/roveyayinevi.com.tr\/index.php\/wp-json\/wp\/v2\/types\/product"}],"wp:attachment":[{"href":"https:\/\/roveyayinevi.com.tr\/index.php\/wp-json\/wp\/v2\/media?parent=715578"}],"wp:term":[{"taxonomy":"product_brand","embeddable":true,"href":"https:\/\/roveyayinevi.com.tr\/index.php\/wp-json\/wp\/v2\/product_brand?post=715578"},{"taxonomy":"product_cat","embeddable":true,"href":"https:\/\/roveyayinevi.com.tr\/index.php\/wp-json\/wp\/v2\/product_cat?post=715578"},{"taxonomy":"product_tag","embeddable":true,"href":"https:\/\/roveyayinevi.com.tr\/index.php\/wp-json\/wp\/v2\/product_tag?post=715578"}],"curies":[{"name":"wp","href":"https:\/\/api.w.org\/{rel}","templated":true}]}}