{"id":715576,"date":"2025-08-27T17:32:10","date_gmt":"2025-08-27T14:32:10","guid":{"rendered":"https:\/\/roveyayinevi.com.tr\/index.php\/urun\/garipler-sokagi\/"},"modified":"2026-04-08T02:30:52","modified_gmt":"2026-04-07T23:30:52","slug":"garipler-sokagi","status":"publish","type":"product","link":"https:\/\/roveyayinevi.com.tr\/index.php\/urun\/garipler-sokagi\/","title":{"rendered":"Garipler Soka\u011f\u0131"},"content":{"rendered":"<p>Mutlulu\u011fu bulma hevesine kap\u0131lan, eskiye dair \u00f6zlemlerini payla\u015fan, ya\u015fayamad\u0131klar\u0131n\u0131 ya\u015famay\u0131 veya en az\u0131ndan ya\u015famay\u0131 umut eden iki insan. Onlar\u0131n tek su\u00e7u ise insan olmak, sevmek ve sevilmek arzusu\u2026   T\u00fcrk edebiyat\u0131n\u0131n usta kalemi Oktay Akbal, \u0130kinci D\u00fcnya Sava\u015f\u0131 y\u0131llar\u0131nda ge\u00e7en Garipler Soka\u011f\u0131\u2019nda; yoksul ve gariban insanlar\u0131n ya\u015fad\u0131\u011f\u0131 bir semtin g\u00fcndelik hallerini, insanlar\u0131n kayg\u0131lar\u0131n\u0131 ve hayata tutunma \u00e7abalar\u0131n\u0131 buraya yerle\u015fen \u00fcniversite \u00f6\u011frencisi Salih\u2019in g\u00f6z\u00fcnden anlat\u0131yor.   Kentin \u00e7eperinde, apartmanlar\u0131n h\u0131zla talan etti\u011fi bir semtte hayat \u00e7ok hareketlidir, g\u00fcr\u00fclt\u00fc, kavga, \u015fark\u0131, t\u00fcrk\u00fc eksik olmaz. \u00c7ocuklar\u0131n sesleri, kad\u0131nlar\u0131n \u015fark\u0131lar\u0131na kar\u0131\u015f\u0131r. Semtin gen\u00e7 k\u0131zlar\u0131 buradan kurtulmak i\u00e7in t\u00fcrl\u00fc i\u015fler \u00e7evirir; delikanl\u0131lar ise d\u00fczene al\u0131\u015fm\u0131\u015f gibidir.Bir g\u00fcn ans\u0131z\u0131n haber gelir: Sokak istimlak edilecektir.   \u0130stimlak \u00f6ncesindeki son g\u00fcnlere tan\u0131k olan Salih, ait olmad\u0131\u011f\u0131n\u0131 d\u00fc\u015f\u00fcnd\u00fc\u011f\u00fc bu soka\u011f\u0131 sevmeye ba\u015flad\u0131\u011f\u0131nda art\u0131k gitme vakti de gelmi\u015ftir.   Garipler, evlerinin yerine apartman yap\u0131laca\u011f\u0131 i\u00e7in soka\u011f\u0131 bir bir terk ederken Salih de elinde valizi, h\u0131rs\u0131z gibi girdi\u011fi yerden yine bir h\u0131rs\u0131z gibi arkas\u0131na bakmadan ka\u00e7ar. <\/p>\n","protected":false},"excerpt":{"rendered":"<p>Mutlulu\u011fu bulma hevesine kap\u0131lan, eskiye dair \u00f6zlemlerini payla\u015fan, ya\u015fayamad\u0131klar\u0131n\u0131 ya\u015famay\u0131 veya en az\u0131ndan ya\u015famay\u0131 umut eden iki insan. Onlar\u0131n tek su\u00e7u ise insan olmak, sevmek ve<span class=\"excerpt-hellip\"> [\u2026]<\/span><\/p>\n","protected":false},"featured_media":0,"template":"","meta":{"_monsterinsights_skip_tracking":false,"_monsterinsights_sitenote_active":false,"_monsterinsights_sitenote_note":"","_monsterinsights_sitenote_category":0},"product_brand":[],"product_cat":[12291,12711],"product_tag":[],"class_list":{"0":"post-715576","1":"product","2":"type-product","3":"status-publish","5":"product_cat-edebiyat","6":"product_cat-roman-oyku","7":"pa_cilt-ciltsiz","8":"pa_tur-kitap","9":"pa_yayinevi-dogan-kitap","10":"pa_yazar-oktay-akbal","12":"first","13":"instock","14":"sale","15":"shipping-taxable","16":"purchasable","17":"product-type-simple"},"_links":{"self":[{"href":"https:\/\/roveyayinevi.com.tr\/index.php\/wp-json\/wp\/v2\/product\/715576","targetHints":{"allow":["GET"]}}],"collection":[{"href":"https:\/\/roveyayinevi.com.tr\/index.php\/wp-json\/wp\/v2\/product"}],"about":[{"href":"https:\/\/roveyayinevi.com.tr\/index.php\/wp-json\/wp\/v2\/types\/product"}],"wp:attachment":[{"href":"https:\/\/roveyayinevi.com.tr\/index.php\/wp-json\/wp\/v2\/media?parent=715576"}],"wp:term":[{"taxonomy":"product_brand","embeddable":true,"href":"https:\/\/roveyayinevi.com.tr\/index.php\/wp-json\/wp\/v2\/product_brand?post=715576"},{"taxonomy":"product_cat","embeddable":true,"href":"https:\/\/roveyayinevi.com.tr\/index.php\/wp-json\/wp\/v2\/product_cat?post=715576"},{"taxonomy":"product_tag","embeddable":true,"href":"https:\/\/roveyayinevi.com.tr\/index.php\/wp-json\/wp\/v2\/product_tag?post=715576"}],"curies":[{"name":"wp","href":"https:\/\/api.w.org\/{rel}","templated":true}]}}