{"id":715575,"date":"2025-08-27T17:32:10","date_gmt":"2025-08-27T14:32:10","guid":{"rendered":"https:\/\/roveyayinevi.com.tr\/index.php\/urun\/uzak-gece-ruzgari\/"},"modified":"2026-04-16T02:23:49","modified_gmt":"2026-04-15T23:23:49","slug":"uzak-gece-ruzgari","status":"publish","type":"product","link":"https:\/\/roveyayinevi.com.tr\/index.php\/urun\/uzak-gece-ruzgari\/","title":{"rendered":"Uzak Gece R\u00fczgar\u0131"},"content":{"rendered":"<p>Alman dilinin ge\u00e7ti\u011fimiz y\u00fczy\u0131ldaki en \u00f6nemli \u015fiirsel doruklar\u0131ndan biri olan Rilke, \u00fclkemizde de geni\u015f bir okur \u00e7evresinin ba\u015fucu yazarlar\u0131 aras\u0131ndad\u0131r. Uzak Gece R\u00fczg\u00e2r\u0131, uzun y\u0131llara yay\u0131lan \u015fahs\u00ee bir Rilke okumas\u0131n\u0131n biriktirdi\u011fi \u015fiirsel hat\u0131radan inceliklerle dolu bir kesiti bir araya getiriyor. \u0130nsan varolu\u015funun \u00e7ok katmanl\u0131 belirsiz anlam\u0131n\u0131 ve dokunakl\u0131 \u00e7aresizli\u011fini, her biri \u00e7a\u011f\u0131m\u0131za \u00f6zg\u00fc tragedyalar say\u0131lan Duino A\u011f\u0131tlar\u0131 ve Orpheus\u2019a Soneler yap\u0131tlar\u0131yla didik didik eden Rilke\u2019den \u201chen\u00fcz kesinlikle s\u00f6ylenmemi\u015f-olan\u201da ula\u015fma yolunda \u201ckendi derinliklerine inip kulak kabartan\u201d elli lirik \u015fiir. Stefan Zweig\u2019\u0131n, \u015fairin \u00f6l\u00fcm\u00fc ertesinde yapt\u0131\u011f\u0131, elinizdeki kitaba da ald\u0131\u011f\u0131m\u0131z an\u0131tsal Rilke\u2019ye Veda konu\u015fmas\u0131nda belirtti\u011fi gibi \u201cneredeyse imk\u00e2ns\u0131z olan\u0131n, saf \u015fairin \u2026 kristallerle sarmalanm\u0131\u015f, anlaml\u0131 ve saydam\u201d \u015fiirleri. <\/p>\n","protected":false},"excerpt":{"rendered":"<p>Alman dilinin ge\u00e7ti\u011fimiz y\u00fczy\u0131ldaki en \u00f6nemli \u015fiirsel doruklar\u0131ndan biri olan Rilke, \u00fclkemizde de geni\u015f bir okur \u00e7evresinin ba\u015fucu yazarlar\u0131 aras\u0131ndad\u0131r. Uzak Gece R\u00fczg\u00e2r\u0131, uzun y\u0131llara yay\u0131lan<span class=\"excerpt-hellip\"> [\u2026]<\/span><\/p>\n","protected":false},"featured_media":0,"template":"","meta":{"_monsterinsights_skip_tracking":false,"_monsterinsights_sitenote_active":false,"_monsterinsights_sitenote_note":"","_monsterinsights_sitenote_category":0},"product_brand":[],"product_cat":[12291,12509],"product_tag":[],"class_list":{"0":"post-715575","1":"product","2":"type-product","3":"status-publish","5":"product_cat-edebiyat","6":"product_cat-siir","7":"pa_cilt-ciltsiz","8":"pa_tur-kitap","9":"pa_yayinevi-ayrinti-yayinlari","10":"pa_yazar-rainer-maria-rilke","12":"first","13":"instock","14":"sale","15":"shipping-taxable","16":"purchasable","17":"product-type-simple"},"_links":{"self":[{"href":"https:\/\/roveyayinevi.com.tr\/index.php\/wp-json\/wp\/v2\/product\/715575","targetHints":{"allow":["GET"]}}],"collection":[{"href":"https:\/\/roveyayinevi.com.tr\/index.php\/wp-json\/wp\/v2\/product"}],"about":[{"href":"https:\/\/roveyayinevi.com.tr\/index.php\/wp-json\/wp\/v2\/types\/product"}],"wp:attachment":[{"href":"https:\/\/roveyayinevi.com.tr\/index.php\/wp-json\/wp\/v2\/media?parent=715575"}],"wp:term":[{"taxonomy":"product_brand","embeddable":true,"href":"https:\/\/roveyayinevi.com.tr\/index.php\/wp-json\/wp\/v2\/product_brand?post=715575"},{"taxonomy":"product_cat","embeddable":true,"href":"https:\/\/roveyayinevi.com.tr\/index.php\/wp-json\/wp\/v2\/product_cat?post=715575"},{"taxonomy":"product_tag","embeddable":true,"href":"https:\/\/roveyayinevi.com.tr\/index.php\/wp-json\/wp\/v2\/product_tag?post=715575"}],"curies":[{"name":"wp","href":"https:\/\/api.w.org\/{rel}","templated":true}]}}