{"id":715572,"date":"2025-08-27T17:32:08","date_gmt":"2025-08-27T14:32:08","guid":{"rendered":"https:\/\/roveyayinevi.com.tr\/index.php\/urun\/claranin-yolculugu-sezahat\/"},"modified":"2026-04-03T02:30:24","modified_gmt":"2026-04-02T23:30:24","slug":"claranin-yolculugu-sezahat","status":"publish","type":"product","link":"https:\/\/roveyayinevi.com.tr\/index.php\/urun\/claranin-yolculugu-sezahat\/","title":{"rendered":"Clara\u2019n\u0131n Yolculu\u011fu &#8211; Sezahat"},"content":{"rendered":"<p>Sezgi g\u00fcc\u00fcyle seyahat edebilen Clara\u2019yla birlikte perilerin g\u00fczel ancak bir o kadar da \u00fcrpertici d\u00fcnyas\u0131na ad\u0131m at\u0131n\u2026 Ba\u015f\u0131n\u0131za t\u00fcrl\u00fc dertler a\u00e7acak bir kuzgun, insanlar\u0131n d\u00fcnyas\u0131 ile periler d\u00fcnyas\u0131 aras\u0131nda ac\u0131mas\u0131z bir sava\u015f ve nefes kesici bir macera sizi bekliyor\u2026 <\/p>\n","protected":false},"excerpt":{"rendered":"<p>Sezgi g\u00fcc\u00fcyle seyahat edebilen Clara\u2019yla birlikte perilerin g\u00fczel ancak bir o kadar da \u00fcrpertici d\u00fcnyas\u0131na ad\u0131m at\u0131n\u2026 Ba\u015f\u0131n\u0131za t\u00fcrl\u00fc dertler a\u00e7acak bir kuzgun, insanlar\u0131n d\u00fcnyas\u0131 ile<span class=\"excerpt-hellip\"> [\u2026]<\/span><\/p>\n","protected":false},"featured_media":0,"template":"","meta":{"_monsterinsights_skip_tracking":false,"_monsterinsights_sitenote_active":false,"_monsterinsights_sitenote_note":"","_monsterinsights_sitenote_category":0},"product_brand":[],"product_cat":[12291,12711],"product_tag":[],"class_list":{"0":"post-715572","1":"product","2":"type-product","3":"status-publish","5":"product_cat-edebiyat","6":"product_cat-roman-oyku","7":"pa_cilt-ciltsiz","8":"pa_tur-kitap","9":"pa_yayinevi-bilgi-yayinevi","10":"pa_yazar-anne-fakhouri","12":"first","13":"instock","14":"sale","15":"shipping-taxable","16":"purchasable","17":"product-type-simple"},"_links":{"self":[{"href":"https:\/\/roveyayinevi.com.tr\/index.php\/wp-json\/wp\/v2\/product\/715572","targetHints":{"allow":["GET"]}}],"collection":[{"href":"https:\/\/roveyayinevi.com.tr\/index.php\/wp-json\/wp\/v2\/product"}],"about":[{"href":"https:\/\/roveyayinevi.com.tr\/index.php\/wp-json\/wp\/v2\/types\/product"}],"wp:attachment":[{"href":"https:\/\/roveyayinevi.com.tr\/index.php\/wp-json\/wp\/v2\/media?parent=715572"}],"wp:term":[{"taxonomy":"product_brand","embeddable":true,"href":"https:\/\/roveyayinevi.com.tr\/index.php\/wp-json\/wp\/v2\/product_brand?post=715572"},{"taxonomy":"product_cat","embeddable":true,"href":"https:\/\/roveyayinevi.com.tr\/index.php\/wp-json\/wp\/v2\/product_cat?post=715572"},{"taxonomy":"product_tag","embeddable":true,"href":"https:\/\/roveyayinevi.com.tr\/index.php\/wp-json\/wp\/v2\/product_tag?post=715572"}],"curies":[{"name":"wp","href":"https:\/\/api.w.org\/{rel}","templated":true}]}}