{"id":715571,"date":"2025-08-27T17:32:07","date_gmt":"2025-08-27T14:32:07","guid":{"rendered":"https:\/\/roveyayinevi.com.tr\/index.php\/urun\/bozkirin-kaganliklari\/"},"modified":"2026-04-16T02:23:46","modified_gmt":"2026-04-15T23:23:46","slug":"bozkirin-kaganliklari","status":"publish","type":"product","link":"https:\/\/roveyayinevi.com.tr\/index.php\/urun\/bozkirin-kaganliklari\/","title":{"rendered":"Bozk\u0131r\u0131n Ka\u011fanl\u0131klar\u0131"},"content":{"rendered":"<p>Hayatlar\u0131n\u0131 s\u00fcrd\u00fcrebilmek i\u00e7in tarih boyunca yer de\u011fi\u015ftirmekten asla ka\u00e7\u0131nmam\u0131\u015f olan T\u00fcrkler, bozk\u0131r ikliminin sert ko\u015fullar\u0131yla da m\u00fccadele edebilmi\u015flerdir. Ormanlar, bozk\u0131rlar ve su boylar\u0131 T\u00fcrkler i\u00e7in yurt edinilecek yerler olmu\u015ftur. Eski \u00c7in kaynaklar\u0131 ve arkeolojik verilere g\u00f6re M.\u00d6. 3 binlerden itibaren tarih sahnesine \u00e7\u0131kan T\u00fcrkler, atlar\u0131n\u0131 evcille\u015ftirerek ve demir i\u015fleyerek nesilden nesile, iklimden iklime yok olmadan varl\u0131klar\u0131n\u0131 korumay\u0131 ba\u015farm\u0131\u015flard\u0131r.Zorlu ya\u015fam \u015fartlar\u0131na ra\u011fmen T\u00fcrkler u\u00e7suz bucaks\u0131z bir co\u011frafya boyunca say\u0131s\u0131z siyasi kurulu\u015f ortaya \u00e7\u0131karm\u0131\u015f, bu kurulu\u015flar geli\u015fmi\u015f, y\u00fckselmi\u015f ve zaman\u0131 geldi\u011finde y\u0131k\u0131lm\u0131\u015ft\u0131r. Kadim T\u00fcrk tarihinin eski devirlerine dair e\u015fsiz \u00e7al\u0131\u015fmalar ortaya koymu\u015f olan Ahmet Ta\u015fa\u011f\u0131l, bu kez \u0130slam \u00f6ncesi d\u00f6nemdeki Orta Asya T\u00fcrklerinde derin izler b\u0131rakm\u0131\u015f Hunlar\u0131n, Tabga\u00e7lar\u0131n, G\u00f6k T\u00fcrklerin ve Uygurlar\u0131n ka\u011fanl\u0131klar\u0131n\u0131 anlat\u0131yor. Kurulu\u015flar\u0131ndan itibaren devlet politikalar\u0131n\u0131, ya\u015fam bi\u00e7imlerini, k\u00fclt\u00fcr faaliyetlerini ve di\u011fer siyasi yap\u0131larla olan irtibatlar\u0131n\u0131 izliyor. T\u00fcrk tarihinin en \u00f6nemli fig\u00fcrlerini de\u011ferlendiriyor, onlar\u0131n bilinmeyen taraflar\u0131n\u0131 g\u00fcn y\u00fcz\u00fcne \u00e7\u0131kar\u0131yor.Orta Asya\u2019n\u0131n do\u011fusunda Mo\u011folistan yaylalar\u0131nda ve a\u011f\u0131rl\u0131kl\u0131 olarak \u00d6t\u00fcken b\u00f6lgesinde y\u00fckselen d\u00f6rt b\u00fcy\u00fck ka\u011fanl\u0131k, bozk\u0131rlar\u0131n derinliklerinde birbirinin devam\u0131 gibi ayn\u0131 model \u00fczerinde y\u00fckselmi\u015flerdir. Hun ve G\u00f6k T\u00fcrk devlet modelleri ile uygulamalar\u0131, \u00c7in kaynaklar\u0131n\u0131n da destekledi\u011fi gibi birbirinin devam\u0131 gibidirler. Aralar\u0131ndaki farkl\u0131l\u0131klar ise hem tarih\u00e7ilerin hem de tarih severlerin ilgisini yo\u011fun bi\u00e7imde \u00e7ekmeye devam etmektedir. K\u0131sacas\u0131 bilge, sava\u015f\u00e7\u0131, korkusuz, sad\u0131k ve te\u015fkilat\u00e7\u0131 T\u00fcrklerin tarihine ilgi duyan herkes, onlar\u0131 bozk\u0131rlar\u0131n macera dolu sayfalar\u0131nda bulmaktad\u0131r.Bozk\u0131r\u0131n Ka\u011fanl\u0131klar\u0131: Hunlar, Tabga\u00e7lar, G\u00f6kt\u00fcrkler, Uygurlar, bozk\u0131r T\u00fcrklerini t\u00fcm gizemiyle merakl\u0131lar\u0131na sunuyor, sayfalar\u0131n aras\u0131ndan nal sesleri duyuluyor\u2026<\/p>\n","protected":false},"excerpt":{"rendered":"<p>Hayatlar\u0131n\u0131 s\u00fcrd\u00fcrebilmek i\u00e7in tarih boyunca yer de\u011fi\u015ftirmekten asla ka\u00e7\u0131nmam\u0131\u015f olan T\u00fcrkler, bozk\u0131r ikliminin sert ko\u015fullar\u0131yla da m\u00fccadele edebilmi\u015flerdir. Ormanlar, bozk\u0131rlar ve su boylar\u0131 T\u00fcrkler i\u00e7in yurt<span class=\"excerpt-hellip\"> [\u2026]<\/span><\/p>\n","protected":false},"featured_media":0,"template":"","meta":{"_monsterinsights_skip_tracking":false,"_monsterinsights_sitenote_active":false,"_monsterinsights_sitenote_note":"","_monsterinsights_sitenote_category":0},"product_brand":[],"product_cat":[12304,13650],"product_tag":[],"class_list":{"0":"post-715571","1":"product","2":"type-product","3":"status-publish","5":"product_cat-tarih","6":"product_cat-turk-tarihi-arastirmalari","7":"pa_cilt-ciltsiz","8":"pa_tur-kitap","9":"pa_yayinevi-kronik-kitap","10":"pa_yazar-ahmet-tasagil","12":"first","13":"instock","14":"sale","15":"shipping-taxable","16":"purchasable","17":"product-type-simple"},"_links":{"self":[{"href":"https:\/\/roveyayinevi.com.tr\/index.php\/wp-json\/wp\/v2\/product\/715571","targetHints":{"allow":["GET"]}}],"collection":[{"href":"https:\/\/roveyayinevi.com.tr\/index.php\/wp-json\/wp\/v2\/product"}],"about":[{"href":"https:\/\/roveyayinevi.com.tr\/index.php\/wp-json\/wp\/v2\/types\/product"}],"wp:attachment":[{"href":"https:\/\/roveyayinevi.com.tr\/index.php\/wp-json\/wp\/v2\/media?parent=715571"}],"wp:term":[{"taxonomy":"product_brand","embeddable":true,"href":"https:\/\/roveyayinevi.com.tr\/index.php\/wp-json\/wp\/v2\/product_brand?post=715571"},{"taxonomy":"product_cat","embeddable":true,"href":"https:\/\/roveyayinevi.com.tr\/index.php\/wp-json\/wp\/v2\/product_cat?post=715571"},{"taxonomy":"product_tag","embeddable":true,"href":"https:\/\/roveyayinevi.com.tr\/index.php\/wp-json\/wp\/v2\/product_tag?post=715571"}],"curies":[{"name":"wp","href":"https:\/\/api.w.org\/{rel}","templated":true}]}}