{"id":715568,"date":"2025-08-27T17:32:06","date_gmt":"2025-08-27T14:32:06","guid":{"rendered":"https:\/\/roveyayinevi.com.tr\/index.php\/urun\/ana-yemekte-ask-var\/"},"modified":"2026-04-16T02:23:46","modified_gmt":"2026-04-15T23:23:46","slug":"ana-yemekte-ask-var","status":"publish","type":"product","link":"https:\/\/roveyayinevi.com.tr\/index.php\/urun\/ana-yemekte-ask-var\/","title":{"rendered":"Ana Yemekte A\u015fk Var"},"content":{"rendered":"<p>Selen Sevigen hayat\u0131n\u0131n her d\u00f6neminde varolan yemek yapma tutkusunu \u201ca\u015fk\u201d olgusuyla birle\u015ftirdi\u011fi ilk kitab\u0131 Ana Yemekte A\u015fk Var\u2019\u0131, yemek ve a\u015fk\u0131n ortak felsefesini ke\u015ffetti\u011fi bir evrende birle\u015ftirmi\u015f ve okurlar\u0131n; sevenlerine, sevdiklerine, \u00f6zetle \u201ca\u015fklar\u201d\u0131na pi\u015firebilece\u011fi tarifler ve ya\u015fam tavsiyeleriyle harmanlam\u0131\u015ft\u0131r. Bu kitab\u0131 seven, yiyen ve pi\u015firen herkese arma\u011fan etmi\u015ftir. A\u015fka dair tavsiyeler ve birbirinden farkl\u0131 yemek tariflerinin yer ald\u0131\u011f\u0131 kitab\u0131n\u0131 ise hayat\u0131ndaki en b\u00fcy\u00fck a\u015fklar\u0131, k\u0131zlar\u0131 Ada ve Derin\u2019e ithaf etmi\u015ftir&#8230;\u0130li\u015fkiler de \u00f6\u011f\u00fcnler gibi ilerler diye d\u00fc\u015f\u00fcnd\u00fcm bir g\u00fcn. Giri\u015f, geli\u015fme ve sonucu vard\u0131r, ba\u015flang\u0131\u00e7, ana \u00f6\u011f\u00fcn ve tatl\u0131 gibi. Finaldeki duygular farkl\u0131 olabilir, kimi tatl\u0131n\u0131n tad\u0131 damakta kal\u0131r, kimi ise i\u00e7inizi bayabilir! Nitekim i\u015ftah, kalp ve mide \u00fc\u00e7geni, ili\u015fki ve yemek evreleri rehber oluyor insana. Kitab\u0131 yazmak i\u00e7in \u00e7\u0131k\u0131\u015f noktam bu paralellik oldu. Kad\u0131n erkek ili\u015fkilerini yazmak, bir yazar i\u00e7in her zaman keyifli ve cazip olmu\u015ftur. \u0130\u015fin i\u00e7ine yemek de girince haz\u0131rlarken i\u00e7imde tutmakta zorland\u0131\u011f\u0131m bir heyecanla yazd\u0131m bu kitab\u0131. Yemeklere koydu\u011funuz do\u011fru kar\u0131\u015f\u0131mlar gibi ili\u015fkinize g\u00f6sterdi\u011finiz \u00f6zen sizi lezzete g\u00f6t\u00fcr\u00fcr &#8230; se\u00e7mece malzemelerle se\u00e7kin bir sonu\u00e7 do\u011fal olarak gelir.  Nas\u0131l yeme\u011fi h\u0131zl\u0131 yememek gerekiyorsa, ili\u015fkileri de h\u0131zl\u0131 t\u00fcketmemek gerekir. Hem lezzetli, hem de orijinal yemek tarifi almak isteyen de, ili\u015fkisini tek \u00f6\u011f\u00fcnde harcamak yerine y\u0131llarca her \u00f6\u011f\u00fcn onu taze tutmak isteyen de, bu kitab\u0131 okuyunca eminim i\u015fe yarar bir \u015feyler bulacakt\u0131r. Ama e\u011flencesi garanti. Biraz tuz, biraz biber &#8230; biraz a\u015fk\u2026<\/p>\n","protected":false},"excerpt":{"rendered":"<p>Selen Sevigen hayat\u0131n\u0131n her d\u00f6neminde varolan yemek yapma tutkusunu \u201ca\u015fk\u201d olgusuyla birle\u015ftirdi\u011fi ilk kitab\u0131 Ana Yemekte A\u015fk Var\u2019\u0131, yemek ve a\u015fk\u0131n ortak felsefesini ke\u015ffetti\u011fi bir evrende<span class=\"excerpt-hellip\"> [\u2026]<\/span><\/p>\n","protected":false},"featured_media":0,"template":"","meta":{"_monsterinsights_skip_tracking":false,"_monsterinsights_sitenote_active":false,"_monsterinsights_sitenote_note":"","_monsterinsights_sitenote_category":0},"product_brand":[],"product_cat":[12457],"product_tag":[],"class_list":{"0":"post-715568","1":"product","2":"type-product","3":"status-publish","5":"product_cat-yemek-kitaplari","6":"pa_cilt-ciltsiz","7":"pa_tur-kitap","8":"pa_yayinevi-alfa-yayinlari","9":"pa_yazar-selen-sevigen","11":"first","12":"instock","13":"sale","14":"shipping-taxable","15":"purchasable","16":"product-type-simple"},"_links":{"self":[{"href":"https:\/\/roveyayinevi.com.tr\/index.php\/wp-json\/wp\/v2\/product\/715568","targetHints":{"allow":["GET"]}}],"collection":[{"href":"https:\/\/roveyayinevi.com.tr\/index.php\/wp-json\/wp\/v2\/product"}],"about":[{"href":"https:\/\/roveyayinevi.com.tr\/index.php\/wp-json\/wp\/v2\/types\/product"}],"wp:attachment":[{"href":"https:\/\/roveyayinevi.com.tr\/index.php\/wp-json\/wp\/v2\/media?parent=715568"}],"wp:term":[{"taxonomy":"product_brand","embeddable":true,"href":"https:\/\/roveyayinevi.com.tr\/index.php\/wp-json\/wp\/v2\/product_brand?post=715568"},{"taxonomy":"product_cat","embeddable":true,"href":"https:\/\/roveyayinevi.com.tr\/index.php\/wp-json\/wp\/v2\/product_cat?post=715568"},{"taxonomy":"product_tag","embeddable":true,"href":"https:\/\/roveyayinevi.com.tr\/index.php\/wp-json\/wp\/v2\/product_tag?post=715568"}],"curies":[{"name":"wp","href":"https:\/\/api.w.org\/{rel}","templated":true}]}}