{"id":715566,"date":"2025-08-27T17:32:04","date_gmt":"2025-08-27T14:32:04","guid":{"rendered":"https:\/\/roveyayinevi.com.tr\/index.php\/urun\/duserken\/"},"modified":"2026-04-02T02:30:12","modified_gmt":"2026-04-01T23:30:12","slug":"duserken","status":"publish","type":"product","link":"https:\/\/roveyayinevi.com.tr\/index.php\/urun\/duserken\/","title":{"rendered":"D\u00fc\u015ferken"},"content":{"rendered":"<p>Bir sabah kimselere bir \u015fey s\u00f6ylemeden, g\u00f6\u00e7 vaktini ka\u00e7\u0131rm\u0131\u015f, suskun, yorgun ve kederli bir k\u0131rlang\u0131\u00e7 gibi al\u0131p ba\u015f\u0131n\u0131 uzakla\u015ft\u0131. Biraz daha bekleseydi kanatlar\u0131nda o derman\u0131 bulamayacakt\u0131. Umut niyetine s\u0131rt\u0131nda ta\u015f\u0131d\u0131\u011f\u0131 bir \u00e7ift kanat, zaman ge\u00e7tik\u00e7e zay\u0131flayacak, gitgide \u00e7\u00fcr\u00fcyecek ve ruhunu zehirleyen bir belaya d\u00f6n\u00fc\u015fecekti.\u201d D\u00fc\u015ferken, ba\u015fka d\u00fcnyalardan bir kad\u0131nla bir erke\u011fin zamans\u0131z kar\u015f\u0131la\u015fmas\u0131n\u0131 ve giderek karma\u015f\u0131kla\u015fan yol hik\u00e2yesini anlat\u0131yor. \u201cNereye?\u201d diye d\u00fc\u015f\u00fcnmeden gitmek isteyenlerin varabilecekleri tek yer ge\u00e7mi\u015fleridir. <\/p>\n","protected":false},"excerpt":{"rendered":"<p>Bir sabah kimselere bir \u015fey s\u00f6ylemeden, g\u00f6\u00e7 vaktini ka\u00e7\u0131rm\u0131\u015f, suskun, yorgun ve kederli bir k\u0131rlang\u0131\u00e7 gibi al\u0131p ba\u015f\u0131n\u0131 uzakla\u015ft\u0131. Biraz daha bekleseydi kanatlar\u0131nda o derman\u0131 bulamayacakt\u0131.<span class=\"excerpt-hellip\"> [\u2026]<\/span><\/p>\n","protected":false},"featured_media":0,"template":"","meta":{"_monsterinsights_skip_tracking":false,"_monsterinsights_sitenote_active":false,"_monsterinsights_sitenote_note":"","_monsterinsights_sitenote_category":0},"product_brand":[],"product_cat":[12291,12711],"product_tag":[],"class_list":{"0":"post-715566","1":"product","2":"type-product","3":"status-publish","5":"product_cat-edebiyat","6":"product_cat-roman-oyku","7":"pa_cilt-ciltsiz","8":"pa_tur-kitap","9":"pa_yayinevi-profil-kitap","10":"pa_yazar-tarik-tufan","12":"first","13":"instock","14":"sale","15":"shipping-taxable","16":"purchasable","17":"product-type-simple"},"_links":{"self":[{"href":"https:\/\/roveyayinevi.com.tr\/index.php\/wp-json\/wp\/v2\/product\/715566","targetHints":{"allow":["GET"]}}],"collection":[{"href":"https:\/\/roveyayinevi.com.tr\/index.php\/wp-json\/wp\/v2\/product"}],"about":[{"href":"https:\/\/roveyayinevi.com.tr\/index.php\/wp-json\/wp\/v2\/types\/product"}],"wp:attachment":[{"href":"https:\/\/roveyayinevi.com.tr\/index.php\/wp-json\/wp\/v2\/media?parent=715566"}],"wp:term":[{"taxonomy":"product_brand","embeddable":true,"href":"https:\/\/roveyayinevi.com.tr\/index.php\/wp-json\/wp\/v2\/product_brand?post=715566"},{"taxonomy":"product_cat","embeddable":true,"href":"https:\/\/roveyayinevi.com.tr\/index.php\/wp-json\/wp\/v2\/product_cat?post=715566"},{"taxonomy":"product_tag","embeddable":true,"href":"https:\/\/roveyayinevi.com.tr\/index.php\/wp-json\/wp\/v2\/product_tag?post=715566"}],"curies":[{"name":"wp","href":"https:\/\/api.w.org\/{rel}","templated":true}]}}