{"id":715562,"date":"2025-08-27T17:32:02","date_gmt":"2025-08-27T14:32:02","guid":{"rendered":"https:\/\/roveyayinevi.com.tr\/index.php\/urun\/fenerkoyde-firtina\/"},"modified":"2026-04-16T02:23:46","modified_gmt":"2026-04-15T23:23:46","slug":"fenerkoyde-firtina","status":"publish","type":"product","link":"https:\/\/roveyayinevi.com.tr\/index.php\/urun\/fenerkoyde-firtina\/","title":{"rendered":"Fenerk\u00f6y&#8217;de F\u0131rt\u0131na"},"content":{"rendered":"<p>Fenerk\u00f6y hayallerin sahil kasabas\u0131.. Orman\u0131n\u0131n, denizinin, \u00e7i\u00e7eklerinin renkleri g\u00f6kku\u015fa\u011f\u0131 ile yar\u0131\u015f\u0131yor. Evlerinin duvarlar\u0131nda resimler, parklar\u0131nda heykeller, bostanlar\u0131nda sebzeler, bah\u00e7elerinde meyveler, sular\u0131nda bal\u0131klar eksik de\u011fil.. Mutlulu\u011fa ve sonsuz hayallere yelken a\u00e7mak isteyen t\u00fcm \u00e7ocuklar, Fenerk\u00f6y \u00d6yk\u00fcleri sizi bamba\u015fka diyarlara g\u00f6t\u00fcrecek.<\/p>\n","protected":false},"excerpt":{"rendered":"<p>Fenerk\u00f6y hayallerin sahil kasabas\u0131.. Orman\u0131n\u0131n, denizinin, \u00e7i\u00e7eklerinin renkleri g\u00f6kku\u015fa\u011f\u0131 ile yar\u0131\u015f\u0131yor. Evlerinin duvarlar\u0131nda resimler, parklar\u0131nda heykeller, bostanlar\u0131nda sebzeler, bah\u00e7elerinde meyveler, sular\u0131nda bal\u0131klar eksik de\u011fil.. Mutlulu\u011fa ve<span class=\"excerpt-hellip\"> [\u2026]<\/span><\/p>\n","protected":false},"featured_media":0,"template":"","meta":{"_monsterinsights_skip_tracking":false,"_monsterinsights_sitenote_active":false,"_monsterinsights_sitenote_note":"","_monsterinsights_sitenote_category":0},"product_brand":[],"product_cat":[12274,12284],"product_tag":[],"class_list":{"0":"post-715562","1":"product","2":"type-product","3":"status-publish","5":"product_cat-cocuk-ve-genclik-kitaplari","6":"product_cat-hikayeler","7":"pa_cilt-ciltsiz","8":"pa_tur-kitap","9":"pa_yayinevi-altin-kitaplar-cocuk-kitaplari","10":"pa_yazar-ayse-gulay-hakyemez","12":"first","13":"instock","14":"sale","15":"shipping-taxable","16":"purchasable","17":"product-type-simple"},"_links":{"self":[{"href":"https:\/\/roveyayinevi.com.tr\/index.php\/wp-json\/wp\/v2\/product\/715562","targetHints":{"allow":["GET"]}}],"collection":[{"href":"https:\/\/roveyayinevi.com.tr\/index.php\/wp-json\/wp\/v2\/product"}],"about":[{"href":"https:\/\/roveyayinevi.com.tr\/index.php\/wp-json\/wp\/v2\/types\/product"}],"wp:attachment":[{"href":"https:\/\/roveyayinevi.com.tr\/index.php\/wp-json\/wp\/v2\/media?parent=715562"}],"wp:term":[{"taxonomy":"product_brand","embeddable":true,"href":"https:\/\/roveyayinevi.com.tr\/index.php\/wp-json\/wp\/v2\/product_brand?post=715562"},{"taxonomy":"product_cat","embeddable":true,"href":"https:\/\/roveyayinevi.com.tr\/index.php\/wp-json\/wp\/v2\/product_cat?post=715562"},{"taxonomy":"product_tag","embeddable":true,"href":"https:\/\/roveyayinevi.com.tr\/index.php\/wp-json\/wp\/v2\/product_tag?post=715562"}],"curies":[{"name":"wp","href":"https:\/\/api.w.org\/{rel}","templated":true}]}}