{"id":715560,"date":"2025-08-27T17:32:00","date_gmt":"2025-08-27T14:32:00","guid":{"rendered":"https:\/\/roveyayinevi.com.tr\/index.php\/urun\/cocuklar-kaybolmasin\/"},"modified":"2026-04-16T02:23:46","modified_gmt":"2026-04-15T23:23:46","slug":"cocuklar-kaybolmasin","status":"publish","type":"product","link":"https:\/\/roveyayinevi.com.tr\/index.php\/urun\/cocuklar-kaybolmasin\/","title":{"rendered":"\u00c7ocuklar Kaybolmas\u0131n"},"content":{"rendered":"<p>T\u00fcrkiye kaybolan \u00e7ocuk haberleriyle sars\u0131l\u0131yor. \u00c7ocuklar\u0131m\u0131z\u0131n g\u00fcvenli\u011fi i\u00e7in neler yapmal\u0131y\u0131z? T\u00fcrkiye \u0130statistik Kurumu verilerine g\u00f6re her g\u00fcn 32 \u00e7ocuk kayboluyor. Kay\u0131p \u00e7ocuk vakalar\u0131 8 y\u0131lda 100 bini a\u015ft\u0131&#8230; \u00c7ocu\u011funuzu kime emanet edebilirsiniz? \u201cG\u00fcvenilir yabanc\u0131\u201d kavram\u0131 nedir? \u00c7ocuk istismar\u0131na kar\u015f\u0131 \u00e7ocuklar\u0131 nas\u0131l bilin\u00e7lendirmeli? Ebeveyne d\u00fc\u015fen g\u00f6revler neler? Hangi \u00fclke, nas\u0131l \u00f6nlem al\u0131yor? Hem aile i\u00e7inde hem de ilk sosyal ili\u015fkilerinde tehdit alt\u0131nda olan \u00e7ocuklar i\u00e7in, gelece\u011fimiz i\u00e7in yapman\u0131z gerekenler bu kitapta. <\/p>\n","protected":false},"excerpt":{"rendered":"<p>T\u00fcrkiye kaybolan \u00e7ocuk haberleriyle sars\u0131l\u0131yor. \u00c7ocuklar\u0131m\u0131z\u0131n g\u00fcvenli\u011fi i\u00e7in neler yapmal\u0131y\u0131z? T\u00fcrkiye \u0130statistik Kurumu verilerine g\u00f6re her g\u00fcn 32 \u00e7ocuk kayboluyor. Kay\u0131p \u00e7ocuk vakalar\u0131 8 y\u0131lda 100<span class=\"excerpt-hellip\"> [\u2026]<\/span><\/p>\n","protected":false},"featured_media":0,"template":"","meta":{"_monsterinsights_skip_tracking":false,"_monsterinsights_sitenote_active":false,"_monsterinsights_sitenote_note":"","_monsterinsights_sitenote_category":0},"product_brand":[],"product_cat":[12831,12324],"product_tag":[],"class_list":{"0":"post-715560","1":"product","2":"type-product","3":"status-publish","5":"product_cat-aile-ve-cocuk","6":"product_cat-sosyoloji","7":"pa_cilt-ciltsiz","8":"pa_tur-kitap","9":"pa_yayinevi-kara-karga-yayinlari","10":"pa_yazar-berna-semerci","12":"first","13":"instock","14":"sale","15":"shipping-taxable","16":"purchasable","17":"product-type-simple"},"_links":{"self":[{"href":"https:\/\/roveyayinevi.com.tr\/index.php\/wp-json\/wp\/v2\/product\/715560","targetHints":{"allow":["GET"]}}],"collection":[{"href":"https:\/\/roveyayinevi.com.tr\/index.php\/wp-json\/wp\/v2\/product"}],"about":[{"href":"https:\/\/roveyayinevi.com.tr\/index.php\/wp-json\/wp\/v2\/types\/product"}],"wp:attachment":[{"href":"https:\/\/roveyayinevi.com.tr\/index.php\/wp-json\/wp\/v2\/media?parent=715560"}],"wp:term":[{"taxonomy":"product_brand","embeddable":true,"href":"https:\/\/roveyayinevi.com.tr\/index.php\/wp-json\/wp\/v2\/product_brand?post=715560"},{"taxonomy":"product_cat","embeddable":true,"href":"https:\/\/roveyayinevi.com.tr\/index.php\/wp-json\/wp\/v2\/product_cat?post=715560"},{"taxonomy":"product_tag","embeddable":true,"href":"https:\/\/roveyayinevi.com.tr\/index.php\/wp-json\/wp\/v2\/product_tag?post=715560"}],"curies":[{"name":"wp","href":"https:\/\/api.w.org\/{rel}","templated":true}]}}