{"id":715554,"date":"2025-08-27T17:31:57","date_gmt":"2025-08-27T14:31:57","guid":{"rendered":"https:\/\/roveyayinevi.com.tr\/index.php\/urun\/itfaiyeci\/"},"modified":"2026-04-16T02:23:46","modified_gmt":"2026-04-15T23:23:46","slug":"itfaiyeci","status":"publish","type":"product","link":"https:\/\/roveyayinevi.com.tr\/index.php\/urun\/itfaiyeci\/","title":{"rendered":"\u0130tfaiyeci"},"content":{"rendered":"<p>Locus En \u0130yi Korku Roman\u0131 \u00d6d\u00fcl\u00fc Goodreads Y\u0131l\u0131n En \u0130yi Korku Roman\u0131 \u00d6d\u00fcl\u00fc \u201c\u00d6zg\u00fcn, \u00e7arp\u0131c\u0131 ve soluk solu\u011fa bir roman.\u201d \u2014George R. R. Martin \u201cJoe Hill\u2019in en iyi eseri. Yer yer Mah\u015fer\u2019e selam vermekten \u00e7ekinmeyen, \u00e7ok y\u00f6nl\u00fc ve muhte\u015fem bir kitap.\u201d \u2014Joanne Harris 2000\u2019li y\u0131llarda pek \u00e7ok yazar korku t\u00fcr\u00fcnde eserler verip s\u0131rad\u0131\u015f\u0131 i\u015fler ortaya koydu ancak bu zaman aral\u0131\u011f\u0131nda Joe Hill kadar istikrarl\u0131 ve her yap\u0131t\u0131 modern bir korku klasi\u011fi olan ba\u015fka bir yazar ortaya \u00e7\u0131kmad\u0131. \u0130tfaiyeci de hem distopyayla temas\u0131 hem sosyal medya \u00e7a\u011f\u0131n\u0131 yans\u0131tmas\u0131 hem de \u00f6zg\u00fcnl\u00fc\u011f\u00fc ile yaln\u0131zca g\u00fcn\u00fcm\u00fcz\u00fcn de\u011fil, Hill\u2019in de en iyi yap\u0131tlar\u0131ndan. Kimse nereden geldi\u011fini bilmese de bir salg\u0131n \u015fehirleri yava\u015f yava\u015f ele ge\u00e7iriyordu: Ejderpulu. Hastal\u0131\u011f\u0131n tedavisi m\u00fcmk\u00fcn olmayan sporlar\u0131, ele ge\u00e7irdi\u011fi v\u00fccutlar\u0131 aniden havaya u\u00e7uruyordu. Milyonlarca insan bu hastal\u0131ktan mustaripti art\u0131k. Her k\u00f6\u015fe ba\u015f\u0131 alev alevdi. Medeniyetin sonunu ate\u015f, k\u00fcl ve duman getiriyordu. Yeni hamile kalm\u0131\u015f hem\u015fire Harper Grayson da bu hastal\u0131\u011fa yakalanm\u0131\u015ft\u0131 ve alevlere kar\u0131\u015fmas\u0131 an meselesiydi. Ama belki bebe\u011fini kurtarabilirdi\u2026 tabii o kadar uzun ya\u015fayabilirse. \u0130\u015fte b\u00f6yle bir zamanda \u0130tfaiyeci denen bir adam\u0131n hik\u00e2yelerini duymaya ba\u015flad\u0131. Ejderpulunu ta\u015f\u0131yan ama onunla ya\u015famay\u0131 \u00f6\u011frenmi\u015f hatta hastal\u0131\u011f\u0131n sebep oldu\u011fu alevleri kontrol edip bu g\u00fcc\u00fcn\u00fc insanlar\u0131 kurtarmak i\u00e7in kullanan bir deliydi o. T\u00fcm d\u00fcnya alevler taraf\u0131ndan yutulmadan \u00f6nce \u0130tfaiyeci\u2019yi bulmak, s\u0131rlar\u0131n\u0131 \u00f6\u011frenmek i\u00e7in Harper\u2019\u0131n g\u00f6z\u00fcn\u00fc karartmaktan ba\u015fka \u00e7aresi yoktu art\u0131k. \u0130tfaiyeci seni kurtarmaya geliyor. Sakinli\u011fini yitirme. <\/p>\n","protected":false},"excerpt":{"rendered":"<p>Locus En \u0130yi Korku Roman\u0131 \u00d6d\u00fcl\u00fc Goodreads Y\u0131l\u0131n En \u0130yi Korku Roman\u0131 \u00d6d\u00fcl\u00fc \u201c\u00d6zg\u00fcn, \u00e7arp\u0131c\u0131 ve soluk solu\u011fa bir roman.\u201d \u2014George R. R. Martin \u201cJoe Hill\u2019in<span class=\"excerpt-hellip\"> [\u2026]<\/span><\/p>\n","protected":false},"featured_media":0,"template":"","meta":{"_monsterinsights_skip_tracking":false,"_monsterinsights_sitenote_active":false,"_monsterinsights_sitenote_note":"","_monsterinsights_sitenote_category":0},"product_brand":[],"product_cat":[12291,17033],"product_tag":[],"class_list":{"0":"post-715554","1":"product","2":"type-product","3":"status-publish","5":"product_cat-edebiyat","6":"product_cat-korku-gerilim","7":"pa_cilt-ciltsiz","8":"pa_tur-kitap","9":"pa_yayinevi-ithaki-yayinlari","10":"pa_yazar-joe-hill","12":"first","13":"instock","14":"sale","15":"shipping-taxable","16":"purchasable","17":"product-type-simple"},"_links":{"self":[{"href":"https:\/\/roveyayinevi.com.tr\/index.php\/wp-json\/wp\/v2\/product\/715554","targetHints":{"allow":["GET"]}}],"collection":[{"href":"https:\/\/roveyayinevi.com.tr\/index.php\/wp-json\/wp\/v2\/product"}],"about":[{"href":"https:\/\/roveyayinevi.com.tr\/index.php\/wp-json\/wp\/v2\/types\/product"}],"wp:attachment":[{"href":"https:\/\/roveyayinevi.com.tr\/index.php\/wp-json\/wp\/v2\/media?parent=715554"}],"wp:term":[{"taxonomy":"product_brand","embeddable":true,"href":"https:\/\/roveyayinevi.com.tr\/index.php\/wp-json\/wp\/v2\/product_brand?post=715554"},{"taxonomy":"product_cat","embeddable":true,"href":"https:\/\/roveyayinevi.com.tr\/index.php\/wp-json\/wp\/v2\/product_cat?post=715554"},{"taxonomy":"product_tag","embeddable":true,"href":"https:\/\/roveyayinevi.com.tr\/index.php\/wp-json\/wp\/v2\/product_tag?post=715554"}],"curies":[{"name":"wp","href":"https:\/\/api.w.org\/{rel}","templated":true}]}}