{"id":715551,"date":"2025-08-27T17:31:55","date_gmt":"2025-08-27T14:31:55","guid":{"rendered":"https:\/\/roveyayinevi.com.tr\/index.php\/urun\/sherlock-holmes-baskerville-laneti\/"},"modified":"2026-04-16T02:23:46","modified_gmt":"2026-04-15T23:23:46","slug":"sherlock-holmes-baskerville-laneti","status":"publish","type":"product","link":"https:\/\/roveyayinevi.com.tr\/index.php\/urun\/sherlock-holmes-baskerville-laneti\/","title":{"rendered":"Sherlock Holmes &#8211; Baskerville Laneti"},"content":{"rendered":"<p>\u201cB\u00fct\u00fcn bunlar\u0131n anlam\u0131 ne dir, Holmes?\u201d \u201cCinayet bu, Watson\u2026\u201d A\u015f\u0131nm\u0131\u015f bir bas ton, g\u00f6zden ka\u00e7m\u0131\u015f bir aile portresi, firari bir katil ve bir hayalet kopek \u00fczerine kurulu eski bir lanet\u2026 Sherlock Holmes\u2019un kar\u015f\u0131s\u0131na \u00e7\u0131km\u0131\u015f en me\u015fhur, en karma\u015f\u0131k dava.Her bir yetene\u011fini sergilemek ve sad\u0131k dostu Dr. Watson\u2019\u0131n ko\u015fulsuz deste\u011fini almak zorunda. \u0130ngiltere\u2019nin \u00e7izgi roman d\u00fcnyas\u0131ndaki \u00f6nemli temsilcilerinden IanEdginton ve I.N.J. Culbard taraf\u0131ndan uyarlanan bu d\u00f6rt Arthur ConanDoyle klasi\u011finden \u00fc\u00e7\u00fcnc\u00fcs\u00fc Baskerville Laneti\u2019ni Kutlukhan Kutlu \u00e7evirisiyle be\u011feninize sunmaktan mutluluk duyuyoruz. <\/p>\n","protected":false},"excerpt":{"rendered":"<p>\u201cB\u00fct\u00fcn bunlar\u0131n anlam\u0131 ne dir, Holmes?\u201d \u201cCinayet bu, Watson\u2026\u201d A\u015f\u0131nm\u0131\u015f bir bas ton, g\u00f6zden ka\u00e7m\u0131\u015f bir aile portresi, firari bir katil ve bir hayalet kopek \u00fczerine<span class=\"excerpt-hellip\"> [\u2026]<\/span><\/p>\n","protected":false},"featured_media":0,"template":"","meta":{"_monsterinsights_skip_tracking":false,"_monsterinsights_sitenote_active":false,"_monsterinsights_sitenote_note":"","_monsterinsights_sitenote_category":0},"product_brand":[],"product_cat":[12416,12291],"product_tag":[],"class_list":{"0":"post-715551","1":"product","2":"type-product","3":"status-publish","5":"product_cat-cizgi-roman","6":"product_cat-edebiyat","7":"pa_cilt-ciltsiz","8":"pa_tur-kitap","9":"pa_yayinevi-domingo-yayinevi","10":"pa_yazar-kolektif","12":"first","13":"instock","14":"sale","15":"shipping-taxable","16":"purchasable","17":"product-type-simple"},"_links":{"self":[{"href":"https:\/\/roveyayinevi.com.tr\/index.php\/wp-json\/wp\/v2\/product\/715551","targetHints":{"allow":["GET"]}}],"collection":[{"href":"https:\/\/roveyayinevi.com.tr\/index.php\/wp-json\/wp\/v2\/product"}],"about":[{"href":"https:\/\/roveyayinevi.com.tr\/index.php\/wp-json\/wp\/v2\/types\/product"}],"wp:attachment":[{"href":"https:\/\/roveyayinevi.com.tr\/index.php\/wp-json\/wp\/v2\/media?parent=715551"}],"wp:term":[{"taxonomy":"product_brand","embeddable":true,"href":"https:\/\/roveyayinevi.com.tr\/index.php\/wp-json\/wp\/v2\/product_brand?post=715551"},{"taxonomy":"product_cat","embeddable":true,"href":"https:\/\/roveyayinevi.com.tr\/index.php\/wp-json\/wp\/v2\/product_cat?post=715551"},{"taxonomy":"product_tag","embeddable":true,"href":"https:\/\/roveyayinevi.com.tr\/index.php\/wp-json\/wp\/v2\/product_tag?post=715551"}],"curies":[{"name":"wp","href":"https:\/\/api.w.org\/{rel}","templated":true}]}}