{"id":715548,"date":"2025-08-27T17:31:53","date_gmt":"2025-08-27T14:31:53","guid":{"rendered":"https:\/\/roveyayinevi.com.tr\/index.php\/urun\/cingoz-bobi-pastaci\/"},"modified":"2026-04-16T02:23:46","modified_gmt":"2026-04-15T23:23:46","slug":"cingoz-bobi-pastaci","status":"publish","type":"product","link":"https:\/\/roveyayinevi.com.tr\/index.php\/urun\/cingoz-bobi-pastaci\/","title":{"rendered":"Cing\u00f6z Bobi Pastac\u0131"},"content":{"rendered":"<p>Cing\u00f6z Bobi oyun oynamay\u0131 \u00e7ok seviyor ve senin de oyuna kat\u0131lman\u0131 istiyor. Bu defaki oyununda pasta yap\u0131m\u0131n\u0131n s\u0131rlar\u0131n\u0131 ke\u015ffediyor!Cing\u00f6z Bobi, Su Samuru Komik K\u00f6fte\u2019nin do\u011fum g\u00fcn\u00fc i\u00e7in nefis bir pasta haz\u0131rl\u0131yor. Acaba do\u011fum g\u00fcn\u00fc partisine kadar pastay\u0131 yemeden durabilecek mi?<\/p>\n","protected":false},"excerpt":{"rendered":"<p>Cing\u00f6z Bobi oyun oynamay\u0131 \u00e7ok seviyor ve senin de oyuna kat\u0131lman\u0131 istiyor. Bu defaki oyununda pasta yap\u0131m\u0131n\u0131n s\u0131rlar\u0131n\u0131 ke\u015ffediyor!Cing\u00f6z Bobi, Su Samuru Komik K\u00f6fte\u2019nin do\u011fum g\u00fcn\u00fc<span class=\"excerpt-hellip\"> [\u2026]<\/span><\/p>\n","protected":false},"featured_media":0,"template":"","meta":{"_monsterinsights_skip_tracking":false,"_monsterinsights_sitenote_active":false,"_monsterinsights_sitenote_note":"","_monsterinsights_sitenote_category":0},"product_brand":[],"product_cat":[12274,12284],"product_tag":[],"class_list":{"0":"post-715548","1":"product","2":"type-product","3":"status-publish","5":"product_cat-cocuk-ve-genclik-kitaplari","6":"product_cat-hikayeler","7":"pa_cilt-ciltsiz","8":"pa_tur-kitap","9":"pa_yayinevi-is-bankasi-kultur-yayinlari","10":"pa_yazar-guy-parker-rees","12":"first","13":"instock","14":"sale","15":"shipping-taxable","16":"purchasable","17":"product-type-simple"},"_links":{"self":[{"href":"https:\/\/roveyayinevi.com.tr\/index.php\/wp-json\/wp\/v2\/product\/715548","targetHints":{"allow":["GET"]}}],"collection":[{"href":"https:\/\/roveyayinevi.com.tr\/index.php\/wp-json\/wp\/v2\/product"}],"about":[{"href":"https:\/\/roveyayinevi.com.tr\/index.php\/wp-json\/wp\/v2\/types\/product"}],"wp:attachment":[{"href":"https:\/\/roveyayinevi.com.tr\/index.php\/wp-json\/wp\/v2\/media?parent=715548"}],"wp:term":[{"taxonomy":"product_brand","embeddable":true,"href":"https:\/\/roveyayinevi.com.tr\/index.php\/wp-json\/wp\/v2\/product_brand?post=715548"},{"taxonomy":"product_cat","embeddable":true,"href":"https:\/\/roveyayinevi.com.tr\/index.php\/wp-json\/wp\/v2\/product_cat?post=715548"},{"taxonomy":"product_tag","embeddable":true,"href":"https:\/\/roveyayinevi.com.tr\/index.php\/wp-json\/wp\/v2\/product_tag?post=715548"}],"curies":[{"name":"wp","href":"https:\/\/api.w.org\/{rel}","templated":true}]}}